{"id":201,"date":"2023-10-01T11:21:00","date_gmt":"2023-10-01T09:21:00","guid":{"rendered":"http:\/\/www.fcpe78.fr\/cl\/sartrouville\/import-test-35\/"},"modified":"2025-09-29T18:32:55","modified_gmt":"2025-09-29T16:32:55","slug":"darius","status":"publish","type":"page","link":"https:\/\/www.fcpe78.fr\/cl\/sartrouville\/etablissements\/secondaire\/colleges\/darius\/","title":{"rendered":"Coll\u00e8ge Darius Milhaud"},"content":{"rendered":"\n<p>3 rue Paul Deroul\u00e8de &#8211; 78500 SARTROUVILLE<br>T\u00e9l : 01.39.13.41.75<br>M\u00e9l : ce.0780579F@ac-versailles.fr<\/p>\n\n\n\n<figure class=\"wp-block-image\"><img decoding=\"async\" loading=\"lazy\" width=\"600\" height=\"241\" src=\"https:\/\/i0.wp.com\/www.fcpe78.fr\/cl\/sartrouville\/files\/2020\/10\/darius-e1602106769986.jpg?resize=600%2C241&#038;ssl=1\" alt=\"\" class=\"wp-image-1928\" data-recalc-dims=\"1\" \/><\/figure>\n\n\n<h4><a href=\"https:\/\/www.facebook.com\/darius.milhaud.sartrouville\/\" target=\"_blank\" rel=\"noopener\">FaceBook du coll\u00e8ge Darius Milhaud<\/a><\/h4>\n<h3>L\u2019\u00e9dito de rentr\u00e9e au coll\u00e8ge Darius Milhaud<\/h3>\n<p><img decoding=\"async\" loading=\"lazy\" class=\"wp-image-1691 alignleft\" src=\"https:\/\/i0.wp.com\/www.fcpe78.fr\/cl\/sartrouville\/files\/2020\/09\/78fcpe-Sartrouville-Col-Darius-Milhaud.gif?resize=156%2C154&#038;ssl=1\" alt=\"\" width=\"156\" height=\"154\" data-recalc-dims=\"1\" \/><strong>Notre engagement, une communication efficace \u00e0 tous les niveaux et garder l&rsquo;\u00e9coute bienveillante.<\/strong><\/p>\n<p>Nous, repr\u00e9sentants des parents FCPE, nous sommes engag\u00e9s et oeuvrons pour les meilleurs outils et des bonnes pratiques soient connues de tous.<\/p>\n<h4><strong>Notre profession de foi, nos intentions <\/strong><\/h4>\n<h4><strong><a href=\"https:\/\/drive.google.com\/open?id=1-s0HWyBdgpR49gQQRu6gIcyoXEMGX_N_&amp;usp=drive_fs\">FCPE Darius Milhaud profession de foi des repr\u00e9sentants des parents d&rsquo;\u00e9l\u00e8ves<\/a><\/strong><\/h4>\n<p><strong>L\u2019\u00e9quipe des repr\u00e9sentants des parents FCPE de Darius Milhaud<\/strong><\/p>\n<ul>\n<li><strong><a href=\"http:\/\/www.clg-milhaud-sartrouville.ac-versailles.fr\/\" target=\"_blank\" rel=\"noopener noreferrer\">Les informations g\u00e9n\u00e9rales sur le site du coll\u00e8ge<\/a><\/strong><\/li>\n<li><strong><a href=\"http:\/\/www.clg-milhaud-sartrouville.ac-versailles.fr\/spip.php?rubrique162\" target=\"_blank\" rel=\"noopener noreferrer\">L&rsquo;actualit\u00e9 du coll\u00e8ge<\/a><\/strong><\/li>\n<li><strong><a href=\"http:\/\/www.clg-milhaud-sartrouville.ac-versailles.fr\/spip.php?rubrique227\" target=\"_blank\" rel=\"noopener noreferrer\">Les actions du Comit\u00e9 d\u2019\u00e9ducation \u00e0 la sant\u00e9 et la citoyennet\u00e9<\/a><\/strong><\/li>\n<li><strong><a href=\"http:\/\/www.clg-milhaud-sartrouville.ac-versailles.fr\/spip.php?rubrique82\" target=\"_blank\" rel=\"noopener\">Les associations des repr\u00e9sentants des parents<\/a><\/strong><\/li>\n<\/ul>\n\n\n<h5><strong><a href=\"https:\/\/www.fcpe78.fr\/cl\/sartrouville\/1042-2\/contact_fcpe_sartrouville\/\" target=\"_blank\" rel=\"noopener noreferrer\"><img decoding=\"async\" loading=\"lazy\" class=\"alignleft size-full wp-image-1945\" src=\"https:\/\/i0.wp.com\/www.fcpe78.fr\/cl\/sartrouville\/files\/2020\/10\/Questions-r\u00e9ponses-e1602616387304.jpg?resize=100%2C95&#038;ssl=1\" alt=\"\" width=\"100\" height=\"95\" data-recalc-dims=\"1\" \/>Vous avez une question, une information \u00e0 nous communiquer, c&rsquo;est ici<\/a><\/strong> ou bien : colleges.sartrouville@fcpe78.fr<\/h5>\n\n\n\n<h5><strong>L&rsquo;\u00e9quipe des repr\u00e9sentants* des parents FCPE<\/strong><\/h5>\n\n\n\n<p><strong>Les articles en lien avec le coll\u00e8ge<\/strong><\/p>\n\n\n\n<p class=\"has-text-align-left\"><ul class=\"lcp_catlist\" id=\"lcp_instance_0\"><li><a href=\"https:\/\/www.fcpe78.fr\/cl\/sartrouville\/2025\/09\/les-elections-des-representants-des-parents-pourquoi-comment\/\">Les \u00e9lections des repr\u00e9sentants des parents, pourquoi choisir la FCPE, comment ?<\/a><\/li><li><a href=\"https:\/\/www.fcpe78.fr\/cl\/sartrouville\/2025\/09\/la-rentree-en-6eme-au-college\/\">La rentr\u00e9e en 6eme au coll\u00e8ge<\/a><\/li><li><a href=\"https:\/\/www.fcpe78.fr\/cl\/sartrouville\/2025\/07\/coin-des-parents-la-place-des-parents-dans-la-scolarite\/\">Sartrouville Infos Jeunes, accompagner leur autonomie<\/a><\/li><li><a href=\"https:\/\/www.fcpe78.fr\/cl\/sartrouville\/2025\/07\/periode-estivale-pause-lecture-pour-les-collegiens\/\">P\u00e9riode estivale, pause lecture pour les coll\u00e9giens<\/a><\/li><li><a href=\"https:\/\/www.fcpe78.fr\/cl\/sartrouville\/2025\/03\/journee-porte-ouverte-au-college-2\/\">Journ\u00e9e portes ouvertes au coll\u00e8ge Darius Milhaud<\/a><\/li><li><a href=\"https:\/\/www.fcpe78.fr\/cl\/sartrouville\/2024\/09\/etre-representant-des-parents-au-college-en-quoi-cela-consiste\/\">Etre repr\u00e9sentant des parents, en quoi cela consiste ?<\/a><\/li><li><a href=\"https:\/\/www.fcpe78.fr\/cl\/sartrouville\/2022\/09\/la-rentree-au-college-darius-milhaud\/\">La rentr\u00e9e au Coll\u00e8ge Darius Milhaud<\/a><\/li><li><a href=\"https:\/\/www.fcpe78.fr\/cl\/sartrouville\/2022\/04\/journee-porte-ouverte-au-college\/\">Journ\u00e9e porte ouverte au coll\u00e8ge<\/a><\/li><li><a href=\"https:\/\/www.fcpe78.fr\/cl\/sartrouville\/2022\/01\/sartrouville-information-sur-la-sectorisation-ecoles-et-colleges\/\">Sartrouville Information sur la sectorisation \u00e9coles et coll\u00e8ges<\/a><\/li><li><a href=\"https:\/\/www.fcpe78.fr\/cl\/sartrouville\/2020\/09\/eco-delegue\/\">Es-tu Eco ? Eco-d\u00e9l\u00e9gu\u00e9 au sein du coll\u00e8ge<\/a><\/li><\/ul><\/p>\n\n\n\n<p><\/p>\n\n\n\n<p><a rel=\"noreferrer noopener\" href=\"https:\/\/www.fcpe78.fr\/cl\/sartrouville\/files\/2022\/04\/FCPE-Darius-Milhaud-presentation-porte-ouverte-A5.pdf\" target=\"_blank\"><strong>*Repr\u00e9sentant des parents au coll\u00e8ge, comment cela fonctionne ?<\/strong><\/a><\/p>\n\n\n\n<h4 class=\"wp-block-heading\"><\/h4>\n\n\n\n<p><\/p>\n","protected":false},"excerpt":{"rendered":"<p>3 rue Paul Deroul\u00e8de &#8211; 78500 SARTROUVILLET\u00e9l : 01.39.13.41.75M\u00e9l : ce.0780579F@ac-versailles.fr FaceBook du coll\u00e8ge Darius Milhaud L\u2019\u00e9dito de rentr\u00e9e au coll\u00e8ge Darius Milhaud Notre engagement, une communication efficace \u00e0 tous <a class=\"more-link\" href=\"https:\/\/www.fcpe78.fr\/cl\/sartrouville\/etablissements\/secondaire\/colleges\/darius\/\">Lire plus &#8230;<\/a><\/p>\n","protected":false},"author":45,"featured_media":1691,"parent":19,"menu_order":0,"comment_status":"closed","ping_status":"closed","template":"","meta":{"_seopress_robots_primary_cat":"","jetpack_post_was_ever_published":false},"categories":[],"tags":[],"jetpack_sharing_enabled":true,"jetpack_shortlink":"https:\/\/wp.me\/PaYu4P-3f","_links":{"self":[{"href":"https:\/\/www.fcpe78.fr\/cl\/sartrouville\/wp-json\/wp\/v2\/pages\/201"}],"collection":[{"href":"https:\/\/www.fcpe78.fr\/cl\/sartrouville\/wp-json\/wp\/v2\/pages"}],"about":[{"href":"https:\/\/www.fcpe78.fr\/cl\/sartrouville\/wp-json\/wp\/v2\/types\/page"}],"author":[{"embeddable":true,"href":"https:\/\/www.fcpe78.fr\/cl\/sartrouville\/wp-json\/wp\/v2\/users\/45"}],"replies":[{"embeddable":true,"href":"https:\/\/www.fcpe78.fr\/cl\/sartrouville\/wp-json\/wp\/v2\/comments?post=201"}],"version-history":[{"count":51,"href":"https:\/\/www.fcpe78.fr\/cl\/sartrouville\/wp-json\/wp\/v2\/pages\/201\/revisions"}],"predecessor-version":[{"id":3643,"href":"https:\/\/www.fcpe78.fr\/cl\/sartrouville\/wp-json\/wp\/v2\/pages\/201\/revisions\/3643"}],"up":[{"embeddable":true,"href":"https:\/\/www.fcpe78.fr\/cl\/sartrouville\/wp-json\/wp\/v2\/pages\/19"}],"wp:featuredmedia":[{"embeddable":true,"href":"https:\/\/www.fcpe78.fr\/cl\/sartrouville\/wp-json\/wp\/v2\/media\/1691"}],"wp:attachment":[{"href":"https:\/\/www.fcpe78.fr\/cl\/sartrouville\/wp-json\/wp\/v2\/media?parent=201"}],"wp:term":[{"taxonomy":"category","embeddable":true,"href":"https:\/\/www.fcpe78.fr\/cl\/sartrouville\/wp-json\/wp\/v2\/categories?post=201"},{"taxonomy":"post_tag","embeddable":true,"href":"https:\/\/www.fcpe78.fr\/cl\/sartrouville\/wp-json\/wp\/v2\/tags?post=201"}],"curies":[{"name":"wp","href":"https:\/\/api.w.org\/{rel}","templated":true}]}}