{"id":2008,"date":"2025-04-02T17:44:31","date_gmt":"2025-04-02T15:44:31","guid":{"rendered":"https:\/\/www.fcpe78.fr\/cl\/sartrouville\/?page_id=2008"},"modified":"2025-07-24T17:57:00","modified_gmt":"2025-07-24T15:57:00","slug":"clg-cantine","status":"publish","type":"page","link":"https:\/\/www.fcpe78.fr\/cl\/sartrouville\/dossiers-thematiques\/les-comissions\/clg-cantine\/","title":{"rendered":"Repas et cantine des coll\u00e8ges"},"content":{"rendered":"\n<div class=\"entry-content\"><br \/>\n<p>Les repr\u00e9sentants des parents FCPE interviennent au niveau du d\u00e9partement et dans les commissions des menus sur la base des informations \u00e0 leur disposition. <br \/>Signalez un repas pas top \u00e0 la cantine ou une belle r\u00e9ussite du chef cuisinier. Vous avez une suggestion sur l\u2019organisation tr\u00e8s concr\u00e8te pour le coll\u00e8ge ?<\/p>\n<h4><a href=\"https:\/\/forms.gle\/aaq1ZBjTSAfeFYVn9\" target=\"_blank\" rel=\"noopener\">Ce formulaire est disponible \u00e0 tout moment<\/a><\/h4>\n<iframe src=\"https:\/\/docs.google.com\/forms\/d\/14m99WeQgVTLTtTNIGJRTqVTsGMvLSZiZGvlezXb9zPs\/viewform?embedded=true\" frameborder=\"0\" width=\"780\" height=\"520\" marginheight=\"0\" marginwidth=\"0\" allowfullscreen=\"true\" mozallowfullscreen=\"true\" webkitallowfullscreen=\"true\"><\/iframe>\n<h3 class=\"wp-block-heading\">La commission des menus<\/h3>\n<figure><img decoding=\"async\" loading=\"lazy\" class=\"wp-image-2974 jetpack-lazy-image jetpack-lazy-image--handled alignleft\" src=\"https:\/\/i0.wp.com\/www.fcpe78.fr\/cl\/sartrouville\/files\/2022\/09\/gateau-chocolat.jpg?resize=235%2C106&amp;ssl=1\" alt=\"gateau chocolat\" width=\"208\" height=\"94\" data-recalc-dims=\"1\" data-lazy-loaded=\"1\" \/><\/figure>\n<p>Dans les coll\u00e8ges, une commission des menus \u00e0 lieu tout les 3 mois. Elle est compos\u00e9e de repr\u00e9sentants du d\u00e9l\u00e9gataire Cmidy, de la direction de l\u2019\u00e9tablissement, de repr\u00e9sentants des f\u00e9d\u00e9rations de parents d\u2019\u00e9l\u00e8ves.<\/p>\n<p>Le CPE et des \u00e9l\u00e8ves peuvent \u00eatre invit\u00e9.<\/p>\n<header class=\"entry-header\">\n<h3><strong>L\u2019organisation avec le prestataire<br \/><\/strong><\/h3>\n<p>Le d\u00e9partement des Yvelines organise le fonctionnement avec le prestataire Cmidy. Chaque coll\u00e8ge est en interaction avec les responsables de la restauration au niveau local.<\/p>\n<\/header>\n<div class=\"entry-content\">\n<figure><a href=\"https:\/\/www.fcpe78.fr\/cl\/sartrouville\/clg-cantine\/\" target=\"_blank\" rel=\"noopener\"><img decoding=\"async\" loading=\"lazy\" class=\"size-full wp-image-995 jetpack-lazy-image jetpack-lazy-image--handled alignleft\" src=\"https:\/\/i0.wp.com\/www.fcpe78.fr\/cl\/sartrouville\/files\/2019\/07\/menus-e1616784532572.jpeg?resize=183%2C213&amp;ssl=1\" alt=\"\" width=\"183\" height=\"213\" data-lazy-loaded=\"1\" \/><\/a>Depuis 2019, la restauration des coll\u00e8ges est g\u00e9r\u00e9e par la <a href=\"https:\/\/www.yvelines.fr\/wp-content\/uploads\/2017\/Brochure-restauration-scolaire-ENT.pdf\" target=\"_blank\" rel=\"noopener noreferrer\"><strong>SEMOP <\/strong><\/a>Entreprise d\u2019\u00e9conomie mixte pour g\u00e9rer la restauration et l\u2019entretien des coll\u00e8ges publics et lyc\u00e9es internationaux des Yvelines<\/figure>\n<p><a href=\"https:\/\/www.yvelines-infos.fr\/dossiers\/colleges-meme-cantine-2019\/\" target=\"_blank\" rel=\"noopener noreferrer\"><strong>Le site Yvelines.infos pour tout savoir sur la restauration<\/strong><\/a><\/p>\n<figure><img decoding=\"async\" loading=\"lazy\" class=\"wp-image-1022 alignleft jetpack-lazy-image jetpack-lazy-image--handled\" src=\"https:\/\/i0.wp.com\/www.fcpe78.fr\/cl\/sartrouville\/files\/2019\/07\/sohappy.jpeg?resize=100%2C110&amp;ssl=1\" alt=\"\" width=\"100\" height=\"110\" data-lazy-loaded=\"1\" \/><\/figure>\n<p><a href=\"https:\/\/www.espace-citoyens.net\/sohappy-cd78\/espace-citoyens\/\" target=\"_blank\" rel=\"noopener noreferrer\"><strong>Le site de facturation de la cantine SoHappy<\/strong><\/a> <a href=\"https:\/\/www.yvelines.fr\/jeunesse\/education\/restauration\/principes-de-la-restauration-collective\/\" target=\"_blank\" rel=\"noopener noreferrer\"><strong>Les principes de la restauration collective des coll\u00e8ges des Yvelines<\/strong><\/a><\/p>\n<p><a href=\"https:\/\/www.yvelines.fr\/jeunesse\/education\/restauration\/inscription\/\"><strong>Comment s\u2019inscrire<\/strong><\/a><\/p>\n<p><a href=\"https:\/\/www.yvelines-infos.fr\/cmidy-teste-de-nouvelles-recettes\/\" target=\"_blank\" rel=\"noopener noreferrer\"><strong>C\u2019midy<\/strong><\/a>\u00a0<\/p>\n<p>Vous pouvez adressez vos questions directement \u00e0 <strong>restauration@yvelines.fr<\/strong><\/p>\n<h2><a href=\"https:\/\/www.so-happy.fr\/content-news\/4208\/16838\" target=\"_blank\" rel=\"noopener\">Inscriptions cantine coll\u00e8ges des Yvelines<\/a><\/h2>\n<p><em>Cette inscription \u00e0 la restauration C\u2019midy concerne les coll\u00e8ges publics des Yvelines. <\/em>Vous devez faire l\u2019inscription directement sur votre compte Sohappy en suivant le tutoriel vid\u00e9o,<a href=\"https:\/\/sodexo-fr.videomarketingplatform.co\/secret\/85079216\/f4a2341982324bcd6547c1d25b6b7d2d\">\u00a0cliquez ici.<\/a><\/p>\n<p>Une fois votre inscription finalis\u00e9e, vous recevrez un mail de confirmation \u00e0 l&rsquo;adresse mail renseign\u00e9e. Nous vous invitons \u00e0 consulter les nouveaux tarifs fix\u00e9s par le D\u00e9partement des Yvelines pour la rentr\u00e9e 2025-26 :\u00a0<a href=\"https:\/\/www.yvelines.fr\/jeunesse\/education\/restauration\/inscription\/\">Inscription \u00e0 la restauration pour l\u2019ann\u00e9e scolaire 2025\/2026 &#8211; Conseil d\u00e9partemental des Yvelines<\/a><\/p>\n<p>\u00a0<\/p>\n<p><strong><a href=\"https:\/\/Sodexo et le Conseil D\u00e9partemental des Yvelines s\u2019associent et lancent la soci\u00e9t\u00e9 C\u2019MIDY pour g\u00e9rer la restauration et le nettoyage de 114 coll\u00e8ges Yvelinois\" target=\"_blank\" rel=\"noopener noreferrer\">Sodexo<\/a><\/strong> Pr\u00e9cise le partenariat avec<span class=\"wrap\"><span class=\"inner\"> le Conseil D\u00e9partemental des Yvelines, le lancement de la soci\u00e9t\u00e9 C\u2019MIDY pour g\u00e9rer la restauration et le nettoyage dans 114 coll\u00e8ges Yvelinois.<\/span><\/span><\/p>\n<p><strong><a href=\"https:\/\/centraledesmarches.com\/marches-publics\/Versailles-Conseil-departemental-des-Yvelines-Contrat-de-concession-de-service-de-type-Dsp-relatif-a-la-gestion-du-service-de-restauration-et-de-nettoyage-des-colleges-conclu-entre-une-Semop-a-creer-et-le-Departement\/4101269\" target=\"_blank\" rel=\"noopener noreferrer\">Le march\u00e9 pr\u00e9vu sur 7 ans \u2013 quelques informations compl\u00e9mentaires<\/a><\/strong><\/p>\n<h4 class=\"wp-block-heading\"><a href=\"https:\/\/www.fcpe78.fr\/cl\/sartrouville\/category\/info\/secondaire\/college\/_restauration_colleges\/\">Voir les articles concernant la restauration au coll\u00e8ge<\/a><\/h4>\n<\/div>\n<\/div>\n","protected":false},"excerpt":{"rendered":"<p>Les repr\u00e9sentants des parents FCPE interviennent au niveau du d\u00e9partement et dans les commissions des menus sur la base des informations \u00e0 leur disposition. Signalez un repas pas top \u00e0 <a class=\"more-link\" href=\"https:\/\/www.fcpe78.fr\/cl\/sartrouville\/dossiers-thematiques\/les-comissions\/clg-cantine\/\">Lire plus &#8230;<\/a><\/p>\n","protected":false},"author":46,"featured_media":2125,"parent":561,"menu_order":0,"comment_status":"closed","ping_status":"closed","template":"","meta":{"_seopress_robots_primary_cat":"","jetpack_post_was_ever_published":false},"categories":[76,64,8,65,32,3,66,70,5],"tags":[85,61,86,84],"jetpack_sharing_enabled":true,"jetpack_shortlink":"https:\/\/wp.me\/PaYu4P-wo","_links":{"self":[{"href":"https:\/\/www.fcpe78.fr\/cl\/sartrouville\/wp-json\/wp\/v2\/pages\/2008"}],"collection":[{"href":"https:\/\/www.fcpe78.fr\/cl\/sartrouville\/wp-json\/wp\/v2\/pages"}],"about":[{"href":"https:\/\/www.fcpe78.fr\/cl\/sartrouville\/wp-json\/wp\/v2\/types\/page"}],"author":[{"embeddable":true,"href":"https:\/\/www.fcpe78.fr\/cl\/sartrouville\/wp-json\/wp\/v2\/users\/46"}],"replies":[{"embeddable":true,"href":"https:\/\/www.fcpe78.fr\/cl\/sartrouville\/wp-json\/wp\/v2\/comments?post=2008"}],"version-history":[{"count":27,"href":"https:\/\/www.fcpe78.fr\/cl\/sartrouville\/wp-json\/wp\/v2\/pages\/2008\/revisions"}],"predecessor-version":[{"id":3606,"href":"https:\/\/www.fcpe78.fr\/cl\/sartrouville\/wp-json\/wp\/v2\/pages\/2008\/revisions\/3606"}],"up":[{"embeddable":true,"href":"https:\/\/www.fcpe78.fr\/cl\/sartrouville\/wp-json\/wp\/v2\/pages\/561"}],"wp:featuredmedia":[{"embeddable":true,"href":"https:\/\/www.fcpe78.fr\/cl\/sartrouville\/wp-json\/wp\/v2\/media\/2125"}],"wp:attachment":[{"href":"https:\/\/www.fcpe78.fr\/cl\/sartrouville\/wp-json\/wp\/v2\/media?parent=2008"}],"wp:term":[{"taxonomy":"category","embeddable":true,"href":"https:\/\/www.fcpe78.fr\/cl\/sartrouville\/wp-json\/wp\/v2\/categories?post=2008"},{"taxonomy":"post_tag","embeddable":true,"href":"https:\/\/www.fcpe78.fr\/cl\/sartrouville\/wp-json\/wp\/v2\/tags?post=2008"}],"curies":[{"name":"wp","href":"https:\/\/api.w.org\/{rel}","templated":true}]}}