{"id":200,"date":"2023-10-01T11:36:49","date_gmt":"2023-10-01T09:36:49","guid":{"rendered":"http:\/\/www.fcpe78.fr\/cl\/sartrouville\/import-test-34\/"},"modified":"2025-09-29T18:49:50","modified_gmt":"2025-09-29T16:49:50","slug":"colette","status":"publish","type":"page","link":"https:\/\/www.fcpe78.fr\/cl\/sartrouville\/etablissements\/secondaire\/colleges\/colette\/","title":{"rendered":"Coll\u00e8ge Colette"},"content":{"rendered":"\n<p id=\"logo_site_spip\" class=\"crayon meta-valeur-nom_site \"><strong><small id=\"slogan_site_spip\" class=\"crayon meta-valeur-slogan_site \"><img decoding=\"async\" loading=\"lazy\" class=\"alignleft size-full wp-image-2866\" src=\"https:\/\/i0.wp.com\/www.fcpe78.fr\/cl\/sartrouville\/files\/2022\/09\/Colette.jpg?resize=134%2C100&#038;ssl=1\" alt=\"colette\" width=\"134\" height=\"100\"  data-recalc-dims=\"1\">t\u00e9l&nbsp;: 01 61 04 46 70 <br>fax&nbsp;: 01 39 14 90 35 <br>mail&nbsp;: <\/small><\/strong><small id=\"slogan_site_spip\" class=\"crayon meta-valeur-slogan_site \"><a href=\"mailto:0780258g@ac-versailles.fr\"><strong>0780258g@ac-versailles.fr<\/strong><\/a><\/small><\/p>\n<p>&nbsp;<\/p>\n\n\n\n<p>Accueil t\u00e9l\u00e9phonique \/ou au coll\u00e8ge:&nbsp;&#8211; Mardi matin 9h -11h, Jeudi Apr\u00e8s midi 13h-15h<\/p>\n\n\n\n<h3><strong>Elections <\/strong><\/h3>\n\n\n\n<p>Les \u00e9lections ont lieu d\u00e9but octobre par vote \u00e9lectronique Pronote uniquement. En cas de difficult\u00e9, vous pouvez venir voter sur place ou appeler le coll\u00e8ge pour avoir de l&rsquo;aide afin de vous connecter \u00e0 Pronote. <span style=\"text-decoration: underline\">Votez FCPE !<\/span><\/p>\n\n\n\n<p>Retrouvez notre profession de foi \u00e9galement disponible sur Pronote.<\/p>\n<h3><a href=\"https:\/\/drive.google.com\/open?id=1XqGa4i__gBqhg7XIcgcqLCbIsFSnzXoz&amp;usp=drive_fs\">FCPE Colette Profession de foi<\/a><\/h3>\n\n\n\n<p>Rejoignez le groupe FCPE des coll\u00e8ges de Sartrouville en adh\u00e9rant <a href=\"https:\/\/www.fcpe78.fr\/adherer-a-la-fcpe\/\">https:\/\/www.fcpe78.fr\/adherer-a-la-fcpe\/<\/a><\/p>\n\n\n\n<p>Pour nous contacter \u00e9crivez \u00e0 :  clg-colette.sartrouville@fcpe78.fr ou <a href=\"https:\/\/www.fcpe78.fr\/cl\/sartrouville\/1042-2\/contact_fcpe_sartrouville\/\">cliquez ici<\/a><\/p>\n\n\n\n<h3 class=\"wp-block-heading\">Agenda de l&rsquo;ann\u00e9e scolaire pour les repr\u00e9sentants des parents<\/h3>\n\n\n\n<ul>\n<li><strong><em>Rencontre des repr\u00e9sentants de parents d&rsquo;\u00e9l\u00e8ves avec la direction<\/em><\/strong><\/li>\n<li><strong><em>Prochains conseils de classe<\/em><\/strong><\/li>\n<li><strong><em>Prochain Conseil d&rsquo;Administration<\/em><\/strong><\/li>\n<li><strong><em>Commission de Restauration<\/em><\/strong><\/li>\n<\/ul>\n\n\n\n<p><strong><em> <\/em><\/strong><br>Une permanence pour la cantine avec le responsable de site chaque mardi et jeudi de 13h \u00e0 1h au coll\u00e8ge.<\/p>\n\n\n\n<p>M\u00eame apr\u00e8s les \u00e9lections, il est toujours possible de rejoindre la FCPE en adh\u00e9rant !<\/p>\n\n\n\n<p><a href=\"https:\/\/www.fcpe78.fr\/adherer-a-la-fcpe\/\">https:\/\/www.fcpe78.fr\/adherer-a-la-fcpe\/<\/a><\/p>\n\n\n\n<p><br><a href=\"https:\/\/www.fcpe78.fr\/cl\/sartrouville\/files\/2021\/03\/Actualites-CMIDY-Version-30-mars-2021.pdf\">&gt;&gt; Suivez les derni\u00e8res am\u00e9liorations obtenues avec l&rsquo;aide de la FCPE<\/a><\/p>\n\n\n\n<p><a href=\"https:\/\/www.fcpe.asso.fr\/index.php\/conseils-aux-parents\/classe-de-3e-questions-reponses-sur-la-procedure-dorientation\">Foire Aux Questions Orientations Classe de 3e sur FCPE.asso.fr<\/a><\/p>\n\n\n\n<p><strong>NOUS CONTACTER <\/strong><br><a href=\"https:\/\/www.fcpe78.fr\/cl\/sartrouville\/1042-2\/contact_fcpe_sartrouville\/\">Vous souhaitez nous contacter, cliquez ici<\/a> ou \u00e9crivez-nous \u00e0 clg-colette.sartrouville@fcpe78.fr<\/p>\n\n\n\n<h3 class=\"wp-block-heading\"><a href=\"https:\/\/www.fcpe78.fr\/cl\/sartrouville\/etablissements\/secondaire\/colleges\/college-colette\/les-actions-fcpe-au-college-colette\/\">Toutes les informations et actions men\u00e9es par l&rsquo;\u00e9quipe au coll\u00e8ge Colette<\/a><\/h3>\n\n\n\n<p>&#8212;&#8212;&#8212;&#8212;&#8212;&#8212;&#8212;&#8212;&#8212;&#8212;&#8212;&#8212;&#8212;&#8212;&#8212;&#8212;&#8212;&#8212;&#8212;&#8212;&#8212;&#8212;-<\/p>\n\n\n\n<h4 class=\"wp-block-heading\"><strong>Les articles en lien avec les coll\u00e8ge<\/strong>s<\/h4>\n\n\n<ul class=\"lcp_catlist\" id=\"lcp_instance_0\"><li><a href=\"https:\/\/www.fcpe78.fr\/cl\/sartrouville\/2025\/09\/les-elections-des-representants-des-parents-pourquoi-comment\/\">Les \u00e9lections des repr\u00e9sentants des parents, pourquoi choisir la FCPE, comment ?<\/a><\/li><li><a href=\"https:\/\/www.fcpe78.fr\/cl\/sartrouville\/2025\/09\/la-rentree-en-6eme-au-college\/\">La rentr\u00e9e en 6eme au coll\u00e8ge<\/a><\/li><li><a href=\"https:\/\/www.fcpe78.fr\/cl\/sartrouville\/2025\/07\/coin-des-parents-la-place-des-parents-dans-la-scolarite\/\">Sartrouville Infos Jeunes, accompagner leur autonomie<\/a><\/li><li><a href=\"https:\/\/www.fcpe78.fr\/cl\/sartrouville\/2025\/07\/periode-estivale-pause-lecture-pour-les-collegiens\/\">P\u00e9riode estivale, pause lecture pour les coll\u00e9giens<\/a><\/li><li><a href=\"https:\/\/www.fcpe78.fr\/cl\/sartrouville\/2025\/03\/journee-portes-ouvertes-au-college-colette\/\">Journ\u00e9e portes ouvertes au coll\u00e8ge Colette<\/a><\/li><li><a href=\"https:\/\/www.fcpe78.fr\/cl\/sartrouville\/2024\/09\/etre-representant-des-parents-au-college-en-quoi-cela-consiste\/\">Etre repr\u00e9sentant des parents, en quoi cela consiste ?<\/a><\/li><li><a href=\"https:\/\/www.fcpe78.fr\/cl\/sartrouville\/2022\/09\/rentree-college-colette\/\">La rentr\u00e9e au Coll\u00e8ge Colette<\/a><\/li><li><a href=\"https:\/\/www.fcpe78.fr\/cl\/sartrouville\/2022\/01\/sartrouville-information-sur-la-sectorisation-ecoles-et-colleges\/\">Sartrouville Information sur la sectorisation \u00e9coles et coll\u00e8ges<\/a><\/li><li><a href=\"https:\/\/www.fcpe78.fr\/cl\/sartrouville\/2020\/11\/rencontre-parents-professeurs-samedi-16-novembre-au-college-colette-et-stand-des-associations-de-parents\/\">Rencontre parents professeurs au Coll\u00e8ge Colette et stand associations de parents<\/a><\/li><\/ul>\n\n\n\n<p><\/p>\n","protected":false},"excerpt":{"rendered":"<p>t\u00e9l&nbsp;: 01 61 04 46 70 fax&nbsp;: 01 39 14 90 35 mail&nbsp;: 0780258g@ac-versailles.fr &nbsp; Accueil t\u00e9l\u00e9phonique \/ou au coll\u00e8ge:&nbsp;&#8211; Mardi matin 9h -11h, Jeudi Apr\u00e8s midi 13h-15h Elections Les <a class=\"more-link\" href=\"https:\/\/www.fcpe78.fr\/cl\/sartrouville\/etablissements\/secondaire\/colleges\/colette\/\">Lire plus &#8230;<\/a><\/p>\n","protected":false},"author":45,"featured_media":2749,"parent":19,"menu_order":0,"comment_status":"closed","ping_status":"closed","template":"","meta":{"_seopress_robots_primary_cat":"","jetpack_post_was_ever_published":false},"categories":[64],"tags":[61,56,63],"jetpack_sharing_enabled":true,"jetpack_shortlink":"https:\/\/wp.me\/PaYu4P-3e","_links":{"self":[{"href":"https:\/\/www.fcpe78.fr\/cl\/sartrouville\/wp-json\/wp\/v2\/pages\/200"}],"collection":[{"href":"https:\/\/www.fcpe78.fr\/cl\/sartrouville\/wp-json\/wp\/v2\/pages"}],"about":[{"href":"https:\/\/www.fcpe78.fr\/cl\/sartrouville\/wp-json\/wp\/v2\/types\/page"}],"author":[{"embeddable":true,"href":"https:\/\/www.fcpe78.fr\/cl\/sartrouville\/wp-json\/wp\/v2\/users\/45"}],"replies":[{"embeddable":true,"href":"https:\/\/www.fcpe78.fr\/cl\/sartrouville\/wp-json\/wp\/v2\/comments?post=200"}],"version-history":[{"count":92,"href":"https:\/\/www.fcpe78.fr\/cl\/sartrouville\/wp-json\/wp\/v2\/pages\/200\/revisions"}],"predecessor-version":[{"id":3619,"href":"https:\/\/www.fcpe78.fr\/cl\/sartrouville\/wp-json\/wp\/v2\/pages\/200\/revisions\/3619"}],"up":[{"embeddable":true,"href":"https:\/\/www.fcpe78.fr\/cl\/sartrouville\/wp-json\/wp\/v2\/pages\/19"}],"wp:featuredmedia":[{"embeddable":true,"href":"https:\/\/www.fcpe78.fr\/cl\/sartrouville\/wp-json\/wp\/v2\/media\/2749"}],"wp:attachment":[{"href":"https:\/\/www.fcpe78.fr\/cl\/sartrouville\/wp-json\/wp\/v2\/media?parent=200"}],"wp:term":[{"taxonomy":"category","embeddable":true,"href":"https:\/\/www.fcpe78.fr\/cl\/sartrouville\/wp-json\/wp\/v2\/categories?post=200"},{"taxonomy":"post_tag","embeddable":true,"href":"https:\/\/www.fcpe78.fr\/cl\/sartrouville\/wp-json\/wp\/v2\/tags?post=200"}],"curies":[{"name":"wp","href":"https:\/\/api.w.org\/{rel}","templated":true}]}}