{"id":1988,"date":"2020-10-18T14:07:32","date_gmt":"2020-10-18T12:07:32","guid":{"rendered":"https:\/\/www.fcpe78.fr\/cl\/sartrouville\/?page_id=1988"},"modified":"2021-04-05T08:38:29","modified_gmt":"2021-04-05T06:38:29","slug":"numerique-covid-et-continuite-pedagogique","status":"publish","type":"page","link":"https:\/\/www.fcpe78.fr\/cl\/sartrouville\/dossiers-thematiques\/numerique-covid-et-continuite-pedagogique\/","title":{"rendered":"Autres &#8211; num\u00e9rique, PAI, P.., continuit\u00e9 p\u00e9dagogique, &#8230;"},"content":{"rendered":"<p>Quelques pages th\u00e9matiques non class\u00e9es ci-apr\u00e8s :<\/p>\n\n<!-- Page-list plugin v.5.6 wordpress.org\/plugins\/page-list\/ -->\n<ul class=\"page-list subpages-page-list \">\n<li class=\"page_item page-item-3039\"><a href=\"https:\/\/www.fcpe78.fr\/cl\/sartrouville\/dossiers-thematiques\/numerique-covid-et-continuite-pedagogique\/amenagements-pedagogiques-pai-ppre-pap-pps-geva-mdph-quesaco\/\">Am\u00e9nagements p\u00e9dagogiques PAI, PPRE, PAP, PPS, GEVA, MDPH, DYS, ULIS ?<\/a><\/li>\n<li class=\"page_item page-item-1241\"><a href=\"https:\/\/www.fcpe78.fr\/cl\/sartrouville\/dossiers-thematiques\/numerique-covid-et-continuite-pedagogique\/accompagnement-numerique-et-vigilance\/\">Comment accompagner vers le num\u00e9rique ?<\/a><\/li>\n<li class=\"page_item page-item-2074\"><a href=\"https:\/\/www.fcpe78.fr\/cl\/sartrouville\/dossiers-thematiques\/numerique-covid-et-continuite-pedagogique\/mediation-a-lecole-harcelement\/\">M\u00e9diation \u00e0 l&rsquo;\u00e9cole, harc\u00e9lement, &#8230;<\/a><\/li>\n\n<\/ul>\n","protected":false},"excerpt":{"rendered":"<p>Quelques pages th\u00e9matiques non class\u00e9es ci-apr\u00e8s :<\/p>\n","protected":false},"author":46,"featured_media":0,"parent":488,"menu_order":0,"comment_status":"closed","ping_status":"closed","template":"","meta":{"_seopress_robots_primary_cat":"","jetpack_post_was_ever_published":false},"categories":[32],"tags":[],"jetpack_sharing_enabled":true,"jetpack_shortlink":"https:\/\/wp.me\/PaYu4P-w4","_links":{"self":[{"href":"https:\/\/www.fcpe78.fr\/cl\/sartrouville\/wp-json\/wp\/v2\/pages\/1988"}],"collection":[{"href":"https:\/\/www.fcpe78.fr\/cl\/sartrouville\/wp-json\/wp\/v2\/pages"}],"about":[{"href":"https:\/\/www.fcpe78.fr\/cl\/sartrouville\/wp-json\/wp\/v2\/types\/page"}],"author":[{"embeddable":true,"href":"https:\/\/www.fcpe78.fr\/cl\/sartrouville\/wp-json\/wp\/v2\/users\/46"}],"replies":[{"embeddable":true,"href":"https:\/\/www.fcpe78.fr\/cl\/sartrouville\/wp-json\/wp\/v2\/comments?post=1988"}],"version-history":[{"count":4,"href":"https:\/\/www.fcpe78.fr\/cl\/sartrouville\/wp-json\/wp\/v2\/pages\/1988\/revisions"}],"predecessor-version":[{"id":2142,"href":"https:\/\/www.fcpe78.fr\/cl\/sartrouville\/wp-json\/wp\/v2\/pages\/1988\/revisions\/2142"}],"up":[{"embeddable":true,"href":"https:\/\/www.fcpe78.fr\/cl\/sartrouville\/wp-json\/wp\/v2\/pages\/488"}],"wp:attachment":[{"href":"https:\/\/www.fcpe78.fr\/cl\/sartrouville\/wp-json\/wp\/v2\/media?parent=1988"}],"wp:term":[{"taxonomy":"category","embeddable":true,"href":"https:\/\/www.fcpe78.fr\/cl\/sartrouville\/wp-json\/wp\/v2\/categories?post=1988"},{"taxonomy":"post_tag","embeddable":true,"href":"https:\/\/www.fcpe78.fr\/cl\/sartrouville\/wp-json\/wp\/v2\/tags?post=1988"}],"curies":[{"name":"wp","href":"https:\/\/api.w.org\/{rel}","templated":true}]}}