{"id":195,"date":"2019-05-10T15:23:00","date_gmt":"2019-05-10T13:23:00","guid":{"rendered":"http:\/\/www.fcpe78.fr\/cl\/sartrouville\/import-test-29\/"},"modified":"2021-09-22T00:28:19","modified_gmt":"2021-09-21T22:28:19","slug":"ecole-elementaire-paul-langevin","status":"publish","type":"page","link":"https:\/\/www.fcpe78.fr\/cl\/sartrouville\/etablissements\/primaire\/elementaires\/ecole-elementaire-paul-langevin\/","title":{"rendered":"Ecole \u00e9l\u00e9mentaire Paul Langevin"},"content":{"rendered":"<p style=\"text-align: left\">64 avenue Carnot 78500 SARTROUVILLE<br \/>\nT\u00e9l : 01.39.14.30.78<br \/>\nM\u00e9l : ce.0781501H@ac-versailles.fr<\/p>\n<h4><a href=\"https:\/\/www.facebook.com\/groups\/1909346772529114\/\" target=\"_blank\" rel=\"noopener noreferrer\"><img decoding=\"async\" loading=\"lazy\" class=\"alignnone  wp-image-1890\" src=\"https:\/\/i0.wp.com\/www.fcpe78.fr\/cl\/sartrouville\/files\/2020\/09\/FCPE-Facebook-Langevin.png?resize=342%2C150&#038;ssl=1\" alt=\"\" width=\"342\" height=\"150\" srcset=\"https:\/\/i0.wp.com\/www.fcpe78.fr\/cl\/sartrouville\/files\/2020\/09\/FCPE-Facebook-Langevin.png?w=474&amp;ssl=1 474w, https:\/\/i0.wp.com\/www.fcpe78.fr\/cl\/sartrouville\/files\/2020\/09\/FCPE-Facebook-Langevin.png?resize=300%2C132&amp;ssl=1 300w\" sizes=\"(max-width: 342px) 100vw, 342px\" data-recalc-dims=\"1\" \/><\/a><\/h4>\n<p><img decoding=\"async\" loading=\"lazy\" class=\"alignnone size-full wp-image-1379\" src=\"https:\/\/i0.wp.com\/www.fcpe78.fr\/cl\/sartrouville\/files\/2019\/11\/Ecole-\u00e9l\u00e9mentaire-Paul-Langevin-\u00e9quipe-1-e1601292081835.png?resize=572%2C32&#038;ssl=1\" alt=\"\" width=\"572\" height=\"32\" srcset=\"https:\/\/i0.wp.com\/www.fcpe78.fr\/cl\/sartrouville\/files\/2019\/11\/Ecole-\u00e9l\u00e9mentaire-Paul-Langevin-\u00e9quipe-1-e1601292081835.png?w=572&amp;ssl=1 572w, https:\/\/i0.wp.com\/www.fcpe78.fr\/cl\/sartrouville\/files\/2019\/11\/Ecole-\u00e9l\u00e9mentaire-Paul-Langevin-\u00e9quipe-1-e1601292081835.png?resize=300%2C17&amp;ssl=1 300w\" sizes=\"(max-width: 572px) 100vw, 572px\" data-recalc-dims=\"1\" \/><\/p>\n<h4><a href=\"https:\/\/www.facebook.com\/groups\/1909346772529114\/\" target=\"_blank\" rel=\"noopener noreferrer\"><strong>Agenda<\/strong>\u00a0<\/a><\/h4>\n<h4 style=\"text-align: left\"><a href=\"https:\/\/www.fcpe78.fr\/cl\/sartrouville\/dossiers-thematiques\/acteurs-de-la-vie-scolaire\/la-vie-a-lecole-primaire\/\" target=\"_blank\" rel=\"noopener noreferrer\"><strong>M\u00e9mo parent El\u00e9mentaire Paul Langevin<\/strong><\/a><\/h4>\n<h4><strong><a href=\"https:\/\/www.fcpe78.fr\/cl\/sartrouville\/files\/2020\/09\/FCPE-Langevin-Profession-de-foi-2020_v6.pdf\" target=\"_blank\" rel=\"noopener noreferrer\">Notre profession de foi<\/a><\/strong><\/h4>\n<h5><strong>A votre \u00e9coute<\/strong><\/h5>\n<p>Afin de vous repr\u00e9senter au mieux, nous sommes \u00e0 l\u2019\u00e9coute de tous les parents. Donnez-nous votre avis sur les sorties, la garderie, la cantine&#8230;<\/p>\n<p><strong>Vous repr\u00e9senter<\/strong><\/p>\n<p>&#8211; Nous portons votre voix en conseil d\u2019\u00e9cole aupr\u00e8s de l\u2019\u00e9quipe \u00e9ducative et de la mairie.<br \/>\n&#8211; Nous si\u00e9geons, au niveau de la ville, dans les commissions des menus et les commissions scolaires.<\/p>\n<h5><strong>Vous informer<\/strong><\/h5>\n<p>&#8211; conseils d\u2019\u00e9cole,<br \/>\n&#8211; \u00e9v\u00e9nements.<br \/>\n&#8211; actions men\u00e9es par la FCPE au niveau de la ville aupr\u00e8s de la mairie, l\u2019IEN, l\u2019IFAC&#8230;<\/p>\n<p>Des comptes-rendus d\u00e9di\u00e9s pour les adh\u00e9rents mais aussi pour tous les parents. Pour les conseils d\u2019\u00e9cole, ils sont r\u00e9dig\u00e9s \u00e0 tour de r\u00f4le avec l\u2019autre association de parents d\u2019\u00e9l\u00e8ves.<\/p>\n<h4><b>Nos actions r\u00e9alis\u00e9es<\/b><\/h4>\n<p>&#8211; R\u00e9flexion sur les notions de recyclage lors de la f\u00eate de l\u2019\u00e9cole (tri s\u00e9lectif, utilisation de gobelets r\u00e9utilisables)<br \/>\n&#8211; Propositions sur l\u2019organisation de la Chorale et de la f\u00eate de l\u2019\u00e9cole<br \/>\n&#8211; Suivi des travaux,<br \/>\n&#8211; Interventions aupr\u00e8s de l\u2019IFAC, de la MAIRIE, de l&rsquo;\u00c9ducation Nationale,<br \/>\n&#8211; Attention particuli\u00e8re au temps de cantine et \u00e0 l\u2019accueil p\u00e9riscolaire (encadrement, conditions d\u2019accueil, activit\u00e9s pour nos enfants\u2026).<br \/>\n&#8211; Mise en place du recyclage du mat\u00e9riel d\u2019\u00e9criture.<\/p>\n<h4><strong>Les comptes-rendus de conseil d&rsquo;\u00e9cole<br \/>\n<\/strong><\/h4>\n<hr \/>\n<p style=\"text-align: left\"><ul class=\"lcp_catlist\" id=\"lcp_instance_0\"><li><a href=\"https:\/\/www.fcpe78.fr\/cl\/sartrouville\/2021\/03\/conseil-decole-elementaire-paul-langevin-09-03-2021\/\">Conseil d&rsquo;\u00e9cole \u00e9l\u00e9mentaire Paul Langevin &#8211; 09\/03\/2021<\/a><\/li><li><a href=\"https:\/\/www.fcpe78.fr\/cl\/sartrouville\/2020\/06\/conseil-decole-elementaire-paul-langevin-16-06-2020\/\">Conseil d&rsquo;\u00e9cole \u00e9l\u00e9mentaire Paul Langevin &#8211; 16\/06\/2020<\/a><\/li><li><a href=\"https:\/\/www.fcpe78.fr\/cl\/sartrouville\/2020\/03\/conseil-decole-elementaire-paul-langevin-06-03-2020\/\">Conseil d&rsquo;\u00e9cole \u00e9l\u00e9mentaire Paul Langevin &#8211; 06\/03\/2020<\/a><\/li><li><a href=\"https:\/\/www.fcpe78.fr\/cl\/sartrouville\/2019\/11\/conseil-decole-elementaire-paul-langevin-05-11-2019\/\">Conseil d&rsquo;\u00e9cole \u00e9l\u00e9mentaire Paul Langevin &#8211; 05\/11\/2019<\/a><\/li><li><a href=\"https:\/\/www.fcpe78.fr\/cl\/sartrouville\/2019\/06\/conseil-decole-elementaire-paul-langevin-11-06-2019\/\">Conseil d&rsquo;\u00e9cole \u00e9l\u00e9mentaire Paul Langevin &#8211; 11\/06\/2019<\/a><\/li><li><a href=\"https:\/\/www.fcpe78.fr\/cl\/sartrouville\/2019\/02\/cr-conseil-decole-elementaire-paul-langevin-5-02-2019\/\">Conseil d&rsquo;\u00e9cole \u00e9l\u00e9mentaire Paul Langevin &#8211; 5\/02\/2019<\/a><\/li><\/ul><\/p>\n<h4><strong><a href=\"https:\/\/www.fcpe78.fr\/cl\/sartrouville\/contact_fcpe_sartrouville\/\" target=\"_blank\" rel=\"noopener noreferrer\">Une question, une suggestion, suivez le lien<\/a><\/strong><\/h4>\n<p><img decoding=\"async\" loading=\"lazy\" class=\" wp-image-454\" src=\"https:\/\/i0.wp.com\/www.fcpe78.fr\/cl\/sartrouville\/files\/2019\/05\/Elementaire-langevin.jpg?resize=508%2C497&#038;ssl=1\" alt=\"\" width=\"508\" height=\"497\" srcset=\"https:\/\/i0.wp.com\/www.fcpe78.fr\/cl\/sartrouville\/files\/2019\/05\/Elementaire-langevin.jpg?w=743&amp;ssl=1 743w, https:\/\/i0.wp.com\/www.fcpe78.fr\/cl\/sartrouville\/files\/2019\/05\/Elementaire-langevin.jpg?resize=300%2C294&amp;ssl=1 300w\" sizes=\"(max-width: 508px) 100vw, 508px\" data-recalc-dims=\"1\" \/><\/p>\n<h4><\/h4>\n","protected":false},"excerpt":{"rendered":"<p>64 avenue Carnot 78500 SARTROUVILLE T\u00e9l : 01.39.14.30.78 M\u00e9l : ce.0781501H@ac-versailles.fr Agenda\u00a0 M\u00e9mo parent El\u00e9mentaire Paul Langevin Notre profession de foi A votre \u00e9coute Afin de vous repr\u00e9senter au mieux, <a class=\"more-link\" href=\"https:\/\/www.fcpe78.fr\/cl\/sartrouville\/etablissements\/primaire\/elementaires\/ecole-elementaire-paul-langevin\/\">Lire plus &#8230;<\/a><\/p>\n","protected":false},"author":45,"featured_media":2528,"parent":17,"menu_order":0,"comment_status":"closed","ping_status":"closed","template":"","meta":{"_seopress_robots_primary_cat":"","jetpack_post_was_ever_published":false},"categories":[],"tags":[],"jetpack_sharing_enabled":true,"jetpack_shortlink":"https:\/\/wp.me\/PaYu4P-39","_links":{"self":[{"href":"https:\/\/www.fcpe78.fr\/cl\/sartrouville\/wp-json\/wp\/v2\/pages\/195"}],"collection":[{"href":"https:\/\/www.fcpe78.fr\/cl\/sartrouville\/wp-json\/wp\/v2\/pages"}],"about":[{"href":"https:\/\/www.fcpe78.fr\/cl\/sartrouville\/wp-json\/wp\/v2\/types\/page"}],"author":[{"embeddable":true,"href":"https:\/\/www.fcpe78.fr\/cl\/sartrouville\/wp-json\/wp\/v2\/users\/45"}],"replies":[{"embeddable":true,"href":"https:\/\/www.fcpe78.fr\/cl\/sartrouville\/wp-json\/wp\/v2\/comments?post=195"}],"version-history":[{"count":46,"href":"https:\/\/www.fcpe78.fr\/cl\/sartrouville\/wp-json\/wp\/v2\/pages\/195\/revisions"}],"predecessor-version":[{"id":3506,"href":"https:\/\/www.fcpe78.fr\/cl\/sartrouville\/wp-json\/wp\/v2\/pages\/195\/revisions\/3506"}],"up":[{"embeddable":true,"href":"https:\/\/www.fcpe78.fr\/cl\/sartrouville\/wp-json\/wp\/v2\/pages\/17"}],"wp:featuredmedia":[{"embeddable":true,"href":"https:\/\/www.fcpe78.fr\/cl\/sartrouville\/wp-json\/wp\/v2\/media\/2528"}],"wp:attachment":[{"href":"https:\/\/www.fcpe78.fr\/cl\/sartrouville\/wp-json\/wp\/v2\/media?parent=195"}],"wp:term":[{"taxonomy":"category","embeddable":true,"href":"https:\/\/www.fcpe78.fr\/cl\/sartrouville\/wp-json\/wp\/v2\/categories?post=195"},{"taxonomy":"post_tag","embeddable":true,"href":"https:\/\/www.fcpe78.fr\/cl\/sartrouville\/wp-json\/wp\/v2\/tags?post=195"}],"curies":[{"name":"wp","href":"https:\/\/api.w.org\/{rel}","templated":true}]}}