{"id":190,"date":"2019-05-10T15:23:00","date_gmt":"2019-05-10T13:23:00","guid":{"rendered":"http:\/\/www.fcpe78.fr\/cl\/sartrouville\/import-test-24\/"},"modified":"2019-07-08T15:35:19","modified_gmt":"2019-07-08T13:35:19","slug":"ecole-elementaire-jules-ferry","status":"publish","type":"page","link":"https:\/\/www.fcpe78.fr\/cl\/sartrouville\/etablissements\/primaire\/elementaires\/ecole-elementaire-jules-ferry\/","title":{"rendered":"Ecole \u00e9l\u00e9mentaire Jules Ferry"},"content":{"rendered":"<p>29 rue du G\u00e9n\u00e9ral Leclerc<br \/>\n78500 SARTROUVILLE<br \/>\nT\u00e9l : 01.39.13.10.12<br \/>\nM\u00e9l : ce.0781504L@ac-versailles.fr<\/p>\n<p>&nbsp;<\/p>\n<h4><strong>Les \u00e9v\u00e9nements en lien avec cette \u00e9cole :<\/strong><\/h4>\n<hr>\n<ul class=\"lcp_catlist\" id=\"lcp_instance_0\"><li><a href=\"https:\/\/www.fcpe78.fr\/cl\/sartrouville\/2019\/06\/les-effectifs-de-lecole-jules-ferry\/\">2019-20 Les effectifs de l&rsquo;\u00e9cole Jules Ferry<\/a><\/li><\/ul>\n<p>&nbsp;<\/p>\n","protected":false},"excerpt":{"rendered":"<p>29 rue du G\u00e9n\u00e9ral Leclerc 78500 SARTROUVILLE T\u00e9l : 01.39.13.10.12 M\u00e9l : ce.0781504L@ac-versailles.fr &nbsp; Les \u00e9v\u00e9nements en lien avec cette \u00e9cole : &nbsp;<\/p>\n","protected":false},"author":45,"featured_media":0,"parent":17,"menu_order":0,"comment_status":"closed","ping_status":"closed","template":"","meta":{"_seopress_robots_primary_cat":"","jetpack_post_was_ever_published":false},"categories":[],"tags":[],"jetpack_sharing_enabled":true,"jetpack_shortlink":"https:\/\/wp.me\/PaYu4P-34","_links":{"self":[{"href":"https:\/\/www.fcpe78.fr\/cl\/sartrouville\/wp-json\/wp\/v2\/pages\/190"}],"collection":[{"href":"https:\/\/www.fcpe78.fr\/cl\/sartrouville\/wp-json\/wp\/v2\/pages"}],"about":[{"href":"https:\/\/www.fcpe78.fr\/cl\/sartrouville\/wp-json\/wp\/v2\/types\/page"}],"author":[{"embeddable":true,"href":"https:\/\/www.fcpe78.fr\/cl\/sartrouville\/wp-json\/wp\/v2\/users\/45"}],"replies":[{"embeddable":true,"href":"https:\/\/www.fcpe78.fr\/cl\/sartrouville\/wp-json\/wp\/v2\/comments?post=190"}],"version-history":[{"count":3,"href":"https:\/\/www.fcpe78.fr\/cl\/sartrouville\/wp-json\/wp\/v2\/pages\/190\/revisions"}],"predecessor-version":[{"id":905,"href":"https:\/\/www.fcpe78.fr\/cl\/sartrouville\/wp-json\/wp\/v2\/pages\/190\/revisions\/905"}],"up":[{"embeddable":true,"href":"https:\/\/www.fcpe78.fr\/cl\/sartrouville\/wp-json\/wp\/v2\/pages\/17"}],"wp:attachment":[{"href":"https:\/\/www.fcpe78.fr\/cl\/sartrouville\/wp-json\/wp\/v2\/media?parent=190"}],"wp:term":[{"taxonomy":"category","embeddable":true,"href":"https:\/\/www.fcpe78.fr\/cl\/sartrouville\/wp-json\/wp\/v2\/categories?post=190"},{"taxonomy":"post_tag","embeddable":true,"href":"https:\/\/www.fcpe78.fr\/cl\/sartrouville\/wp-json\/wp\/v2\/tags?post=190"}],"curies":[{"name":"wp","href":"https:\/\/api.w.org\/{rel}","templated":true}]}}