{"id":187,"date":"2019-05-10T15:23:00","date_gmt":"2019-05-10T13:23:00","guid":{"rendered":"http:\/\/www.fcpe78.fr\/cl\/sartrouville\/import-test-21\/"},"modified":"2021-09-29T14:52:39","modified_gmt":"2021-09-29T12:52:39","slug":"ecole-elementaire-jean-jaures","status":"publish","type":"page","link":"https:\/\/www.fcpe78.fr\/cl\/sartrouville\/etablissements\/primaire\/elementaires\/ecole-elementaire-jean-jaures\/","title":{"rendered":"Ecole \u00e9l\u00e9mentaire Jean Jaur\u00e8s"},"content":{"rendered":"<p>123 avenue de Tobrouk\u00a0 78500 SARTROUVILLE<br \/>\nT\u00e9l : 01.39.14.58.89<br \/>\nM\u00e9l : ce.0780444J@ac-versailles.fr<\/p>\n<h4><a href=\"http:\/\/www.ec-jaures-sartrouville.ac-versailles.fr\/\" target=\"_blank\" rel=\"noopener noreferrer\"><strong>Le site de l&rsquo;\u00e9cole<\/strong><\/a><\/h4>\n<h4><strong>NOS ACTIONS<br \/>\n<\/strong><\/h4>\n<p><strong>Assurer le LIEN entre les parents et l\u2019\u00e9cole :<\/strong><br \/>\nPr\u00e9sence quotidienne devant l\u2019\u00e9cole, groupe Facebook FCPE Jean Jaur\u00e8s<br \/>\nSartrouville avec diffusion des actualit\u00e9s aux parents et recueil de leurs<br \/>\nremont\u00e9es.<\/p>\n<p><strong>Assurer un environnement s\u00e9curisant et bienveillant pour nos<\/strong><br \/>\n<strong>enfants :<\/strong><br \/>\nEntretien des locaux : r\u00e9fection des peintures, etc. ; actions pr\u00e9ventives canicule<br \/>\net enneigement ; vigilance sur la mise en oeuvre des PAI.<\/p>\n<p><strong>Op\u00e9rer une veille sur la prise en charge de nos enfants sur le temps<\/strong><br \/>\n<strong>m\u00e9ridien :<\/strong><br \/>\nConsultation des familles sur le contenu des assiettes et le retour de nos<br \/>\nenfants, activit\u00e9s mises en place, surveillance.<\/p>\n<p><strong>Soutien des projets culturels, sportifs et festifs de l\u2019\u00e9cole<\/strong><br \/>\n<strong>Cin\u00e9 M\u00f4mes ;<\/strong><br \/>\nBoucle de Seine ; F\u00eates : fin d\u2019ann\u00e9e et carnaval.<\/p>\n<h4><strong>Une \u00e9quipe de parents motiv\u00e9s pour que votre parole soit repr\u00e9sent\u00e9e et entendue dans l\u2019\u00e9cole<\/strong><\/h4>\n","protected":false},"excerpt":{"rendered":"<p>123 avenue de Tobrouk\u00a0 78500 SARTROUVILLE T\u00e9l : 01.39.14.58.89 M\u00e9l : ce.0780444J@ac-versailles.fr Le site de l&rsquo;\u00e9cole NOS ACTIONS Assurer le LIEN entre les parents et l\u2019\u00e9cole : Pr\u00e9sence quotidienne devant <a class=\"more-link\" href=\"https:\/\/www.fcpe78.fr\/cl\/sartrouville\/etablissements\/primaire\/elementaires\/ecole-elementaire-jean-jaures\/\">Lire plus &#8230;<\/a><\/p>\n","protected":false},"author":45,"featured_media":0,"parent":17,"menu_order":0,"comment_status":"closed","ping_status":"closed","template":"","meta":{"_seopress_robots_primary_cat":"","jetpack_post_was_ever_published":false},"categories":[],"tags":[],"jetpack_sharing_enabled":true,"jetpack_shortlink":"https:\/\/wp.me\/PaYu4P-31","_links":{"self":[{"href":"https:\/\/www.fcpe78.fr\/cl\/sartrouville\/wp-json\/wp\/v2\/pages\/187"}],"collection":[{"href":"https:\/\/www.fcpe78.fr\/cl\/sartrouville\/wp-json\/wp\/v2\/pages"}],"about":[{"href":"https:\/\/www.fcpe78.fr\/cl\/sartrouville\/wp-json\/wp\/v2\/types\/page"}],"author":[{"embeddable":true,"href":"https:\/\/www.fcpe78.fr\/cl\/sartrouville\/wp-json\/wp\/v2\/users\/45"}],"replies":[{"embeddable":true,"href":"https:\/\/www.fcpe78.fr\/cl\/sartrouville\/wp-json\/wp\/v2\/comments?post=187"}],"version-history":[{"count":8,"href":"https:\/\/www.fcpe78.fr\/cl\/sartrouville\/wp-json\/wp\/v2\/pages\/187\/revisions"}],"predecessor-version":[{"id":2591,"href":"https:\/\/www.fcpe78.fr\/cl\/sartrouville\/wp-json\/wp\/v2\/pages\/187\/revisions\/2591"}],"up":[{"embeddable":true,"href":"https:\/\/www.fcpe78.fr\/cl\/sartrouville\/wp-json\/wp\/v2\/pages\/17"}],"wp:attachment":[{"href":"https:\/\/www.fcpe78.fr\/cl\/sartrouville\/wp-json\/wp\/v2\/media?parent=187"}],"wp:term":[{"taxonomy":"category","embeddable":true,"href":"https:\/\/www.fcpe78.fr\/cl\/sartrouville\/wp-json\/wp\/v2\/categories?post=187"},{"taxonomy":"post_tag","embeddable":true,"href":"https:\/\/www.fcpe78.fr\/cl\/sartrouville\/wp-json\/wp\/v2\/tags?post=187"}],"curies":[{"name":"wp","href":"https:\/\/api.w.org\/{rel}","templated":true}]}}