{"id":177,"date":"2019-05-10T15:23:00","date_gmt":"2019-05-10T13:23:00","guid":{"rendered":"http:\/\/www.fcpe78.fr\/cl\/sartrouville\/import-test-11\/"},"modified":"2025-03-29T18:15:30","modified_gmt":"2025-03-29T17:15:30","slug":"ecole-maternelle-marcel-pagnol","status":"publish","type":"page","link":"https:\/\/www.fcpe78.fr\/cl\/sartrouville\/etablissements\/primaire\/maternelles\/ecole-maternelle-marcel-pagnol\/","title":{"rendered":"Ecole maternelle Marcel Pagnol"},"content":{"rendered":"<p>35 avenue de Dijou<br \/>\n78500 SARTROUVILLE<br \/>\nT\u00e9l : 01.39.68.02.02<br \/>\nM\u00e9l : ce.0782121G@ac-versailles.fr<\/p>\n<p>Le r\u00e9seau social de la maternelle <strong><a href=\"https:\/\/fr-fr.facebook.com\/fcpepagnolsartrouville\/\" target=\"_blank\" rel=\"noopener\">est ici<\/a>.<\/strong><\/p>\n","protected":false},"excerpt":{"rendered":"<p>35 avenue de Dijou 78500 SARTROUVILLE T\u00e9l : 01.39.68.02.02 M\u00e9l : ce.0782121G@ac-versailles.fr Le r\u00e9seau social de la maternelle est ici.<\/p>\n","protected":false},"author":45,"featured_media":0,"parent":15,"menu_order":0,"comment_status":"closed","ping_status":"closed","template":"","meta":{"_seopress_robots_primary_cat":"","jetpack_post_was_ever_published":false},"categories":[],"tags":[],"jetpack_sharing_enabled":true,"jetpack_shortlink":"https:\/\/wp.me\/PaYu4P-2R","_links":{"self":[{"href":"https:\/\/www.fcpe78.fr\/cl\/sartrouville\/wp-json\/wp\/v2\/pages\/177"}],"collection":[{"href":"https:\/\/www.fcpe78.fr\/cl\/sartrouville\/wp-json\/wp\/v2\/pages"}],"about":[{"href":"https:\/\/www.fcpe78.fr\/cl\/sartrouville\/wp-json\/wp\/v2\/types\/page"}],"author":[{"embeddable":true,"href":"https:\/\/www.fcpe78.fr\/cl\/sartrouville\/wp-json\/wp\/v2\/users\/45"}],"replies":[{"embeddable":true,"href":"https:\/\/www.fcpe78.fr\/cl\/sartrouville\/wp-json\/wp\/v2\/comments?post=177"}],"version-history":[{"count":3,"href":"https:\/\/www.fcpe78.fr\/cl\/sartrouville\/wp-json\/wp\/v2\/pages\/177\/revisions"}],"predecessor-version":[{"id":3585,"href":"https:\/\/www.fcpe78.fr\/cl\/sartrouville\/wp-json\/wp\/v2\/pages\/177\/revisions\/3585"}],"up":[{"embeddable":true,"href":"https:\/\/www.fcpe78.fr\/cl\/sartrouville\/wp-json\/wp\/v2\/pages\/15"}],"wp:attachment":[{"href":"https:\/\/www.fcpe78.fr\/cl\/sartrouville\/wp-json\/wp\/v2\/media?parent=177"}],"wp:term":[{"taxonomy":"category","embeddable":true,"href":"https:\/\/www.fcpe78.fr\/cl\/sartrouville\/wp-json\/wp\/v2\/categories?post=177"},{"taxonomy":"post_tag","embeddable":true,"href":"https:\/\/www.fcpe78.fr\/cl\/sartrouville\/wp-json\/wp\/v2\/tags?post=177"}],"curies":[{"name":"wp","href":"https:\/\/api.w.org\/{rel}","templated":true}]}}