{"id":172,"date":"2019-05-10T15:23:00","date_gmt":"2019-05-10T13:23:00","guid":{"rendered":"http:\/\/www.fcpe78.fr\/cl\/sartrouville\/import-test-6\/"},"modified":"2023-10-07T15:21:45","modified_gmt":"2023-10-07T13:21:45","slug":"ecole-maternelle-jean-jaures","status":"publish","type":"page","link":"https:\/\/www.fcpe78.fr\/cl\/sartrouville\/etablissements\/primaire\/maternelles\/ecole-maternelle-jean-jaures\/","title":{"rendered":"Ecole maternelle Jean Jaur\u00e8s"},"content":{"rendered":"<p>05 RUE DU BAS DE LA PLAINE<br \/>78500 SARTROUVILLE<br \/>T\u00e9l : 01.39.13.50.14<br \/>M\u00e9l : ce.0782175R@ac-versailles.fr<\/p>\n\n\n<p><\/p>\n\n\n\n<p>courriel pour contacter la FCPE de la maternelle Jaur\u00e8s : <a href=\"mailto:fcpe.jaures.maternelle@gmail.com\">fcpe.jaures.maternelle@gmail.com<\/a><\/p>\n\n\n\n<p><\/p>\n\n\n\n<p><a href=\"https:\/\/drive.google.com\/file\/d\/164wbefzKwbdJBj7mPK0OmX258zUQ4c-p\/view?usp=drive_link\">Notre profession de foi FCPE 2023 Jaur\u00e8s maternelle<\/a><\/p>\n","protected":false},"excerpt":{"rendered":"<p>05 RUE DU BAS DE LA PLAINE78500 SARTROUVILLET\u00e9l : 01.39.13.50.14M\u00e9l : ce.0782175R@ac-versailles.fr courriel pour contacter la FCPE de la maternelle Jaur\u00e8s : fcpe.jaures.maternelle@gmail.com Notre profession de foi FCPE 2023 Jaur\u00e8s <a class=\"more-link\" href=\"https:\/\/www.fcpe78.fr\/cl\/sartrouville\/etablissements\/primaire\/maternelles\/ecole-maternelle-jean-jaures\/\">Lire plus &#8230;<\/a><\/p>\n","protected":false},"author":45,"featured_media":0,"parent":15,"menu_order":0,"comment_status":"closed","ping_status":"closed","template":"","meta":{"_seopress_robots_primary_cat":"","jetpack_post_was_ever_published":false},"categories":[19],"tags":[],"jetpack_sharing_enabled":true,"jetpack_shortlink":"https:\/\/wp.me\/PaYu4P-2M","_links":{"self":[{"href":"https:\/\/www.fcpe78.fr\/cl\/sartrouville\/wp-json\/wp\/v2\/pages\/172"}],"collection":[{"href":"https:\/\/www.fcpe78.fr\/cl\/sartrouville\/wp-json\/wp\/v2\/pages"}],"about":[{"href":"https:\/\/www.fcpe78.fr\/cl\/sartrouville\/wp-json\/wp\/v2\/types\/page"}],"author":[{"embeddable":true,"href":"https:\/\/www.fcpe78.fr\/cl\/sartrouville\/wp-json\/wp\/v2\/users\/45"}],"replies":[{"embeddable":true,"href":"https:\/\/www.fcpe78.fr\/cl\/sartrouville\/wp-json\/wp\/v2\/comments?post=172"}],"version-history":[{"count":5,"href":"https:\/\/www.fcpe78.fr\/cl\/sartrouville\/wp-json\/wp\/v2\/pages\/172\/revisions"}],"predecessor-version":[{"id":3359,"href":"https:\/\/www.fcpe78.fr\/cl\/sartrouville\/wp-json\/wp\/v2\/pages\/172\/revisions\/3359"}],"up":[{"embeddable":true,"href":"https:\/\/www.fcpe78.fr\/cl\/sartrouville\/wp-json\/wp\/v2\/pages\/15"}],"wp:attachment":[{"href":"https:\/\/www.fcpe78.fr\/cl\/sartrouville\/wp-json\/wp\/v2\/media?parent=172"}],"wp:term":[{"taxonomy":"category","embeddable":true,"href":"https:\/\/www.fcpe78.fr\/cl\/sartrouville\/wp-json\/wp\/v2\/categories?post=172"},{"taxonomy":"post_tag","embeddable":true,"href":"https:\/\/www.fcpe78.fr\/cl\/sartrouville\/wp-json\/wp\/v2\/tags?post=172"}],"curies":[{"name":"wp","href":"https:\/\/api.w.org\/{rel}","templated":true}]}}