{"id":167,"date":"2019-05-10T15:23:00","date_gmt":"2019-05-10T13:23:00","guid":{"rendered":"http:\/\/www.fcpe78.fr\/cl\/sartrouville\/import-test\/"},"modified":"2019-05-11T11:58:00","modified_gmt":"2019-05-11T09:58:00","slug":"ecole-maternelle-anne-frank","status":"publish","type":"page","link":"https:\/\/www.fcpe78.fr\/cl\/sartrouville\/etablissements\/primaire\/maternelles\/ecole-maternelle-anne-frank\/","title":{"rendered":"Ecole maternelle Anne Frank"},"content":{"rendered":"<p>15 avenue du G\u00e9n\u00e9ral de Gaulle<br \/>\n78500 SARTROUVILLE<br \/>\nT\u00e9l : 01.39.14.33.86<br \/>\nM\u00e9l : ce.0780801X@ac-versailles.fr<\/p>\n<ul class=\"lcp_catlist\" id=\"lcp_instance_0\"><li><a href=\"https:\/\/www.fcpe78.fr\/cl\/sartrouville\/2026\/03\/vos-retours-sur-la-cantine-des-colleges-de-sartrouville\/\">La cantine des coll\u00e8ges &#8211; changement de prestataire \u00e0 la rentr\u00e9e 2026<\/a><\/li><li><a href=\"https:\/\/www.fcpe78.fr\/cl\/sartrouville\/2026\/02\/orientation-choisir-sa-voie-sinspirer-autour-de-sartrouville\/\">Orientation, choisir sa voie, s&rsquo;inspirer autour de Sartrouville<\/a><\/li><li><a href=\"https:\/\/www.fcpe78.fr\/cl\/sartrouville\/2025\/09\/les-elections-des-representants-des-parents-pourquoi-comment\/\">Les \u00e9lections des repr\u00e9sentants des parents, pourquoi choisir la FCPE, comment ?<\/a><\/li><li><a href=\"https:\/\/www.fcpe78.fr\/cl\/sartrouville\/2025\/09\/la-rentree-en-6eme-au-college\/\">La rentr\u00e9e en 6eme au coll\u00e8ge<\/a><\/li><li><a href=\"https:\/\/www.fcpe78.fr\/cl\/sartrouville\/2025\/07\/coin-des-parents-la-place-des-parents-dans-la-scolarite\/\">Sartrouville Infos Jeunes, accompagner leur autonomie<\/a><\/li><li><a href=\"https:\/\/www.fcpe78.fr\/cl\/sartrouville\/2025\/07\/periode-estivale-pause-lecture-pour-les-collegiens\/\">P\u00e9riode estivale, pause lecture pour les coll\u00e9giens<\/a><\/li><li><a href=\"https:\/\/www.fcpe78.fr\/cl\/sartrouville\/2025\/06\/inscription-a-la-cantine-des-colleges\/\">Inscription \u00e0 la cantine des coll\u00e8ges<\/a><\/li><li><a href=\"https:\/\/www.fcpe78.fr\/cl\/sartrouville\/2025\/05\/se-former-et-eclairer-la-vie-scolaire-de-nos-enfants\/\">Se former et \u00e9clairer la vie scolaire de nos enfants<\/a><\/li><li><a href=\"https:\/\/www.fcpe78.fr\/cl\/sartrouville\/2025\/03\/journee-portes-ouvertes-au-college-colette\/\">Journ\u00e9e portes ouvertes au coll\u00e8ge Colette<\/a><\/li><li><a href=\"https:\/\/www.fcpe78.fr\/cl\/sartrouville\/2025\/03\/journee-porte-ouverte-au-college-2\/\">Journ\u00e9e portes ouvertes au coll\u00e8ge Darius Milhaud<\/a><\/li><\/ul>\n","protected":false},"excerpt":{"rendered":"<p>15 avenue du G\u00e9n\u00e9ral de Gaulle 78500 SARTROUVILLE T\u00e9l : 01.39.14.33.86 M\u00e9l : ce.0780801X@ac-versailles.fr<\/p>\n","protected":false},"author":45,"featured_media":0,"parent":15,"menu_order":0,"comment_status":"closed","ping_status":"closed","template":"","meta":{"_seopress_robots_primary_cat":"","jetpack_post_was_ever_published":false},"categories":[],"tags":[],"jetpack_sharing_enabled":true,"jetpack_shortlink":"https:\/\/wp.me\/PaYu4P-2H","_links":{"self":[{"href":"https:\/\/www.fcpe78.fr\/cl\/sartrouville\/wp-json\/wp\/v2\/pages\/167"}],"collection":[{"href":"https:\/\/www.fcpe78.fr\/cl\/sartrouville\/wp-json\/wp\/v2\/pages"}],"about":[{"href":"https:\/\/www.fcpe78.fr\/cl\/sartrouville\/wp-json\/wp\/v2\/types\/page"}],"author":[{"embeddable":true,"href":"https:\/\/www.fcpe78.fr\/cl\/sartrouville\/wp-json\/wp\/v2\/users\/45"}],"replies":[{"embeddable":true,"href":"https:\/\/www.fcpe78.fr\/cl\/sartrouville\/wp-json\/wp\/v2\/comments?post=167"}],"version-history":[{"count":8,"href":"https:\/\/www.fcpe78.fr\/cl\/sartrouville\/wp-json\/wp\/v2\/pages\/167\/revisions"}],"predecessor-version":[{"id":361,"href":"https:\/\/www.fcpe78.fr\/cl\/sartrouville\/wp-json\/wp\/v2\/pages\/167\/revisions\/361"}],"up":[{"embeddable":true,"href":"https:\/\/www.fcpe78.fr\/cl\/sartrouville\/wp-json\/wp\/v2\/pages\/15"}],"wp:attachment":[{"href":"https:\/\/www.fcpe78.fr\/cl\/sartrouville\/wp-json\/wp\/v2\/media?parent=167"}],"wp:term":[{"taxonomy":"category","embeddable":true,"href":"https:\/\/www.fcpe78.fr\/cl\/sartrouville\/wp-json\/wp\/v2\/categories?post=167"},{"taxonomy":"post_tag","embeddable":true,"href":"https:\/\/www.fcpe78.fr\/cl\/sartrouville\/wp-json\/wp\/v2\/tags?post=167"}],"curies":[{"name":"wp","href":"https:\/\/api.w.org\/{rel}","templated":true}]}}