{"id":15,"date":"2019-05-10T11:03:22","date_gmt":"2019-05-10T09:03:22","guid":{"rendered":"http:\/\/www.fcpe78.fr\/cl\/sartrouville\/?page_id=15"},"modified":"2019-05-13T20:25:23","modified_gmt":"2019-05-13T18:25:23","slug":"maternelles","status":"publish","type":"page","link":"https:\/\/www.fcpe78.fr\/cl\/sartrouville\/etablissements\/primaire\/maternelles\/","title":{"rendered":"Maternelles"},"content":{"rendered":"<ul class=\"children\">\n<li class=\"etab\"><a href=\"https:\/\/www.fcpe78.fr\/cl\/sartrouville\/etablissements\/primaire\/maternelles\/ecole-maternelle-anne-frank\/\" target=\"_self\">Anne Frank<\/a><\/li>\n<li class=\"etab\"><a href=\"https:\/\/www.fcpe78.fr\/cl\/sartrouville\/etablissements\/primaire\/maternelles\/ecole-maternelle-danielle-casanova\/\" target=\"_self\">Danielle Casanova<\/a><\/li>\n<li class=\"etab\"><a href=\"https:\/\/www.fcpe78.fr\/cl\/sartrouville\/etablissements\/primaire\/maternelles\/ecole-maternelle-fernand-leger\/\" target=\"_self\">Fernand L\u00e9ger<\/a><\/li>\n<li class=\"etab\"><a href=\"https:\/\/www.fcpe78.fr\/cl\/sartrouville\/etablissements\/primaire\/maternelles\/ecole-maternelle-georges-brassens\/\" target=\"_self\">Georges Brassens<\/a><\/li>\n<li class=\"etab\"><a href=\"https:\/\/www.fcpe78.fr\/cl\/sartrouville\/etablissements\/primaire\/maternelles\/ecole-maternelle-jacques-prevert\/\" target=\"_self\">Jacques Pr\u00e9vert<\/a><\/li>\n<li class=\"etab\"><a href=\"https:\/\/www.fcpe78.fr\/cl\/sartrouville\/etablissements\/primaire\/maternelles\/ecole-maternelle-jean-jaures\/\" target=\"_self\">Jean Jaur\u00e8s<\/a><\/li>\n<li class=\"etab\"><a href=\"https:\/\/www.fcpe78.fr\/cl\/sartrouville\/etablissements\/primaire\/maternelles\/ecole-maternelle-joliot-curie\/\" target=\"_self\">Joliot-Curie<\/a><\/li>\n<li class=\"etab\"><a href=\"https:\/\/www.fcpe78.fr\/cl\/sartrouville\/etablissements\/primaire\/maternelles\/ecole-maternelle-la-fontaine\/\" target=\"_self\">La Fontaine<\/a><\/li>\n<li class=\"etab\"><a href=\"https:\/\/www.fcpe78.fr\/cl\/sartrouville\/etablissements\/primaire\/maternelles\/ecole-maternelle-leo-lagrange\/\" target=\"_self\">L\u00e9o Lagrange<\/a><\/li>\n<li class=\"etab\"><a href=\"https:\/\/www.fcpe78.fr\/cl\/sartrouville\/etablissements\/primaire\/maternelles\/ecole-maternelle-madame-de-sevigne\/\" target=\"_self\">Madame de S\u00e9vign\u00e9<\/a><\/li>\n<li class=\"etab\"><a href=\"https:\/\/www.fcpe78.fr\/cl\/sartrouville\/etablissements\/primaire\/maternelles\/ecole-maternelle-marcel-pagnol\/\" target=\"_self\">Marcel Pagnol<\/a><\/li>\n<li class=\"etab\"><a href=\"https:\/\/www.fcpe78.fr\/cl\/sartrouville\/etablissements\/primaire\/maternelles\/ecole-maternelle-pablo-neruda\/\" target=\"_self\">Pablo Neruda<\/a><\/li>\n<li class=\"etab\"><a href=\"https:\/\/www.fcpe78.fr\/cl\/sartrouville\/etablissements\/primaire\/maternelles\/ecole-maternelle-paul-bert-1\/\" target=\"_self\">Paul Bert 1<\/a><\/li>\n<li class=\"etab\"><a href=\"https:\/\/www.fcpe78.fr\/cl\/sartrouville\/etablissements\/primaire\/maternelles\/ecole-maternelle-paul-langevin\/\" target=\"_self\">Paul Langevin<\/a><\/li>\n<li class=\"etab\"><a href=\"https:\/\/www.fcpe78.fr\/cl\/sartrouville\/etablissements\/primaire\/maternelles\/ecole-maternelle-pierre-brossolette\/\" target=\"_self\">Pierre Brossolette<\/a><\/li>\n<li class=\"etab\"><a href=\"https:\/\/www.fcpe78.fr\/cl\/sartrouville\/etablissements\/primaire\/maternelles\/ecole-maternelle-robert-desnos\/\" target=\"_self\">Robert Desnos<\/a><\/li>\n<\/ul>\n","protected":false},"excerpt":{"rendered":"<p>Anne Frank Danielle Casanova Fernand L\u00e9ger Georges Brassens Jacques Pr\u00e9vert Jean Jaur\u00e8s Joliot-Curie La Fontaine L\u00e9o Lagrange Madame de S\u00e9vign\u00e9 Marcel Pagnol Pablo Neruda Paul Bert 1 Paul Langevin Pierre <a class=\"more-link\" href=\"https:\/\/www.fcpe78.fr\/cl\/sartrouville\/etablissements\/primaire\/maternelles\/\">Lire plus &#8230;<\/a><\/p>\n","protected":false},"author":45,"featured_media":0,"parent":11,"menu_order":0,"comment_status":"closed","ping_status":"closed","template":"","meta":{"_seopress_robots_primary_cat":"","jetpack_post_was_ever_published":false},"categories":[],"tags":[],"jetpack_sharing_enabled":true,"jetpack_shortlink":"https:\/\/wp.me\/PaYu4P-f","_links":{"self":[{"href":"https:\/\/www.fcpe78.fr\/cl\/sartrouville\/wp-json\/wp\/v2\/pages\/15"}],"collection":[{"href":"https:\/\/www.fcpe78.fr\/cl\/sartrouville\/wp-json\/wp\/v2\/pages"}],"about":[{"href":"https:\/\/www.fcpe78.fr\/cl\/sartrouville\/wp-json\/wp\/v2\/types\/page"}],"author":[{"embeddable":true,"href":"https:\/\/www.fcpe78.fr\/cl\/sartrouville\/wp-json\/wp\/v2\/users\/45"}],"replies":[{"embeddable":true,"href":"https:\/\/www.fcpe78.fr\/cl\/sartrouville\/wp-json\/wp\/v2\/comments?post=15"}],"version-history":[{"count":7,"href":"https:\/\/www.fcpe78.fr\/cl\/sartrouville\/wp-json\/wp\/v2\/pages\/15\/revisions"}],"predecessor-version":[{"id":651,"href":"https:\/\/www.fcpe78.fr\/cl\/sartrouville\/wp-json\/wp\/v2\/pages\/15\/revisions\/651"}],"up":[{"embeddable":true,"href":"https:\/\/www.fcpe78.fr\/cl\/sartrouville\/wp-json\/wp\/v2\/pages\/11"}],"wp:attachment":[{"href":"https:\/\/www.fcpe78.fr\/cl\/sartrouville\/wp-json\/wp\/v2\/media?parent=15"}],"wp:term":[{"taxonomy":"category","embeddable":true,"href":"https:\/\/www.fcpe78.fr\/cl\/sartrouville\/wp-json\/wp\/v2\/categories?post=15"},{"taxonomy":"post_tag","embeddable":true,"href":"https:\/\/www.fcpe78.fr\/cl\/sartrouville\/wp-json\/wp\/v2\/tags?post=15"}],"curies":[{"name":"wp","href":"https:\/\/api.w.org\/{rel}","templated":true}]}}