{"id":13,"date":"2019-05-10T11:02:59","date_gmt":"2019-05-10T09:02:59","guid":{"rendered":"http:\/\/www.fcpe78.fr\/cl\/sartrouville\/?page_id=13"},"modified":"2019-05-13T20:12:08","modified_gmt":"2019-05-13T18:12:08","slug":"secondaire","status":"publish","type":"page","link":"https:\/\/www.fcpe78.fr\/cl\/sartrouville\/etablissements\/secondaire\/","title":{"rendered":"Secondaire"},"content":{"rendered":"<ul class=\"children\">\n<li class=\"n1\"><a href=\"https:\/\/www.fcpe78.fr\/cl\/sartrouville\/etablissements\/secondaire\/colleges\/\" target=\"_self\">Coll\u00e8ges<\/a>\n<ul class=\"children\">\n<li class=\"etab\"><a href=\"https:\/\/www.fcpe78.fr\/cl\/sartrouville\/etablissements\/secondaire\/colleges\/college-colette\/\" target=\"_self\">Coll\u00e8ge Colette<\/a><\/li>\n<li class=\"etab\"><a href=\"https:\/\/www.fcpe78.fr\/cl\/sartrouville\/etablissements\/secondaire\/colleges\/college-louis-paulhan\/\" target=\"_self\">Coll\u00e8ge Louis Paulhan<\/a><\/li>\n<li class=\"etab\"><a href=\"https:\/\/www.fcpe78.fr\/cl\/sartrouville\/etablissements\/secondaire\/colleges\/college-romain-rolland\/\" target=\"_self\">Coll\u00e8ge Romain Rolland<\/a><\/li>\n<\/ul>\n<\/li>\n<li class=\"n1\"><a href=\"https:\/\/www.fcpe78.fr\/cl\/sartrouville\/etablissements\/secondaire\/lycees\/\" target=\"_self\">Lyc\u00e9es<\/a>\n<ul class=\"children\">\n<li class=\"etab\"><a href=\"https:\/\/www.fcpe78.fr\/cl\/sartrouville\/etablissements\/secondaire\/lycees\/lycee-general-et-technologique-evariste-galois\/\" target=\"_self\">Lyc\u00e9e g\u00e9n\u00e9ral et technologique Evariste Galois<\/a><\/li>\n<li class=\"etab\"><a href=\"https:\/\/www.fcpe78.fr\/cl\/sartrouville\/etablissements\/secondaire\/lycees\/lycee-polyvalent-jules-verne-lycee-des-metiers-de-lartisanat\/\" target=\"_self\">Lyc\u00e9e polyvalent Jules Verne, lyc\u00e9e des m\u00e9tiers de l\u2019artisanat<\/a><\/li>\n<\/ul>\n<\/li>\n<\/ul>\n","protected":false},"excerpt":{"rendered":"<p>Coll\u00e8ges Coll\u00e8ge Colette Coll\u00e8ge Louis Paulhan Coll\u00e8ge Romain Rolland Lyc\u00e9es Lyc\u00e9e g\u00e9n\u00e9ral et technologique Evariste Galois Lyc\u00e9e polyvalent Jules Verne, lyc\u00e9e des m\u00e9tiers de l\u2019artisanat<\/p>\n","protected":false},"author":45,"featured_media":0,"parent":394,"menu_order":0,"comment_status":"closed","ping_status":"closed","template":"","meta":{"_seopress_robots_primary_cat":"","jetpack_post_was_ever_published":false},"categories":[],"tags":[],"jetpack_sharing_enabled":true,"jetpack_shortlink":"https:\/\/wp.me\/PaYu4P-d","_links":{"self":[{"href":"https:\/\/www.fcpe78.fr\/cl\/sartrouville\/wp-json\/wp\/v2\/pages\/13"}],"collection":[{"href":"https:\/\/www.fcpe78.fr\/cl\/sartrouville\/wp-json\/wp\/v2\/pages"}],"about":[{"href":"https:\/\/www.fcpe78.fr\/cl\/sartrouville\/wp-json\/wp\/v2\/types\/page"}],"author":[{"embeddable":true,"href":"https:\/\/www.fcpe78.fr\/cl\/sartrouville\/wp-json\/wp\/v2\/users\/45"}],"replies":[{"embeddable":true,"href":"https:\/\/www.fcpe78.fr\/cl\/sartrouville\/wp-json\/wp\/v2\/comments?post=13"}],"version-history":[{"count":3,"href":"https:\/\/www.fcpe78.fr\/cl\/sartrouville\/wp-json\/wp\/v2\/pages\/13\/revisions"}],"predecessor-version":[{"id":642,"href":"https:\/\/www.fcpe78.fr\/cl\/sartrouville\/wp-json\/wp\/v2\/pages\/13\/revisions\/642"}],"up":[{"embeddable":true,"href":"https:\/\/www.fcpe78.fr\/cl\/sartrouville\/wp-json\/wp\/v2\/pages\/394"}],"wp:attachment":[{"href":"https:\/\/www.fcpe78.fr\/cl\/sartrouville\/wp-json\/wp\/v2\/media?parent=13"}],"wp:term":[{"taxonomy":"category","embeddable":true,"href":"https:\/\/www.fcpe78.fr\/cl\/sartrouville\/wp-json\/wp\/v2\/categories?post=13"},{"taxonomy":"post_tag","embeddable":true,"href":"https:\/\/www.fcpe78.fr\/cl\/sartrouville\/wp-json\/wp\/v2\/tags?post=13"}],"curies":[{"name":"wp","href":"https:\/\/api.w.org\/{rel}","templated":true}]}}