{"id":1214,"date":"2019-10-20T03:17:16","date_gmt":"2019-10-20T01:17:16","guid":{"rendered":"https:\/\/www.fcpe78.fr\/cl\/sartrouville\/?page_id=1214"},"modified":"2020-09-27T10:11:44","modified_gmt":"2020-09-27T08:11:44","slug":"actualite-ville-departement-academie","status":"publish","type":"page","link":"https:\/\/www.fcpe78.fr\/cl\/sartrouville\/actualite-ville-departement-academie\/","title":{"rendered":"Actualit\u00e9 ville Sartrouville d\u00e9partement 78 acad\u00e9mie Versailles"},"content":{"rendered":"<h2 style=\"text-align: left\"><strong>Actualit\u00e9 du d\u00e9partement<\/strong><\/h2>\n<ul>\n<li style=\"text-align: left\"><a href=\"https:\/\/www.yvelines.fr\/jeunesse\/education\/\" target=\"_blank\" rel=\"noopener noreferrer\">L&rsquo;\u00e9ducation au niveau du d\u00e9partement des Yvelines<\/a><\/li>\n<li style=\"text-align: left\"><a href=\"https:\/\/www.yvelines.fr\/jeunesse\/education\/restauration\/\" target=\"_blank\" rel=\"noopener noreferrer\">La restauration scolaire dans les coll\u00e8ges<\/a><\/li>\n<li style=\"text-align: left\"><a href=\"https:\/\/www.yvelines.fr\/jeunesse\/education\/actionseducatives\/\" target=\"_blank\" rel=\"noopener noreferrer\">L&rsquo;action p\u00e9dagogique pour la r\u00e9ussite scolaire<\/a><\/li>\n<li style=\"text-align: left\"><a href=\"https:\/\/www.yvelinesnum.fr\/numerique-pour-leducation\" target=\"_blank\" rel=\"noopener noreferrer\">Le projet num\u00e9rique \u00e9ducatif des Yvelines<\/a><\/li>\n<\/ul>\n<h2><strong>Zoom sur la ville de Sartrouville<\/strong><\/h2>\n<ul>\n<li style=\"text-align: left\"><a href=\"https:\/\/www.sartrouville.fr\/famille-et-solidarites\/\" target=\"_blank\" rel=\"noopener noreferrer\">La petite enfance et la scolarit\u00e9<\/a><\/li>\n<li style=\"text-align: left\"><a href=\"https:\/\/www.sartrouville.fr\/famille-et-solidarites\/vie-scolaire\/\" target=\"_blank\" rel=\"noopener noreferrer\">Un service SMS et l&rsquo;actualit\u00e9 des \u00e9coles maternelles et \u00e9l\u00e9mentaires<\/a><\/li>\n<\/ul>\n<h3>Les articles<\/h3>\n<p style=\"text-align: left\"><ul class=\"lcp_catlist\" id=\"lcp_instance_0\"><li><a href=\"https:\/\/www.fcpe78.fr\/cl\/sartrouville\/2024\/09\/les-parents-fcpe-lactu-de-la-rentree-avec-les-partenaires-pour-accompagner-nos-enfants\/\">L&rsquo;actu de la rentr\u00e9e vue au niveau local avec les partenaires pour accompagner nos enfants<\/a><\/li><li><a href=\"https:\/\/www.fcpe78.fr\/cl\/sartrouville\/2024\/08\/salon-des-associations-la-fcpe-a-sartrouville\/\">Salon des associations &#8211; La FCPE \u00e0 Sartrouville<\/a><\/li><li><a href=\"https:\/\/www.fcpe78.fr\/cl\/sartrouville\/2022\/09\/commissions-des-menus-vos-retours-sur-les-repas\/\">Vos retours sur la cantine scolaire sont essentiels !<\/a><\/li><li><a href=\"https:\/\/www.fcpe78.fr\/cl\/sartrouville\/2022\/05\/sartrouville-famille-et-jeunesse-le-programme-de-la-rentree-sept-2021\/\">Sartrouville &#8211; Famille et Jeunesse, le programme<\/a><\/li><li><a href=\"https:\/\/www.fcpe78.fr\/cl\/sartrouville\/2022\/01\/sartrouville-information-sur-la-sectorisation-ecoles-et-colleges\/\">Sartrouville Information sur la sectorisation \u00e9coles et coll\u00e8ges<\/a><\/li><li><a href=\"https:\/\/www.fcpe78.fr\/cl\/sartrouville\/2021\/06\/echange-mairie-representants-des-parents-deleves-18-juin-2021\/\">ECHANGE MAIRIE \u2013 REPRESENTANTS DES PARENTS D\u2019ELEVES &#8211; 18 juin 2021<\/a><\/li><li><a href=\"https:\/\/www.fcpe78.fr\/cl\/sartrouville\/2021\/05\/commission-scolaire-mairie-representants-des-parents-deleves-4-mai-2021-2\/\">COMMISSION SCOLAIRE MAIRIE \u2013 REPRESENTANTS DES PARENTS D\u2019ELEVES &#8211; 4 mai 2021<\/a><\/li><li><a href=\"https:\/\/www.fcpe78.fr\/cl\/sartrouville\/2020\/05\/reprise-progressive-de-lecole-en-presentiel\/\">Reprise progressive de l&rsquo;\u00e9cole en pr\u00e9sentiel<\/a><\/li><li><a href=\"https:\/\/www.fcpe78.fr\/cl\/sartrouville\/2019\/05\/la-maison-de-la-famille-a-sartrouville\/\">La Maison de la famille \u00e0 Sartrouville<\/a><\/li><li><a href=\"https:\/\/www.fcpe78.fr\/cl\/sartrouville\/2019\/04\/reunion-ville-parents-deleves-du-10-04-2019\/\">REUNION VILLE \/ PARENTS D\u2019ELEVES du 10\/04\/2019<\/a><\/li><\/ul><\/p>\n<header class=\"entry-header\">\n<h2 class=\"entry-title\"><strong>Acad\u00e9mie Versailles \u2013 DSDEN 78<\/strong><\/h2>\n<\/header>\n<div class=\"entry-content\">\n<h4><a href=\"https:\/\/www.ac-versailles.fr\/dsden78\/pid35229\/accueil.html\" target=\"_blank\" rel=\"noopener noreferrer\">DSDEN 78 (Direction des Services D\u00e9partementaux de l\u2019\u00e9ducation Nationale des Yvelines)<\/a><\/h4>\n<h3><a href=\"https:\/\/www.ac-versailles.fr\/\" target=\"_blank\" rel=\"noopener noreferrer\">Acad\u00e9mie de Versailles<\/a><\/h3>\n<p>Premi\u00e8re acad\u00e9mie par ses effectifs avec pr\u00e8s d\u2019un million d\u2019\u00e9l\u00e8ves dans les premier et second degr\u00e9s (9% des effectifs scolaris\u00e9s en France), l\u2019acad\u00e9mie de <b>Versailles<\/b> accueille et g\u00e8re pr\u00e8s de 90 000 agents (enseignants, personnels d\u2019\u00e9ducation et d\u2019encadrement, techniciens, personnels administratifs, ouvriers, de service et de sant\u00e9).<\/p>\n<h4><a href=\"https:\/\/www.ac-versailles.fr\/pid35039\/les-territoires-academie.html\" target=\"_blank\" rel=\"noopener noreferrer\">Annuaire des \u00e9tablissements scolaires de Sartrouville via la carte des territoires de l\u2019acad\u00e9mie<\/a><\/h4>\n<h4><a href=\"https:\/\/www.ac-versailles.fr\/Projet2020\/cid115522\/l-integralite-du-projet-academique.html#axe1objectif3levier1\" target=\"_blank\" rel=\"noopener noreferrer\">Le projet acad\u00e9mique<\/a><\/h4>\n<h6><strong>Axe 1 : R\u00e9ussir \u00e0 tout niveau et dans chaque territoire<\/strong><\/h6>\n<ul>\n<li style=\"text-align: left\">Objectif 1&nbsp;: Inclure tous les \u00e9l\u00e8ves dans les apprentissages<\/li>\n<li style=\"text-align: left\">Objectif 2&nbsp;: Accompagner chaque \u00e9l\u00e8ve dans un parcours ambitieux et s\u00e9curis\u00e9<\/li>\n<li style=\"text-align: left\">Objectif 3&nbsp;: Engager une nouvelle dynamique territoriale<\/li>\n<\/ul>\n<h5><a href=\"https:\/\/www.dailymotion.com\/video\/x5jhrsb\" target=\"_blank\" rel=\"noopener noreferrer\">(L\u2019axe 1 expliqu\u00e9 en vid\u00e9o)<\/a><\/h5>\n<h6><strong>Axe 2&nbsp;: Apprendre et agir dans le monde du 21\u00e8me si\u00e8cle<\/strong><\/h6>\n<ul>\n<li style=\"text-align: left\">Objectif 1&nbsp;: Favoriser l\u2019engagement individuel et collectif<\/li>\n<li style=\"text-align: left\">Objectif 2&nbsp;: Promouvoir l\u2019exp\u00e9rience de la mobilit\u00e9 comme valeur \u00e9ducative<\/li>\n<li style=\"text-align: left\">Objectif 3&nbsp;: Acqu\u00e9rir les nouveaux langages<\/li>\n<\/ul>\n<h6><strong>Axe 3&nbsp;: Mobiliser les intelligences<\/strong><\/h6>\n<ul>\n<li style=\"text-align: left\">Objectif 1&nbsp;: Construire une acad\u00e9mie de formation<\/li>\n<li style=\"text-align: left\">Objectif 2&nbsp;: S\u2019engager dans une culture du d\u00e9veloppement professionnel<\/li>\n<li style=\"text-align: left\">Objectif 3&nbsp;: S\u2019investir dans une organisation apprenante<\/li>\n<\/ul>\n<\/div>\n","protected":false},"excerpt":{"rendered":"<p>Actualit\u00e9 du d\u00e9partement L&rsquo;\u00e9ducation au niveau du d\u00e9partement des Yvelines La restauration scolaire dans les coll\u00e8ges L&rsquo;action p\u00e9dagogique pour la r\u00e9ussite scolaire Le projet num\u00e9rique \u00e9ducatif des Yvelines Zoom sur <a class=\"more-link\" href=\"https:\/\/www.fcpe78.fr\/cl\/sartrouville\/actualite-ville-departement-academie\/\">Lire plus &#8230;<\/a><\/p>\n","protected":false},"author":46,"featured_media":0,"parent":0,"menu_order":0,"comment_status":"closed","ping_status":"closed","template":"","meta":{"_seopress_robots_primary_cat":"","jetpack_post_was_ever_published":false},"categories":[],"tags":[],"jetpack_sharing_enabled":true,"jetpack_shortlink":"https:\/\/wp.me\/PaYu4P-jA","_links":{"self":[{"href":"https:\/\/www.fcpe78.fr\/cl\/sartrouville\/wp-json\/wp\/v2\/pages\/1214"}],"collection":[{"href":"https:\/\/www.fcpe78.fr\/cl\/sartrouville\/wp-json\/wp\/v2\/pages"}],"about":[{"href":"https:\/\/www.fcpe78.fr\/cl\/sartrouville\/wp-json\/wp\/v2\/types\/page"}],"author":[{"embeddable":true,"href":"https:\/\/www.fcpe78.fr\/cl\/sartrouville\/wp-json\/wp\/v2\/users\/46"}],"replies":[{"embeddable":true,"href":"https:\/\/www.fcpe78.fr\/cl\/sartrouville\/wp-json\/wp\/v2\/comments?post=1214"}],"version-history":[{"count":24,"href":"https:\/\/www.fcpe78.fr\/cl\/sartrouville\/wp-json\/wp\/v2\/pages\/1214\/revisions"}],"predecessor-version":[{"id":1792,"href":"https:\/\/www.fcpe78.fr\/cl\/sartrouville\/wp-json\/wp\/v2\/pages\/1214\/revisions\/1792"}],"wp:attachment":[{"href":"https:\/\/www.fcpe78.fr\/cl\/sartrouville\/wp-json\/wp\/v2\/media?parent=1214"}],"wp:term":[{"taxonomy":"category","embeddable":true,"href":"https:\/\/www.fcpe78.fr\/cl\/sartrouville\/wp-json\/wp\/v2\/categories?post=1214"},{"taxonomy":"post_tag","embeddable":true,"href":"https:\/\/www.fcpe78.fr\/cl\/sartrouville\/wp-json\/wp\/v2\/tags?post=1214"}],"curies":[{"name":"wp","href":"https:\/\/api.w.org\/{rel}","templated":true}]}}