{"id":1190,"date":"2023-09-19T17:51:45","date_gmt":"2023-09-19T15:51:45","guid":{"rendered":"https:\/\/www.fcpe78.fr\/cl\/sartrouville\/?page_id=1190"},"modified":"2023-12-11T01:19:22","modified_gmt":"2023-12-11T00:19:22","slug":"quelques-sites-pour-accompagner-les-parents","status":"publish","type":"page","link":"https:\/\/www.fcpe78.fr\/cl\/sartrouville\/quelques-sites-pour-accompagner-les-parents\/","title":{"rendered":"Parents, faire le lien avec les personnels et organismes autour de la scolarit\u00e9"},"content":{"rendered":"<h5><\/h5>\n<h5><img decoding=\"async\" loading=\"lazy\" class=\" wp-image-1310 alignleft\" src=\"https:\/\/i0.wp.com\/www.fcpe78.fr\/cl\/sartrouville\/files\/2019\/10\/queston_2.jpg?resize=134%2C130&#038;ssl=1\" alt=\"\" width=\"134\" height=\"130\" data-recalc-dims=\"1\" \/><\/h5>\n<h5><\/h5>\n<h5><\/h5>\n<h5>Des sites propos\u00e9s et pr\u00e9sent\u00e9s sans classement pour une aide plut\u00f4t orient\u00e9e parents, en lien avec l&rsquo;\u00e9ducation<\/h5>\n<p>Et pour commencer, dans le menu du site, retrouvez nos dossiers th\u00e9matiques, les contacts par \u00e9tablissement.<\/p>\n<p>L&rsquo;\u00e9quipe FCPE des repr\u00e9sentants des parents Sartrouville<\/p>\n<p>&#8212;&#8212;&#8212;<\/p>\n<p><a href=\"https:\/\/www.fcpe.asso.fr\/les-conseils-aux-parents\" target=\"_blank\" rel=\"noopener\"><strong>Des articles propos\u00e9s r\u00e9gulierement par le site nationnal de la FCPE<\/strong><\/a><\/p>\n<p><a href=\"https:\/\/www.fcpe78.fr\/cl\/sartrouville\/2021\/03\/construire-lecole-ensemble\/\" target=\"_blank\" rel=\"noopener\"><strong>Constuire ensemble :<\/strong> une consultation qui implique tous les acteurs de la vie scolaire y compris les parents<\/a><\/p>\n<p><a href=\"https:\/\/mallettedesparents.education.gouv.fr\/\" target=\"_blank\" rel=\"noopener\">https:\/\/<strong>mallettedesparents<\/strong>.education.gouv.fr\/<\/a><\/p>\n<p><strong>Les grandes \u00e9tapes de la scolarit\u00e9 de votre enfant de la maternelle au coll\u00e8ge<\/strong>. Ce site propose de nombreux rep\u00e8res et ressources pour accompagner votre enfant vers sa r\u00e9ussite scolaire.<\/p>\n<p><a href=\"http:\/\/www.pedagojeux.fr\/\" target=\"_blank\" rel=\"noopener\">http:\/\/www.<strong>pedagojeux.fr<\/strong>\/<\/a><\/p>\n<p>Vos enfants jouent aux jeux vid\u00e9o. En tant que parents, vous souhaitez g\u00e9rer au mieux cette activit\u00e9 ? Vous \u00eates pr\u00e9occup\u00e9s par le temps qu\u2019ils y passent ? Vous ne connaissez pas vraiment les diff\u00e9rents types de jeux auxquels ils ont acc\u00e8s ?<\/p>\n<p><a href=\"https:\/\/www.reseau-canope.fr\/vivre-ensemble.html\" target=\"_blank\" rel=\"noopener\">https:\/\/www.<strong>reseau-canope.fr<\/strong>\/vivre-ensemble.html<\/a><\/p>\n<p><strong>S&rsquo;informer et enseigner.<\/strong> Ce site tr\u00e9s riche est orient\u00e9 enseignant mais parfois bien utile pour comprendre . Ici une page qui aborde\u00a0 Laicit\u00e9, citoyennet\u00e9, relation \u00e9ducative et vie scolaire, \u00e9ducation au developpement durable<\/p>\n<p><a href=\"https:\/\/www.reseau-canope.fr\/agence-des-usages.html\" target=\"_blank\" rel=\"noopener\">https:\/\/www.reseau-canope.fr\/<strong>agence-des-usages<\/strong>.html<\/a><\/p>\n<p><img decoding=\"async\" loading=\"lazy\" class=\"alignnone size-full wp-image-1945\" src=\"https:\/\/i0.wp.com\/www.fcpe78.fr\/cl\/sartrouville\/files\/2020\/10\/Questions-r\u00e9ponses-e1602616387304.jpg?resize=100%2C95&#038;ssl=1\" alt=\"\" width=\"100\" height=\"95\" data-recalc-dims=\"1\" \/>l\u2019Agence des usages vise \u00e0 <strong>promouvoir les usages \u00e9ducatifs du num\u00e9rique en accompagnant les pratiques<\/strong><\/p>\n<p><a href=\"http:\/\/www.parents-toujours.info\/-Documents-\" target=\"_blank\" rel=\"noopener\">http:\/\/www<strong>.parents-toujours.info<\/strong>\/-Documents-<\/a><\/p>\n<p>Des documents r\u00e9pertori\u00e9s ici pour \u00e9clairer les parents<\/p>\n<p><a href=\"http:\/\/www.parentsvouscomptez.ca\/index.cfm?fuseaction=Page.viewPage&amp;pageId=619\" target=\"_blank\" rel=\"noopener\">http:\/\/<strong>www.parentsvouscomptez.ca<\/strong>\/index.cfm?fuseaction=Page.viewPage&amp;pageId=619<\/a><\/p>\n<p><span class=\"textbody\"> Ressources, en format PDF, d&rsquo;abord publi\u00e9s <strong>pour accompagner <em>Jouer et Grandir<\/em><\/strong><\/span><\/p>\n<p><a href=\"http:\/\/www.parentsvouscomptez.ca\/index.cfm?fuseaction=page.viewpage&amp;pageid=627#Gen\" target=\"_blank\" rel=\"noopener\">http:\/\/<strong>www.parentsvouscomptez.ca<\/strong>\/index.cfm?fuseaction=page.viewpage&amp;pageid=627#Gen<\/a><\/p>\n<p>Liste de sites Web choisis parce que leur contenu est consid\u00e9r\u00e9 comme \u00e9tant appropri\u00e9 pour les parents en g\u00e9n\u00e9ral. La pr\u00e9f\u00e9rence a \u00e9t\u00e9 donn\u00e9e aux sites canadiens, mais quelques sites internationaux sont inclus et identifi\u00e9s comme tels.<\/p>\n","protected":false},"excerpt":{"rendered":"<p>Des sites propos\u00e9s et pr\u00e9sent\u00e9s sans classement pour une aide plut\u00f4t orient\u00e9e parents, en lien avec l&rsquo;\u00e9ducation Et pour commencer, dans le menu du site, retrouvez nos dossiers th\u00e9matiques, les <a class=\"more-link\" href=\"https:\/\/www.fcpe78.fr\/cl\/sartrouville\/quelques-sites-pour-accompagner-les-parents\/\">Lire plus &#8230;<\/a><\/p>\n","protected":false},"author":46,"featured_media":2399,"parent":0,"menu_order":0,"comment_status":"closed","ping_status":"closed","template":"","meta":{"_seopress_robots_primary_cat":"","jetpack_post_was_ever_published":false},"categories":[8,32,7,9,6,4,5],"tags":[61,56,81,82,63,62],"jetpack_sharing_enabled":true,"jetpack_shortlink":"https:\/\/wp.me\/PaYu4P-jc","_links":{"self":[{"href":"https:\/\/www.fcpe78.fr\/cl\/sartrouville\/wp-json\/wp\/v2\/pages\/1190"}],"collection":[{"href":"https:\/\/www.fcpe78.fr\/cl\/sartrouville\/wp-json\/wp\/v2\/pages"}],"about":[{"href":"https:\/\/www.fcpe78.fr\/cl\/sartrouville\/wp-json\/wp\/v2\/types\/page"}],"author":[{"embeddable":true,"href":"https:\/\/www.fcpe78.fr\/cl\/sartrouville\/wp-json\/wp\/v2\/users\/46"}],"replies":[{"embeddable":true,"href":"https:\/\/www.fcpe78.fr\/cl\/sartrouville\/wp-json\/wp\/v2\/comments?post=1190"}],"version-history":[{"count":14,"href":"https:\/\/www.fcpe78.fr\/cl\/sartrouville\/wp-json\/wp\/v2\/pages\/1190\/revisions"}],"predecessor-version":[{"id":3394,"href":"https:\/\/www.fcpe78.fr\/cl\/sartrouville\/wp-json\/wp\/v2\/pages\/1190\/revisions\/3394"}],"wp:featuredmedia":[{"embeddable":true,"href":"https:\/\/www.fcpe78.fr\/cl\/sartrouville\/wp-json\/wp\/v2\/media\/2399"}],"wp:attachment":[{"href":"https:\/\/www.fcpe78.fr\/cl\/sartrouville\/wp-json\/wp\/v2\/media?parent=1190"}],"wp:term":[{"taxonomy":"category","embeddable":true,"href":"https:\/\/www.fcpe78.fr\/cl\/sartrouville\/wp-json\/wp\/v2\/categories?post=1190"},{"taxonomy":"post_tag","embeddable":true,"href":"https:\/\/www.fcpe78.fr\/cl\/sartrouville\/wp-json\/wp\/v2\/tags?post=1190"}],"curies":[{"name":"wp","href":"https:\/\/api.w.org\/{rel}","templated":true}]}}