{"id":1134,"date":"2025-09-30T11:37:48","date_gmt":"2025-09-30T09:37:48","guid":{"rendered":"https:\/\/www.fcpe78.fr\/cl\/sartrouville\/?page_id=1134"},"modified":"2025-09-30T11:37:49","modified_gmt":"2025-09-30T09:37:49","slug":"elections-des-representants-des-parents-deleves","status":"publish","type":"page","link":"https:\/\/www.fcpe78.fr\/cl\/sartrouville\/dossiers-thematiques\/acteurs-de-la-vie-scolaire\/elections-des-representants-des-parents-deleves\/","title":{"rendered":"Elections des repr\u00e9sentants des parents d&rsquo;\u00e9l\u00e8ves"},"content":{"rendered":"<div class=\"padding-left-10\">\n<div class=\"chapo margin-bottom-20 padding-top-10 font-georgia font-12 font-grey bold\">\n<p>Dans les \u00e9coles, les coll\u00e8ges, les lyc\u00e9es, <strong>les parents d&rsquo;\u00e9l\u00e8ves \u00e9lisent<\/strong> tous les ans avant la fin de la septi\u00e8me semaine de l&rsquo;ann\u00e9e scolaire, <strong>des parents pour les repr\u00e9senter au sein des instances scolaires<\/strong>\u00a0: le conseil d&rsquo;\u00e9cole pour les \u00e9coles maternelles et \u00e9l\u00e9mentaires et le conseil d&rsquo;administration pour les \u00e9tablissements scolaires du second degr\u00e9.<\/p>\n<\/div>\n<\/div>\n<div class=\"content-default\">\n<div class=\"sommaire-ed2 overflow-hidden margin-bottom-10\">\n<div class=\"float-left\">\n<p>Chaque parent est \u00e9lecteur et \u00e9ligible sous r\u00e9serve qu&rsquo;il soit d\u00e9tenteur de l&rsquo;autorit\u00e9 parentale. Il ne dispose que d&rsquo;une voix quel que soit le nombre de ses enfants inscrits dans le m\u00eame \u00e9tablissement.<\/p>\n<\/div>\n<\/div>\n<\/div>\n<div class=\"content-default dossier-docu-body\">\n<ul>\n<li style=\"text-align: left\"><strong><a href=\"https:\/\/www.fcpe.asso.fr\/search\/node?keys=election\" target=\"_blank\" rel=\"noopener\">Tout sur le sujet ici sur le site FCPE national<\/a><\/strong><\/li>\n<li style=\"text-align: left\"><a href=\"https:\/\/www.fcpe78.fr\/cl\/sartrouville\/files\/2019\/10\/guide_pratique_elections_parents_eleves_CE_CA_Aout_2018_991216.pdf\" target=\"_blank\" rel=\"noopener\"><strong>Guide relatif \u00e0 l&rsquo;organisation des \u00e9lections des repr\u00e9sentants des parents d&rsquo;\u00e9l\u00e8ves au conseil d&rsquo;\u00e9cole et au conseil d&rsquo;administration<\/strong><\/a><\/li>\n<li style=\"text-align: left\"><strong><a href=\"https:\/\/eduscol.education.fr\/cid48223\/elections-des-representants-des-parents-d-eleves.html\" target=\"_blank\" rel=\"noopener\">Les mises \u00e0 jour de ce guide sur le site Eduscol<\/a><br \/>\n<\/strong><\/li>\n<\/ul>\n<h2><img decoding=\"async\" loading=\"lazy\" class=\"alignnone size-full wp-image-1143\" src=\"https:\/\/i0.wp.com\/www.fcpe78.fr\/cl\/sartrouville\/files\/2019\/10\/election-venez-voter.jpg?resize=262%2C192&#038;ssl=1\" alt=\"\" width=\"262\" height=\"192\" data-recalc-dims=\"1\" \/>\u00a0\u00a0\u00a0 Les \u00e9lections en pratique<\/h2>\n<h3>Vote \u00e0 l&rsquo;urne, vote par correspondance, vote \u00e9lectronique ?<\/h3>\n<div>Vous trouverez le d\u00e9tail des dispositions dans cet article \u00ab\u00a0<a href=\"https:\/\/www.education.gouv.fr\/les-parents-d-eleves-11834#:~:text=Les%20%C3%A9lections%20des%20repr%C3%A9sentants%20des%20parents%20d'%C3%A9l%C3%A8ves%20sont%20effectu%C3%A9es,le%20samedi%2011%20octobre%202025\" target=\"_blank\" rel=\"noopener\">R\u00d4LE ET PLACE DES PARENTS, \u00c9lections Scolaires<\/a>\u00ab\u00a0<\/div>\n<div><\/div>\n<\/div>\n<h3><strong>Le vote \u00e9lectronique ?<\/strong><\/h3>\n<div>Certains ENT permettent ce mode de vote. Depuis 2025, Pronote dispose d&rsquo;un module conforme aux exigences. Quelques \u00e9l\u00e9ments \u00e9clairant le sujet : <a href=\"http:\/\/questions.assemblee-nationale.fr\/q15\/15-4645QE.htm\" target=\"_blank\" rel=\"noopener\">question \u00e0 l&rsquo;assembl\u00e9e nationale \u00ab\u00a0dans quelle mesure le minist\u00e8re de l&rsquo;\u00e9ducation nationale envisagerait de mettre en place un syst\u00e8me de vote \u00e9lectronique pour ces \u00e9lections, de la m\u00eame mani\u00e8re que cela se d\u00e9roule pour les \u00e9lections professionnelles\u00a0\u00bb<\/a><\/div>\n<div class=\"content-default dossier-docu-body\">\n<h3>Quand ont lieu les \u00e9lections\u00a0?<\/h3>\n<p>&#8211; au plus tard avant la fin de la septi\u00e8me semaine de l&rsquo;ann\u00e9e scolaire. Deux dates sont fix\u00e9es par d\u00e9cision minist\u00e9rielle. Le jour du scrutin est choisi parmi ces deux dates par la commission \u00e9lectorale dans le premier degr\u00e9 et par le chef d&rsquo;\u00e9tablissement dans le second degr\u00e9.<\/p>\n<h3>Qui peut voter\u00a0?<\/h3>\n<p>Chacun des deux parents est \u00e9lecteur, qu&rsquo;il soit mari\u00e9 ou non, s\u00e9par\u00e9 ou divorc\u00e9, sous r\u00e9serve de ne s&rsquo;\u00eatre pas vu retirer l&rsquo;autorit\u00e9 parentale.\u00a0Chaque \u00e9lecteur ne dispose que d&rsquo;une voix quel que soit le nombre de ses enfants inscrits dans le m\u00eame \u00e9tablissement.<\/p>\n<h3>Qui est \u00e9ligible\u00a0?<\/h3>\n<p>Tous les parents \u00e9lecteurs sont \u00e9ligibles, \u00e0 l&rsquo;exception des personnels de l&rsquo;\u00e9tablissement membres de droit du conseil d&rsquo;administration et des personnes qui en sont d\u00e9j\u00e0 membres (d\u00e9sign\u00e9es par un organisme ou \u00e9lues au titre d&rsquo;un autre coll\u00e8ge \u00e9lectoral).<\/p>\n<h3>Quel est le mode de scrutin\u00a0?<\/h3>\n<p>L&rsquo;\u00e9lection a lieu au scrutin de liste \u00e0 la repr\u00e9sentation proportionnelle au plus fort reste. Chaque liste doit comporter au moins deux noms de candidat et, au plus, le double du nombre de si\u00e8ges \u00e0 pourvoir.<\/p>\n<h3>Combien y a-t-il de parents \u00e9lus dans les \u00e9coles et les \u00e9tablissements?<\/h3>\n<p>Dans le premier degr\u00e9, il y a autant de repr\u00e9sentants de parents d&rsquo;\u00e9l\u00e8ves au conseil d&rsquo;\u00e9cole que de classes dans l&rsquo;\u00e9cole. Ils sont environ 220 000 pour l&rsquo;ensemble des \u00e9coles maternelles et \u00e9l\u00e9mentaires.<\/p>\n<p>Dans le second degr\u00e9, le nombre de parents \u00e9lus d\u00e9pend du type d&rsquo;\u00e9tablissement et de sa taille. Les repr\u00e9sentants des parents d&rsquo;\u00e9l\u00e8ves sont au nombre de 5 dans un lyc\u00e9e ou dans un \u00e9tablissement r\u00e9gional d&rsquo;enseignement adapt\u00e9, 6 dans un coll\u00e8ge de moins de 600 \u00e9l\u00e8ves et ne comportant pas de section d&rsquo;\u00e9ducation sp\u00e9cialis\u00e9e (SEGPA) et 7 dans les autres coll\u00e8ges.<br \/>\nIls sont environ 48 000 au niveau national.<\/p>\n<p>Les repr\u00e9sentants des parents d&rsquo;\u00e9l\u00e8ves sont \u00e9lus pour si\u00e9ger au conseil d&rsquo;administration\u00a0\u00a0 des coll\u00e8ges ou des lyc\u00e9es.<\/p>\n<h3>Elus pour quelle p\u00e9riode ?<\/h3>\n<p>Ils sont \u00e9lus pour la dur\u00e9e de l&rsquo;ann\u00e9e scolaire. Leur mandat expire le jour de la premi\u00e8re r\u00e9union du conseil qui suit leur renouvellement (\u00e9lection qui a lieu au plus tard avant la fin de la septi\u00e8me semaine de l&rsquo;ann\u00e9e scolaire).<\/p>\n<p><main id=\"main\" class=\"site-main\" role=\"main\"><\/p>\n<article id=\"post-1085\" class=\"post-1085 post type-post status-publish format-standard has-post-thumbnail hentry category-colette tag-agenda tag-college tag-fcpe\">\n<div class=\"entry-container\">\n<div class=\"entry-content\">\n<p><img decoding=\"async\" loading=\"lazy\" class=\"alignleft size-full wp-image-1945 jetpack-lazy-image jetpack-lazy-image--handled\" src=\"https:\/\/i0.wp.com\/www.fcpe78.fr\/cl\/sartrouville\/files\/2020\/10\/Questions-r\u00e9ponses-e1602616387304.jpg?resize=100%2C95&amp;ssl=1\" alt=\"\" width=\"100\" height=\"95\" data-lazy-loaded=\"1\" \/><\/p>\n<p><strong>Les \u00e9lections des repr\u00e9sentants des parents, c\u2019est d\u00e9but octobre. Votez !<\/strong><\/p>\n<p><strong>L\u2019\u00e9quipe FCPE vous donne RV ! <a href=\"https:\/\/www.fcpe78.fr\/cl\/sartrouville\/contact_fcpe_sartrouville\/\" target=\"_blank\" rel=\"noopener\">Vous recherchez les contacts pour une \u00e9cole particuli\u00e8re ? Vous\u00a0 souhaitez \u00e9changer sur un sujet, contactez-nous !<\/a><br \/>\n<\/strong><\/p>\n<\/div>\n<\/div>\n<\/article>\n<p><\/main><\/div>\n","protected":false},"excerpt":{"rendered":"<p>Dans les \u00e9coles, les coll\u00e8ges, les lyc\u00e9es, les parents d&rsquo;\u00e9l\u00e8ves \u00e9lisent tous les ans avant la fin de la septi\u00e8me semaine de l&rsquo;ann\u00e9e scolaire, des parents pour les repr\u00e9senter au <a class=\"more-link\" href=\"https:\/\/www.fcpe78.fr\/cl\/sartrouville\/dossiers-thematiques\/acteurs-de-la-vie-scolaire\/elections-des-representants-des-parents-deleves\/\">Lire plus &#8230;<\/a><\/p>\n","protected":false},"author":46,"featured_media":1143,"parent":722,"menu_order":0,"comment_status":"closed","ping_status":"closed","template":"","meta":{"_seopress_robots_primary_cat":"","jetpack_post_was_ever_published":false},"categories":[8,32,7,3,9,6,4,5],"tags":[],"jetpack_sharing_enabled":true,"jetpack_shortlink":"https:\/\/wp.me\/PaYu4P-ii","_links":{"self":[{"href":"https:\/\/www.fcpe78.fr\/cl\/sartrouville\/wp-json\/wp\/v2\/pages\/1134"}],"collection":[{"href":"https:\/\/www.fcpe78.fr\/cl\/sartrouville\/wp-json\/wp\/v2\/pages"}],"about":[{"href":"https:\/\/www.fcpe78.fr\/cl\/sartrouville\/wp-json\/wp\/v2\/types\/page"}],"author":[{"embeddable":true,"href":"https:\/\/www.fcpe78.fr\/cl\/sartrouville\/wp-json\/wp\/v2\/users\/46"}],"replies":[{"embeddable":true,"href":"https:\/\/www.fcpe78.fr\/cl\/sartrouville\/wp-json\/wp\/v2\/comments?post=1134"}],"version-history":[{"count":9,"href":"https:\/\/www.fcpe78.fr\/cl\/sartrouville\/wp-json\/wp\/v2\/pages\/1134\/revisions"}],"predecessor-version":[{"id":3631,"href":"https:\/\/www.fcpe78.fr\/cl\/sartrouville\/wp-json\/wp\/v2\/pages\/1134\/revisions\/3631"}],"up":[{"embeddable":true,"href":"https:\/\/www.fcpe78.fr\/cl\/sartrouville\/wp-json\/wp\/v2\/pages\/722"}],"wp:featuredmedia":[{"embeddable":true,"href":"https:\/\/www.fcpe78.fr\/cl\/sartrouville\/wp-json\/wp\/v2\/media\/1143"}],"wp:attachment":[{"href":"https:\/\/www.fcpe78.fr\/cl\/sartrouville\/wp-json\/wp\/v2\/media?parent=1134"}],"wp:term":[{"taxonomy":"category","embeddable":true,"href":"https:\/\/www.fcpe78.fr\/cl\/sartrouville\/wp-json\/wp\/v2\/categories?post=1134"},{"taxonomy":"post_tag","embeddable":true,"href":"https:\/\/www.fcpe78.fr\/cl\/sartrouville\/wp-json\/wp\/v2\/tags?post=1134"}],"curies":[{"name":"wp","href":"https:\/\/api.w.org\/{rel}","templated":true}]}}