{"id":1036,"date":"2019-07-16T18:44:32","date_gmt":"2019-07-16T16:44:32","guid":{"rendered":"http:\/\/www.fcpe78.fr\/cl\/sartrouville\/?page_id=1036"},"modified":"2021-04-13T22:01:32","modified_gmt":"2021-04-13T20:01:32","slug":"charte-du-site","status":"publish","type":"page","link":"https:\/\/www.fcpe78.fr\/cl\/sartrouville\/1042-2\/contact_fcpe_sartrouville\/charte-du-site\/","title":{"rendered":"Charte du site"},"content":{"rendered":"<p><img decoding=\"async\" loading=\"lazy\" class=\" wp-image-1035 alignleft\" src=\"https:\/\/i0.wp.com\/www.fcpe78.fr\/cl\/sartrouville\/files\/2019\/07\/Charte-e1563295288796.png?resize=161%2C192&#038;ssl=1\" alt=\"\" width=\"161\" height=\"192\" data-recalc-dims=\"1\" \/>Ce site a pour but de mettre en avant l&rsquo;actualit\u00e9 de la vie scolaire sur les \u00e9tablissements de Sartrouville.<\/p>\n<p>Il relate \u00e9galement des articles sur l&rsquo;\u00e9ducation et l&rsquo;enfance afin de donner un fil d&rsquo;information aux parents, que leurs enfants soient en primaire, coll\u00e8ge ou lyc\u00e9e sur Sartrouville.<\/p>\n<p>Les informations publi\u00e9es sur ce site proviennent soit des \u00e9tablissements scolaires, soient de notes partag\u00e9es par les repr\u00e9sentants des parents lors des instances.<\/p>\n<p>Si certaines communications sur les r\u00e9seaux sociaux se trouvaient en d\u00e9calage vous pouvez nous en faire part afin de v\u00e9rifier l&rsquo;information.<\/p>\n<p>Ce site soutient les actions men\u00e9es par les associations des parents d&rsquo;\u00e9l\u00e8ves sur Sartrouville et plus largement il relate des \u00e9l\u00e9ments visant \u00e0 am\u00e9liorer la vie scolaire de nos enfants.<\/p>\n<p><img decoding=\"async\" loading=\"lazy\" class=\"wp-image-1034 alignleft\" src=\"https:\/\/i0.wp.com\/www.fcpe78.fr\/cl\/sartrouville\/files\/2019\/07\/RGPD-e1563295223267.jpg?resize=218%2C128&#038;ssl=1\" alt=\"\" width=\"218\" height=\"128\" data-recalc-dims=\"1\" \/><\/p>\n<p>Les \u00e9l\u00e9ments publi\u00e9s sur ce site sont r\u00e9put\u00e9s conformes au <a href=\"https:\/\/www.cnil.fr\/fr\/rgpd-par-ou-commencer\" target=\"_blank\" rel=\"noopener\">RGPD<\/a>. Si toutefois vous remarquiez une information qui ne respecterait pas les donn\u00e9es personnelles tel que l&rsquo;impose le r\u00e8glement, nous vous invitons \u00e0 le signalez \u00e0 l&rsquo;aide du formulaire ci-apr\u00e8s.<\/p>\n<p>De la m\u00eame mani\u00e8re, nous vous invitons \u00e0 signaler tout \u00e9l\u00e9ment qui ne respecterait pas <strong>les droits d&rsquo;auteur.<\/strong><\/p>\n<h4>Une question, une suggestion, <strong><a href=\"https:\/\/www.fcpe78.fr\/cl\/sartrouville\/contact_fcpe_sartrouville\/\" target=\"_blank\" rel=\"noopener\">contactez la FCPE Sartrouville<\/a><\/strong><\/h4>\n","protected":false},"excerpt":{"rendered":"<p>Ce site a pour but de mettre en avant l&rsquo;actualit\u00e9 de la vie scolaire sur les \u00e9tablissements de Sartrouville. Il relate \u00e9galement des articles sur l&rsquo;\u00e9ducation et l&rsquo;enfance afin de <a class=\"more-link\" href=\"https:\/\/www.fcpe78.fr\/cl\/sartrouville\/1042-2\/contact_fcpe_sartrouville\/charte-du-site\/\">Lire plus &#8230;<\/a><\/p>\n","protected":false},"author":46,"featured_media":0,"parent":71,"menu_order":0,"comment_status":"closed","ping_status":"closed","template":"","meta":{"_seopress_robots_primary_cat":"","jetpack_post_was_ever_published":false},"categories":[],"tags":[],"jetpack_sharing_enabled":true,"jetpack_shortlink":"https:\/\/wp.me\/PaYu4P-gI","_links":{"self":[{"href":"https:\/\/www.fcpe78.fr\/cl\/sartrouville\/wp-json\/wp\/v2\/pages\/1036"}],"collection":[{"href":"https:\/\/www.fcpe78.fr\/cl\/sartrouville\/wp-json\/wp\/v2\/pages"}],"about":[{"href":"https:\/\/www.fcpe78.fr\/cl\/sartrouville\/wp-json\/wp\/v2\/types\/page"}],"author":[{"embeddable":true,"href":"https:\/\/www.fcpe78.fr\/cl\/sartrouville\/wp-json\/wp\/v2\/users\/46"}],"replies":[{"embeddable":true,"href":"https:\/\/www.fcpe78.fr\/cl\/sartrouville\/wp-json\/wp\/v2\/comments?post=1036"}],"version-history":[{"count":7,"href":"https:\/\/www.fcpe78.fr\/cl\/sartrouville\/wp-json\/wp\/v2\/pages\/1036\/revisions"}],"predecessor-version":[{"id":2300,"href":"https:\/\/www.fcpe78.fr\/cl\/sartrouville\/wp-json\/wp\/v2\/pages\/1036\/revisions\/2300"}],"up":[{"embeddable":true,"href":"https:\/\/www.fcpe78.fr\/cl\/sartrouville\/wp-json\/wp\/v2\/pages\/71"}],"wp:attachment":[{"href":"https:\/\/www.fcpe78.fr\/cl\/sartrouville\/wp-json\/wp\/v2\/media?parent=1036"}],"wp:term":[{"taxonomy":"category","embeddable":true,"href":"https:\/\/www.fcpe78.fr\/cl\/sartrouville\/wp-json\/wp\/v2\/categories?post=1036"},{"taxonomy":"post_tag","embeddable":true,"href":"https:\/\/www.fcpe78.fr\/cl\/sartrouville\/wp-json\/wp\/v2\/tags?post=1036"}],"curies":[{"name":"wp","href":"https:\/\/api.w.org\/{rel}","templated":true}]}}