{"id":76,"date":"2018-09-09T09:31:04","date_gmt":"2018-09-09T07:31:04","guid":{"rendered":"http:\/\/www.fcpe78.fr\/cl\/montigny\/?page_id=76"},"modified":"2018-09-09T09:47:46","modified_gmt":"2018-09-09T07:47:46","slug":"la-fcpe-nationale","status":"publish","type":"page","link":"https:\/\/www.fcpe78.fr\/cl\/montigny\/la-fcpe-nationale\/","title":{"rendered":"La FCPE nationale"},"content":{"rendered":"<p><strong>La FCPE (F\u00e9d\u00e9ration des conseils des parents d\u2019\u00e9l\u00e8ves) est la premi\u00e8re f\u00e9d\u00e9ration de parents d\u2019\u00e9l\u00e8ves. Elle est pr\u00e9sente dans la plupart des \u00e9tablissements o\u00f9 elle participe \u00e0 la vie scolaire pour d\u00e9fendre l\u2019int\u00e9r\u00eat des enfants et repr\u00e9senter les parents. La FCPE est une force de proposition et d\u2019action.<\/strong><\/p>\n<p><strong>La FCPE est une association loi 1901 reconnue d&rsquo;utilit\u00e9 publique, pr\u00e9sente sur l\u2019ensemble du territoire y compris dans les \u00e9tablissements fran\u00e7ais \u00e0 l\u2019\u00e9tranger.<\/strong><\/p>\n<p>Ce n\u2019est ni un syndicat, ni un parti politique mais un vaste r\u00e9seau de parents d\u2019\u00e9l\u00e8ves adh\u00e9rents et \u00e9lus dans les \u00e9coles maternelles, \u00e9l\u00e9mentaires, les coll\u00e8ges et les lyc\u00e9es de l\u2019enseignement public. Premi\u00e8re f\u00e9d\u00e9ration de parents d&rsquo;\u00e9l\u00e8ves, la FCPE participe \u00e0 la vie scolaire pour d\u00e9fendre l&rsquo;int\u00e9r\u00eat des enfants et repr\u00e9senter les parents aupr\u00e8s des institutions et des pouvoirs publics. La FCPE est une force de proposition et joue un r\u00f4le de contre-pouvoir. Quelque 1 300 000 parents ont vot\u00e9 pour elle aux derni\u00e8res \u00e9lections scolaires.<\/p>\n<p><strong>Sur les Yvelines, les parents d&rsquo;\u00e9l\u00e8ves acteurs se regroupent au sein des sections&nbsp;locales&nbsp;dit &lsquo;Conseil local&rsquo;. L&rsquo;ensemble des conseils locaux yvelinois forme une seule et m\u00eame&nbsp;association d\u00e9partementale la FCPE 78 (F\u00e9d\u00e9ration des Conseils de Parents d&rsquo;El\u00e8ves des Yvelines) \u00e9galement nomm\u00e9e CDPE 78.<\/strong><\/p>\n<p><strong>La FCPE compte aujourd\u2019hui :<\/strong><\/p>\n<ul>\n<li>310 000 adh\u00e9rents,<\/li>\n<li>65 000 parents d\u2019\u00e9l\u00e8ves \u00e9lus aux conseils d\u2019\u00e9cole et aux conseils d\u2019administration,<\/li>\n<li>10 000 conseils locaux<\/li>\n<li>100 associations d\u00e9partementales et extra-m\u00e9tropolitaines et des repr\u00e9sentants dans les \u00e9tablissements fran\u00e7ais \u00e0 l\u2019\u00e9tranger.<\/li>\n<\/ul>\n<p><strong>Fond\u00e9e en 1947<\/strong>, la F\u00e9d\u00e9ration des conseils de parents d\u2019\u00e9l\u00e8ves est reconnue d\u2019utilit\u00e9 publique d\u00e8s 1951 et agr\u00e9\u00e9e mouvement d\u2019\u00e9ducation populaire en 1982.<\/p>\n<p style=\"text-align: center;\"><a href=\"https:\/\/www.fcpe.asso.fr\/\">Le site de la FCPE nationale<\/a><\/p>\n","protected":false},"excerpt":{"rendered":"<p>La FCPE (F\u00e9d\u00e9ration des conseils des parents d\u2019\u00e9l\u00e8ves) est la premi\u00e8re f\u00e9d\u00e9ration de parents d\u2019\u00e9l\u00e8ves. Elle est pr\u00e9sente dans la plupart des \u00e9tablissements o\u00f9 elle participe \u00e0 la vie scolaire pour d\u00e9fendre l\u2019int\u00e9r\u00eat des enfants et repr\u00e9senter les parents. La FCPE est une force de proposition et d\u2019action. La FCPE &#8230;<\/p>\n","protected":false},"author":37,"featured_media":0,"parent":0,"menu_order":0,"comment_status":"closed","ping_status":"closed","template":"","meta":[],"_links":{"self":[{"href":"https:\/\/www.fcpe78.fr\/cl\/montigny\/wp-json\/wp\/v2\/pages\/76"}],"collection":[{"href":"https:\/\/www.fcpe78.fr\/cl\/montigny\/wp-json\/wp\/v2\/pages"}],"about":[{"href":"https:\/\/www.fcpe78.fr\/cl\/montigny\/wp-json\/wp\/v2\/types\/page"}],"author":[{"embeddable":true,"href":"https:\/\/www.fcpe78.fr\/cl\/montigny\/wp-json\/wp\/v2\/users\/37"}],"replies":[{"embeddable":true,"href":"https:\/\/www.fcpe78.fr\/cl\/montigny\/wp-json\/wp\/v2\/comments?post=76"}],"version-history":[{"count":5,"href":"https:\/\/www.fcpe78.fr\/cl\/montigny\/wp-json\/wp\/v2\/pages\/76\/revisions"}],"predecessor-version":[{"id":87,"href":"https:\/\/www.fcpe78.fr\/cl\/montigny\/wp-json\/wp\/v2\/pages\/76\/revisions\/87"}],"wp:attachment":[{"href":"https:\/\/www.fcpe78.fr\/cl\/montigny\/wp-json\/wp\/v2\/media?parent=76"}],"curies":[{"name":"wp","href":"https:\/\/api.w.org\/{rel}","templated":true}]}}