{"id":73,"date":"2018-09-09T09:30:31","date_gmt":"2018-09-09T07:30:31","guid":{"rendered":"http:\/\/www.fcpe78.fr\/cl\/montigny\/?page_id=73"},"modified":"2018-09-09T09:40:31","modified_gmt":"2018-09-09T07:40:31","slug":"la-fcpe-yvelines","status":"publish","type":"page","link":"https:\/\/www.fcpe78.fr\/cl\/montigny\/la-fcpe-yvelines\/","title":{"rendered":"La FCPE Yvelines"},"content":{"rendered":"<p style=\"font-weight: 400;\">L&rsquo;\u00e9quipe d\u00e9partementale, nomm\u00e9e&nbsp;<strong>C<\/strong>onseil&nbsp;<strong>D<\/strong>\u00e9partemental des&nbsp;<strong>P<\/strong>arents d&rsquo;<strong>\u00c9<\/strong>l\u00e8ves des Yvelines (CDPE 78, parfois abusivement FCPE 78) &nbsp;est&nbsp;compos\u00e9e d&rsquo;administra-teurs-trices,&nbsp;charg\u00e9-e-s de mission&nbsp;b\u00e9n\u00e9voles et d&rsquo;une permanente administratrive.&nbsp;<\/p>\n<p style=\"font-weight: 400;\">L&rsquo;activit\u00e9 principale du CDPE 78 r\u00e9side dans l&rsquo;accompagnement et le soutien aux parents d&rsquo;\u00e9l\u00e8ves&nbsp;regroup\u00e9s au&nbsp;sein des&nbsp;conseils locaux. Tout au long de l&rsquo;ann\u00e9e l&rsquo;\u00e9quipe&nbsp;assure&nbsp;la&nbsp;repr\u00e9sentation du CDPE 78 dans les instances et commissions d\u00e9partementales sur le territoire yvelinois pour porter son projet \u00e9ducatif et promouvoir les valeurs qu&rsquo;elle d\u00e9fend.<\/p>\n<p style=\"font-weight: 400;\">Dans le courant de l&rsquo;ann\u00e9e, le CDPE 78 accompagne \u00e9galement toutes les familles et leurs enfants qui sollicitent ses services (orientations, affectations, handicap, conseil de discipline, &#8230;).<\/p>\n<p style=\"font-weight: 400;\">Chaque ann\u00e9e, les conseils locaux des parents d&rsquo;\u00e9l\u00e8ves se r\u00e9unissent lors du congr\u00e8s d\u00e9partemental annuel pour \u00e9lire les&nbsp;administrateurs-trices qui composent l&rsquo;\u00e9quipe du CDPE 78.<\/p>\n","protected":false},"excerpt":{"rendered":"<p>L&rsquo;\u00e9quipe d\u00e9partementale, nomm\u00e9e&nbsp;Conseil&nbsp;D\u00e9partemental des&nbsp;Parents d&rsquo;\u00c9l\u00e8ves des Yvelines (CDPE 78, parfois abusivement FCPE 78) &nbsp;est&nbsp;compos\u00e9e d&rsquo;administra-teurs-trices,&nbsp;charg\u00e9-e-s de mission&nbsp;b\u00e9n\u00e9voles et d&rsquo;une permanente administratrive.&nbsp; L&rsquo;activit\u00e9 principale du CDPE 78 r\u00e9side dans l&rsquo;accompagnement et le soutien aux parents d&rsquo;\u00e9l\u00e8ves&nbsp;regroup\u00e9s au&nbsp;sein des&nbsp;conseils locaux. Tout au long de l&rsquo;ann\u00e9e l&rsquo;\u00e9quipe&nbsp;assure&nbsp;la&nbsp;repr\u00e9sentation du CDPE 78 dans les instances &#8230;<\/p>\n","protected":false},"author":37,"featured_media":0,"parent":0,"menu_order":0,"comment_status":"closed","ping_status":"closed","template":"","meta":[],"_links":{"self":[{"href":"https:\/\/www.fcpe78.fr\/cl\/montigny\/wp-json\/wp\/v2\/pages\/73"}],"collection":[{"href":"https:\/\/www.fcpe78.fr\/cl\/montigny\/wp-json\/wp\/v2\/pages"}],"about":[{"href":"https:\/\/www.fcpe78.fr\/cl\/montigny\/wp-json\/wp\/v2\/types\/page"}],"author":[{"embeddable":true,"href":"https:\/\/www.fcpe78.fr\/cl\/montigny\/wp-json\/wp\/v2\/users\/37"}],"replies":[{"embeddable":true,"href":"https:\/\/www.fcpe78.fr\/cl\/montigny\/wp-json\/wp\/v2\/comments?post=73"}],"version-history":[{"count":3,"href":"https:\/\/www.fcpe78.fr\/cl\/montigny\/wp-json\/wp\/v2\/pages\/73\/revisions"}],"predecessor-version":[{"id":85,"href":"https:\/\/www.fcpe78.fr\/cl\/montigny\/wp-json\/wp\/v2\/pages\/73\/revisions\/85"}],"wp:attachment":[{"href":"https:\/\/www.fcpe78.fr\/cl\/montigny\/wp-json\/wp\/v2\/media?parent=73"}],"curies":[{"name":"wp","href":"https:\/\/api.w.org\/{rel}","templated":true}]}}