{"id":68,"date":"2018-09-09T09:27:53","date_gmt":"2018-09-09T07:27:53","guid":{"rendered":"http:\/\/www.fcpe78.fr\/cl\/montigny\/?page_id=68"},"modified":"2019-11-20T21:55:35","modified_gmt":"2019-11-20T20:55:35","slug":"le-conseil-local-de-montigny-le-bretonneux","status":"publish","type":"page","link":"https:\/\/www.fcpe78.fr\/cl\/montigny\/le-conseil-local-de-montigny-le-bretonneux\/","title":{"rendered":"Le conseil local de Montigny-le-Bretonneux"},"content":{"rendered":"<p><strong><img decoding=\"async\" loading=\"lazy\" width=\"259\" height=\"168\" class=\"aligncenter\" src=\"https:\/\/www.fcpe.asso.fr\/sites\/default\/files\/styles\/fonctionnement_407_x_264_\/public\/about\/conseil-local.png?itok=BdtwaMfw\"><\/strong><\/p>\n<p style=\"text-align: center\"><strong>Le fonctionnement du Conseil Local&nbsp;<\/strong><\/p>\n<p style=\"padding-left: 30px\">C\u2019est l\u2019organisation de base de la FCPE, la plus proche des adh\u00e9rents. Il r\u00e9unit les parents d\u2019une \u00e9cole, d\u2019un \u00e9tablissement scolaire ou d\u2019un groupe d\u2019\u00e9tablissements. Ouvert \u00e0<br \/>\ntous, il permet aux parents de se rencontrer, de s&rsquo;informer, d&rsquo;\u00e9changer, de remplir leur r\u00f4le au sein de la communaut\u00e9 \u00e9ducative<br \/>\n<strong>Il a un R\u00f4le de repr\u00e9sentation<\/strong> : Aupr\u00e8s des directeurs d\u2019\u00e9cole ; Aupr\u00e8s de l&rsquo;Inspectrice de l\u2019Education Nationale ; Aupr\u00e8s de la mairie ; \u00e0 la commission menu.<\/p>\n<p style=\"padding-left: 60px\">&nbsp;<\/p>\n","protected":false},"excerpt":{"rendered":"<p>Le fonctionnement du Conseil Local&nbsp; C\u2019est l\u2019organisation de base de la FCPE, la plus proche des adh\u00e9rents. Il r\u00e9unit les parents d\u2019une \u00e9cole, d\u2019un \u00e9tablissement scolaire ou d\u2019un groupe d\u2019\u00e9tablissements. Ouvert \u00e0 tous, il permet aux parents de se rencontrer, de s&rsquo;informer, d&rsquo;\u00e9changer, de remplir leur r\u00f4le au sein de &#8230;<\/p>\n","protected":false},"author":43,"featured_media":0,"parent":0,"menu_order":0,"comment_status":"closed","ping_status":"closed","template":"","meta":[],"_links":{"self":[{"href":"https:\/\/www.fcpe78.fr\/cl\/montigny\/wp-json\/wp\/v2\/pages\/68"}],"collection":[{"href":"https:\/\/www.fcpe78.fr\/cl\/montigny\/wp-json\/wp\/v2\/pages"}],"about":[{"href":"https:\/\/www.fcpe78.fr\/cl\/montigny\/wp-json\/wp\/v2\/types\/page"}],"author":[{"embeddable":true,"href":"https:\/\/www.fcpe78.fr\/cl\/montigny\/wp-json\/wp\/v2\/users\/43"}],"replies":[{"embeddable":true,"href":"https:\/\/www.fcpe78.fr\/cl\/montigny\/wp-json\/wp\/v2\/comments?post=68"}],"version-history":[{"count":7,"href":"https:\/\/www.fcpe78.fr\/cl\/montigny\/wp-json\/wp\/v2\/pages\/68\/revisions"}],"predecessor-version":[{"id":405,"href":"https:\/\/www.fcpe78.fr\/cl\/montigny\/wp-json\/wp\/v2\/pages\/68\/revisions\/405"}],"wp:attachment":[{"href":"https:\/\/www.fcpe78.fr\/cl\/montigny\/wp-json\/wp\/v2\/media?parent=68"}],"curies":[{"name":"wp","href":"https:\/\/api.w.org\/{rel}","templated":true}]}}