{"id":337,"date":"2018-10-12T11:53:44","date_gmt":"2018-10-12T09:53:44","guid":{"rendered":"http:\/\/www.fcpe78.fr\/cl\/montigny\/?page_id=337"},"modified":"2019-04-29T16:14:12","modified_gmt":"2019-04-29T14:14:12","slug":"restauration-scolaire","status":"publish","type":"page","link":"https:\/\/www.fcpe78.fr\/cl\/montigny\/restauration-scolaire\/","title":{"rendered":"La restauration Scolaire"},"content":{"rendered":"<p><img decoding=\"async\" loading=\"lazy\" class=\"alignnone size-medium wp-image-366\" src=\"http:\/\/www.fcpe78.fr\/cl\/montigny\/files\/2019\/04\/image-cantine-300x158.jpg\" alt=\"\" width=\"300\" height=\"158\"><\/p>\n<p>La restauration scolaire d\u00e9pend de la municipalit\u00e9 et \u00e0 Montigny-Le-Bretonneux les repas<br \/>\nsont pr\u00e9par\u00e9s et livr\u00e9s froids par une soci\u00e9t\u00e9 externe et r\u00e9chauff\u00e9s sur place dans chaque \u00e9tablissement.<br \/>\nDes commissions menus ont lieu tous les 3 mois en pr\u00e9sence des repr\u00e9sentants de la mairie,<br \/>\ndes repr\u00e9sentants des parents d\u2019\u00e9l\u00e8ves et de la soci\u00e9t\u00e9 de restauration.<br \/>\nNous discutons des menus \u00e0 venir et des retours des enfants et des parents sur le trimestre<br \/>\npass\u00e9.<br \/>\nL\u2019ann\u00e9e 2018 fut marqu\u00e9e par notre participation active pour une<br \/>\ncantine avec plus d\u2019agriculture biologique, plus de local et sans<br \/>\nplastique.<br \/>\nNos actions ont pris la forme d\u2019une p\u00e9tition, de discussion avec la<br \/>\nmairie gr\u00e2ce \u00e0 un d\u00e9bat sur TV fil, et des rencontres avec les parents<br \/>\nde chaque \u00e9tablissement scolaire.<br \/>\nUn nouveau march\u00e9 a \u00e9t\u00e9 pass\u00e9 avec la soci\u00e9t\u00e9 Sodexo avec la promesse<br \/>\nqu\u2019il y aura plus d\u2019aliments biologiques et des barquettes 100% Biod\u00e9gradables.<br \/>\nNous continuons \u00e0 \u00eatre attentifs \u00e0 la qualit\u00e9 des repas par notre<br \/>\nimplication lors des Commissions Menu.<br \/>\nN&rsquo;h\u00e9sitez pas \u00e0 nous \u00e9crire \u00e0 cantine.fcpe.montigny@gmail.com<\/p>\n<p>Les menus de la p\u00e9riode en cours sont consultables sur le site de la mairie :<\/p>\n<p><a href=\"http:\/\/www.montigny78.fr\/famille-et-solidarite\/enfance-education\/restauration-scolaire.htm\">http:\/\/www.montigny78.fr\/famille-et-solidarite\/enfance-education\/restauration-scolaire.htm<\/a><\/p>\n","protected":false},"excerpt":{"rendered":"<p>La restauration scolaire d\u00e9pend de la municipalit\u00e9 et \u00e0 Montigny-Le-Bretonneux les repas sont pr\u00e9par\u00e9s et livr\u00e9s froids par une soci\u00e9t\u00e9 externe et r\u00e9chauff\u00e9s sur place dans chaque \u00e9tablissement. Des commissions menus ont lieu tous les 3 mois en pr\u00e9sence des repr\u00e9sentants de la mairie, des repr\u00e9sentants des parents d\u2019\u00e9l\u00e8ves et &#8230;<\/p>\n","protected":false},"author":18,"featured_media":366,"parent":0,"menu_order":0,"comment_status":"closed","ping_status":"closed","template":"","meta":[],"_links":{"self":[{"href":"https:\/\/www.fcpe78.fr\/cl\/montigny\/wp-json\/wp\/v2\/pages\/337"}],"collection":[{"href":"https:\/\/www.fcpe78.fr\/cl\/montigny\/wp-json\/wp\/v2\/pages"}],"about":[{"href":"https:\/\/www.fcpe78.fr\/cl\/montigny\/wp-json\/wp\/v2\/types\/page"}],"author":[{"embeddable":true,"href":"https:\/\/www.fcpe78.fr\/cl\/montigny\/wp-json\/wp\/v2\/users\/18"}],"replies":[{"embeddable":true,"href":"https:\/\/www.fcpe78.fr\/cl\/montigny\/wp-json\/wp\/v2\/comments?post=337"}],"version-history":[{"count":3,"href":"https:\/\/www.fcpe78.fr\/cl\/montigny\/wp-json\/wp\/v2\/pages\/337\/revisions"}],"predecessor-version":[{"id":368,"href":"https:\/\/www.fcpe78.fr\/cl\/montigny\/wp-json\/wp\/v2\/pages\/337\/revisions\/368"}],"wp:featuredmedia":[{"embeddable":true,"href":"https:\/\/www.fcpe78.fr\/cl\/montigny\/wp-json\/wp\/v2\/media\/366"}],"wp:attachment":[{"href":"https:\/\/www.fcpe78.fr\/cl\/montigny\/wp-json\/wp\/v2\/media?parent=337"}],"curies":[{"name":"wp","href":"https:\/\/api.w.org\/{rel}","templated":true}]}}