{"id":281,"date":"2018-10-05T16:26:46","date_gmt":"2018-10-05T14:26:46","guid":{"rendered":"http:\/\/www.fcpe78.fr\/cl\/montigny\/?page_id=281"},"modified":"2018-10-05T16:51:45","modified_gmt":"2018-10-05T14:51:45","slug":"elementaire-poirier-saint-martin","status":"publish","type":"page","link":"https:\/\/www.fcpe78.fr\/cl\/montigny\/ecoles-primaires\/ecoles-elementaires\/elementaire-poirier-saint-martin\/","title":{"rendered":"\u00c9l\u00e9mentaire Poirier Saint Martin"},"content":{"rendered":"<div>32 rue de la R\u00e9publique<\/div>\n<p>78180&nbsp;Montigny-le-Bretonneux<br \/>\nT\u00e9l. :&nbsp;01 30 43 55 15<br \/>\nM\u00e9l :&nbsp;<a href=\"mailto:ce.0781291E@ac-versailles.fr\">ce.0781291E@ac-versailles.fr<\/a><\/p>\n\n<!-- iframe plugin v.4.5 wordpress.org\/plugins\/iframe\/ -->\n<iframe src=\"https:\/\/www.google.com\/maps\/embed?pb=!1m18!1m12!1m3!1d2629.4249647702986!2d2.0303702160682735!3d48.77377667927945!2m3!1f0!2f0!3f0!3m2!1i1024!2i768!4f13.1!3m3!1m2!1s0x47e68130fb55cbc3%3A0x2c7aa9caaabd55e7!2s%C3%89cole+du+Poirier+Saint+Martin!5e0!3m2!1sfr!2sfr!4v1538749541944\" width=\"600\" height=\"450\" frameborder=\"0\" style=\"border:0\" 0=\"allowfullscreen\" scrolling=\"yes\" class=\"iframe-class\"><\/iframe>\n\n","protected":false},"excerpt":{"rendered":"<p>32 rue de la R\u00e9publique 78180&nbsp;Montigny-le-Bretonneux T\u00e9l. :&nbsp;01 30 43 55 15 M\u00e9l :&nbsp;ce.0781291E@ac-versailles.fr<\/p>\n","protected":false},"author":43,"featured_media":0,"parent":297,"menu_order":0,"comment_status":"closed","ping_status":"closed","template":"","meta":[],"_links":{"self":[{"href":"https:\/\/www.fcpe78.fr\/cl\/montigny\/wp-json\/wp\/v2\/pages\/281"}],"collection":[{"href":"https:\/\/www.fcpe78.fr\/cl\/montigny\/wp-json\/wp\/v2\/pages"}],"about":[{"href":"https:\/\/www.fcpe78.fr\/cl\/montigny\/wp-json\/wp\/v2\/types\/page"}],"author":[{"embeddable":true,"href":"https:\/\/www.fcpe78.fr\/cl\/montigny\/wp-json\/wp\/v2\/users\/43"}],"replies":[{"embeddable":true,"href":"https:\/\/www.fcpe78.fr\/cl\/montigny\/wp-json\/wp\/v2\/comments?post=281"}],"version-history":[{"count":2,"href":"https:\/\/www.fcpe78.fr\/cl\/montigny\/wp-json\/wp\/v2\/pages\/281\/revisions"}],"predecessor-version":[{"id":283,"href":"https:\/\/www.fcpe78.fr\/cl\/montigny\/wp-json\/wp\/v2\/pages\/281\/revisions\/283"}],"up":[{"embeddable":true,"href":"https:\/\/www.fcpe78.fr\/cl\/montigny\/wp-json\/wp\/v2\/pages\/297"}],"wp:attachment":[{"href":"https:\/\/www.fcpe78.fr\/cl\/montigny\/wp-json\/wp\/v2\/media?parent=281"}],"curies":[{"name":"wp","href":"https:\/\/api.w.org\/{rel}","templated":true}]}}