{"id":279,"date":"2018-10-05T16:23:52","date_gmt":"2018-10-05T14:23:52","guid":{"rendered":"http:\/\/www.fcpe78.fr\/cl\/montigny\/?page_id=279"},"modified":"2018-10-05T16:51:45","modified_gmt":"2018-10-05T14:51:45","slug":"elementaire-paul-verlaine","status":"publish","type":"page","link":"https:\/\/www.fcpe78.fr\/cl\/montigny\/ecoles-primaires\/ecoles-elementaires\/elementaire-paul-verlaine\/","title":{"rendered":"\u00c9l\u00e9mentaire Paul Verlaine"},"content":{"rendered":"<div>13 rue des Pyr\u00e9n\u00e9es<\/div>\n<p>78180&nbsp;Montigny-le-Bretonneux<br \/>\nT\u00e9l. :&nbsp;01 30 57 35 79<br \/>\nM\u00e9l :&nbsp;<a href=\"mailto:ce.0781831S@ac-versailles.fr\">ce.0781831S@ac-versailles.fr<\/a><\/p>\n\n<!-- iframe plugin v.4.5 wordpress.org\/plugins\/iframe\/ -->\n<iframe src=\"https:\/\/www.google.com\/maps\/embed?pb=!1m18!1m12!1m3!1d2629.5706235860903!2d2.0452842160682123!3d48.770995479279094!2m3!1f0!2f0!3f0!3m2!1i1024!2i768!4f13.1!3m3!1m2!1s0x47e680c7cc704d1d%3A0x82c57ace52449a82!2sEcole+Primaire+Paul+Verlaine!5e0!3m2!1sfr!2sfr!4v1538749410786\" width=\"600\" height=\"450\" frameborder=\"0\" style=\"border:0\" 0=\"allowfullscreen\" scrolling=\"yes\" class=\"iframe-class\"><\/iframe>\n\n","protected":false},"excerpt":{"rendered":"<p>13 rue des Pyr\u00e9n\u00e9es 78180&nbsp;Montigny-le-Bretonneux T\u00e9l. :&nbsp;01 30 57 35 79 M\u00e9l :&nbsp;ce.0781831S@ac-versailles.fr<\/p>\n","protected":false},"author":43,"featured_media":0,"parent":297,"menu_order":0,"comment_status":"closed","ping_status":"closed","template":"","meta":[],"_links":{"self":[{"href":"https:\/\/www.fcpe78.fr\/cl\/montigny\/wp-json\/wp\/v2\/pages\/279"}],"collection":[{"href":"https:\/\/www.fcpe78.fr\/cl\/montigny\/wp-json\/wp\/v2\/pages"}],"about":[{"href":"https:\/\/www.fcpe78.fr\/cl\/montigny\/wp-json\/wp\/v2\/types\/page"}],"author":[{"embeddable":true,"href":"https:\/\/www.fcpe78.fr\/cl\/montigny\/wp-json\/wp\/v2\/users\/43"}],"replies":[{"embeddable":true,"href":"https:\/\/www.fcpe78.fr\/cl\/montigny\/wp-json\/wp\/v2\/comments?post=279"}],"version-history":[{"count":1,"href":"https:\/\/www.fcpe78.fr\/cl\/montigny\/wp-json\/wp\/v2\/pages\/279\/revisions"}],"predecessor-version":[{"id":280,"href":"https:\/\/www.fcpe78.fr\/cl\/montigny\/wp-json\/wp\/v2\/pages\/279\/revisions\/280"}],"up":[{"embeddable":true,"href":"https:\/\/www.fcpe78.fr\/cl\/montigny\/wp-json\/wp\/v2\/pages\/297"}],"wp:attachment":[{"href":"https:\/\/www.fcpe78.fr\/cl\/montigny\/wp-json\/wp\/v2\/media?parent=279"}],"curies":[{"name":"wp","href":"https:\/\/api.w.org\/{rel}","templated":true}]}}