{"id":271,"date":"2018-10-05T16:14:50","date_gmt":"2018-10-05T14:14:50","guid":{"rendered":"http:\/\/www.fcpe78.fr\/cl\/montigny\/?page_id=271"},"modified":"2018-10-05T16:57:51","modified_gmt":"2018-10-05T14:57:51","slug":"elementaire-les-iris","status":"publish","type":"page","link":"https:\/\/www.fcpe78.fr\/cl\/montigny\/ecoles-primaires\/ecoles-elementaires\/elementaire-les-iris\/","title":{"rendered":"\u00c9l\u00e9mentaire Les iris"},"content":{"rendered":"<div>2 All\u00e9e Erasme<\/div>\n<p>78180&nbsp;Montigny-le-Bretonneux<br \/>\nT\u00e9l. :&nbsp;01 30 43 73 18<br \/>\nM\u00e9l :&nbsp;<a href=\"mailto:ce.0781194Z@ac-versailles.fr\">ce.0781194Z@ac-versailles.fr<\/a><\/p>\n\n<!-- iframe plugin v.4.5 wordpress.org\/plugins\/iframe\/ -->\n<iframe src=\"https:\/\/www.google.com\/maps\/embed?pb=!1m18!1m12!1m3!1d2628.6069722201473!2d2.040611216068717!3d48.78939317928075!2m3!1f0!2f0!3f0!3m2!1i1024!2i768!4f13.1!3m3!1m2!1s0x47e686d0cd550bff%3A0xd62e2023d82eaf51!2s2+All%C3%A9e+Erasme%2C+78180+Montigny-le-Bretonneux!5e0!3m2!1sfr!2sfr!4v1538748866530\" width=\"600\" height=\"450\" frameborder=\"0\" style=\"border:0\" 0=\"allowfullscreen\" scrolling=\"yes\" class=\"iframe-class\"><\/iframe>\n\n","protected":false},"excerpt":{"rendered":"<p>2 All\u00e9e Erasme 78180&nbsp;Montigny-le-Bretonneux T\u00e9l. :&nbsp;01 30 43 73 18 M\u00e9l :&nbsp;ce.0781194Z@ac-versailles.fr<\/p>\n","protected":false},"author":43,"featured_media":0,"parent":297,"menu_order":0,"comment_status":"closed","ping_status":"closed","template":"","meta":[],"_links":{"self":[{"href":"https:\/\/www.fcpe78.fr\/cl\/montigny\/wp-json\/wp\/v2\/pages\/271"}],"collection":[{"href":"https:\/\/www.fcpe78.fr\/cl\/montigny\/wp-json\/wp\/v2\/pages"}],"about":[{"href":"https:\/\/www.fcpe78.fr\/cl\/montigny\/wp-json\/wp\/v2\/types\/page"}],"author":[{"embeddable":true,"href":"https:\/\/www.fcpe78.fr\/cl\/montigny\/wp-json\/wp\/v2\/users\/43"}],"replies":[{"embeddable":true,"href":"https:\/\/www.fcpe78.fr\/cl\/montigny\/wp-json\/wp\/v2\/comments?post=271"}],"version-history":[{"count":1,"href":"https:\/\/www.fcpe78.fr\/cl\/montigny\/wp-json\/wp\/v2\/pages\/271\/revisions"}],"predecessor-version":[{"id":272,"href":"https:\/\/www.fcpe78.fr\/cl\/montigny\/wp-json\/wp\/v2\/pages\/271\/revisions\/272"}],"up":[{"embeddable":true,"href":"https:\/\/www.fcpe78.fr\/cl\/montigny\/wp-json\/wp\/v2\/pages\/297"}],"wp:attachment":[{"href":"https:\/\/www.fcpe78.fr\/cl\/montigny\/wp-json\/wp\/v2\/media?parent=271"}],"curies":[{"name":"wp","href":"https:\/\/api.w.org\/{rel}","templated":true}]}}