{"id":269,"date":"2018-10-05T16:12:40","date_gmt":"2018-10-05T14:12:40","guid":{"rendered":"http:\/\/www.fcpe78.fr\/cl\/montigny\/?page_id=269"},"modified":"2018-10-05T16:57:51","modified_gmt":"2018-10-05T14:57:51","slug":"elementaire-les-pres","status":"publish","type":"page","link":"https:\/\/www.fcpe78.fr\/cl\/montigny\/ecoles-primaires\/ecoles-elementaires\/elementaire-les-pres\/","title":{"rendered":"\u00c9l\u00e9mentaire Les Pr\u00e8s"},"content":{"rendered":"<div>7 ter all\u00e9e de L Ivraie<\/div>\n<p>78180&nbsp;Montigny-le-Bretonneux<br \/>\nT\u00e9l. :&nbsp;01 30 44 13 72<br \/>\nFax : 01 30 44 13 72<br \/>\nM\u00e9l :&nbsp;<a href=\"mailto:ce.0781189U@ac-versailles.fr\">ce.0781189U@ac-versailles.fr<\/a><\/p>\n\n<!-- iframe plugin v.4.5 wordpress.org\/plugins\/iframe\/ -->\n<iframe src=\"https:\/\/www.google.com\/maps\/embed?pb=!1m18!1m12!1m3!1d2629.098828286631!2d2.0363074160684738!3d48.78000347927992!2m3!1f0!2f0!3f0!3m2!1i1024!2i768!4f13.1!3m3!1m2!1s0x47e6812d231a04dd%3A0xef3620e0029c931f!2s7+All%C3%A9e+de+l&#039;Ivraie%2C+78180+Montigny-le-Bretonneux!5e0!3m2!1sfr!2sfr!4v1538748734463\" width=\"600\" height=\"450\" frameborder=\"0\" style=\"border:0\" 0=\"allowfullscreen\" scrolling=\"yes\" class=\"iframe-class\"><\/iframe>\n\n","protected":false},"excerpt":{"rendered":"<p>7 ter all\u00e9e de L Ivraie 78180&nbsp;Montigny-le-Bretonneux T\u00e9l. :&nbsp;01 30 44 13 72 Fax : 01 30 44 13 72 M\u00e9l :&nbsp;ce.0781189U@ac-versailles.fr<\/p>\n","protected":false},"author":43,"featured_media":0,"parent":297,"menu_order":0,"comment_status":"closed","ping_status":"closed","template":"","meta":[],"_links":{"self":[{"href":"https:\/\/www.fcpe78.fr\/cl\/montigny\/wp-json\/wp\/v2\/pages\/269"}],"collection":[{"href":"https:\/\/www.fcpe78.fr\/cl\/montigny\/wp-json\/wp\/v2\/pages"}],"about":[{"href":"https:\/\/www.fcpe78.fr\/cl\/montigny\/wp-json\/wp\/v2\/types\/page"}],"author":[{"embeddable":true,"href":"https:\/\/www.fcpe78.fr\/cl\/montigny\/wp-json\/wp\/v2\/users\/43"}],"replies":[{"embeddable":true,"href":"https:\/\/www.fcpe78.fr\/cl\/montigny\/wp-json\/wp\/v2\/comments?post=269"}],"version-history":[{"count":1,"href":"https:\/\/www.fcpe78.fr\/cl\/montigny\/wp-json\/wp\/v2\/pages\/269\/revisions"}],"predecessor-version":[{"id":270,"href":"https:\/\/www.fcpe78.fr\/cl\/montigny\/wp-json\/wp\/v2\/pages\/269\/revisions\/270"}],"up":[{"embeddable":true,"href":"https:\/\/www.fcpe78.fr\/cl\/montigny\/wp-json\/wp\/v2\/pages\/297"}],"wp:attachment":[{"href":"https:\/\/www.fcpe78.fr\/cl\/montigny\/wp-json\/wp\/v2\/media?parent=269"}],"curies":[{"name":"wp","href":"https:\/\/api.w.org\/{rel}","templated":true}]}}