{"id":248,"date":"2018-10-05T15:50:03","date_gmt":"2018-10-05T13:50:03","guid":{"rendered":"http:\/\/www.fcpe78.fr\/cl\/montigny\/?page_id=248"},"modified":"2018-10-05T16:52:50","modified_gmt":"2018-10-05T14:52:50","slug":"ecole-maternelle-publique-saint-exupery","status":"publish","type":"page","link":"https:\/\/www.fcpe78.fr\/cl\/montigny\/ecoles-primaires\/ecoles-maternelles\/ecole-maternelle-publique-saint-exupery\/","title":{"rendered":"Maternelle Saint-Exup\u00e9ry"},"content":{"rendered":"<div>01 ter all\u00e9e de L Ivraie<\/div>\n<p>78180&nbsp;Montigny-le-Bretonneux<br \/>\nT\u00e9l. :&nbsp;01 30 44 11 23<br \/>\nM\u00e9l :&nbsp;<a href=\"mailto:ce.0781235U@ac-versailles.fr\">ce.0781235U@ac-versailles.fr<\/a><\/p>\n\n<!-- iframe plugin v.4.5 wordpress.org\/plugins\/iframe\/ -->\n<iframe src=\"https:\/\/www.google.com\/maps\/embed?pb=!1m18!1m12!1m3!1d2629.068558472359!2d2.036552716068483!3d48.78058137927992!2m3!1f0!2f0!3f0!3m2!1i1024!2i768!4f13.1!3m3!1m2!1s0x47e6812d231a04dd%3A0xa6be5b634395fb4b!2s1+All%C3%A9e+de+l&#039;Ivraie%2C+78180+Montigny-le-Bretonneux!5e0!3m2!1sfr!2sfr!4v1538747383365\" width=\"600\" height=\"450\" frameborder=\"0\" style=\"border:0\" 0=\"allowfullscreen\" scrolling=\"yes\" class=\"iframe-class\"><\/iframe>\n\n","protected":false},"excerpt":{"rendered":"<p>01 ter all\u00e9e de L Ivraie 78180&nbsp;Montigny-le-Bretonneux T\u00e9l. :&nbsp;01 30 44 11 23 M\u00e9l :&nbsp;ce.0781235U@ac-versailles.fr<\/p>\n","protected":false},"author":43,"featured_media":0,"parent":301,"menu_order":0,"comment_status":"closed","ping_status":"closed","template":"","meta":[],"_links":{"self":[{"href":"https:\/\/www.fcpe78.fr\/cl\/montigny\/wp-json\/wp\/v2\/pages\/248"}],"collection":[{"href":"https:\/\/www.fcpe78.fr\/cl\/montigny\/wp-json\/wp\/v2\/pages"}],"about":[{"href":"https:\/\/www.fcpe78.fr\/cl\/montigny\/wp-json\/wp\/v2\/types\/page"}],"author":[{"embeddable":true,"href":"https:\/\/www.fcpe78.fr\/cl\/montigny\/wp-json\/wp\/v2\/users\/43"}],"replies":[{"embeddable":true,"href":"https:\/\/www.fcpe78.fr\/cl\/montigny\/wp-json\/wp\/v2\/comments?post=248"}],"version-history":[{"count":3,"href":"https:\/\/www.fcpe78.fr\/cl\/montigny\/wp-json\/wp\/v2\/pages\/248\/revisions"}],"predecessor-version":[{"id":264,"href":"https:\/\/www.fcpe78.fr\/cl\/montigny\/wp-json\/wp\/v2\/pages\/248\/revisions\/264"}],"up":[{"embeddable":true,"href":"https:\/\/www.fcpe78.fr\/cl\/montigny\/wp-json\/wp\/v2\/pages\/301"}],"wp:attachment":[{"href":"https:\/\/www.fcpe78.fr\/cl\/montigny\/wp-json\/wp\/v2\/media?parent=248"}],"curies":[{"name":"wp","href":"https:\/\/api.w.org\/{rel}","templated":true}]}}