{"id":246,"date":"2018-10-05T15:47:37","date_gmt":"2018-10-05T13:47:37","guid":{"rendered":"http:\/\/www.fcpe78.fr\/cl\/montigny\/?page_id=246"},"modified":"2018-10-05T16:52:50","modified_gmt":"2018-10-05T14:52:50","slug":"ecole-maternelle-paul-verlaine","status":"publish","type":"page","link":"https:\/\/www.fcpe78.fr\/cl\/montigny\/ecoles-primaires\/ecoles-maternelles\/ecole-maternelle-paul-verlaine\/","title":{"rendered":"Maternelle Paul Verlaine"},"content":{"rendered":"<div>11 rue des Pyr\u00e9n\u00e9es<\/div>\n<p>78180&nbsp;Montigny-le-Bretonneux<br \/>\nT\u00e9l. :&nbsp;01 30 64 52 11<br \/>\nM\u00e9l :&nbsp;<a href=\"mailto:ce.0781798F@ac-versailles.fr\">ce.0781798F@ac-versailles.fr<\/a><\/p>\n\n<!-- iframe plugin v.4.5 wordpress.org\/plugins\/iframe\/ -->\n<iframe src=\"https:\/\/www.google.com\/maps\/embed?pb=!1m18!1m12!1m3!1d2629.5579025161987!2d2.0450550160682273!3d48.77123837927901!2m3!1f0!2f0!3f0!3m2!1i1024!2i768!4f13.1!3m3!1m2!1s0x47e680d8008ad267%3A0xe9fbf4f12f242bff!2s11+Rue+des+Pyr%C3%A9n%C3%A9es%2C+78180+Montigny-le-Bretonneux!5e0!3m2!1sfr!2sfr!4v1538747233557\" width=\"600\" height=\"450\" frameborder=\"0\" style=\"border:0\" 0=\"allowfullscreen\" scrolling=\"yes\" class=\"iframe-class\"><\/iframe>\n\n<p>&nbsp;<\/p>\n","protected":false},"excerpt":{"rendered":"<p>11 rue des Pyr\u00e9n\u00e9es 78180&nbsp;Montigny-le-Bretonneux T\u00e9l. :&nbsp;01 30 64 52 11 M\u00e9l :&nbsp;ce.0781798F@ac-versailles.fr &nbsp;<\/p>\n","protected":false},"author":43,"featured_media":0,"parent":301,"menu_order":0,"comment_status":"closed","ping_status":"closed","template":"","meta":[],"_links":{"self":[{"href":"https:\/\/www.fcpe78.fr\/cl\/montigny\/wp-json\/wp\/v2\/pages\/246"}],"collection":[{"href":"https:\/\/www.fcpe78.fr\/cl\/montigny\/wp-json\/wp\/v2\/pages"}],"about":[{"href":"https:\/\/www.fcpe78.fr\/cl\/montigny\/wp-json\/wp\/v2\/types\/page"}],"author":[{"embeddable":true,"href":"https:\/\/www.fcpe78.fr\/cl\/montigny\/wp-json\/wp\/v2\/users\/43"}],"replies":[{"embeddable":true,"href":"https:\/\/www.fcpe78.fr\/cl\/montigny\/wp-json\/wp\/v2\/comments?post=246"}],"version-history":[{"count":2,"href":"https:\/\/www.fcpe78.fr\/cl\/montigny\/wp-json\/wp\/v2\/pages\/246\/revisions"}],"predecessor-version":[{"id":262,"href":"https:\/\/www.fcpe78.fr\/cl\/montigny\/wp-json\/wp\/v2\/pages\/246\/revisions\/262"}],"up":[{"embeddable":true,"href":"https:\/\/www.fcpe78.fr\/cl\/montigny\/wp-json\/wp\/v2\/pages\/301"}],"wp:attachment":[{"href":"https:\/\/www.fcpe78.fr\/cl\/montigny\/wp-json\/wp\/v2\/media?parent=246"}],"curies":[{"name":"wp","href":"https:\/\/api.w.org\/{rel}","templated":true}]}}