{"id":242,"date":"2018-10-05T15:42:05","date_gmt":"2018-10-05T13:42:05","guid":{"rendered":"http:\/\/www.fcpe78.fr\/cl\/montigny\/?page_id=242"},"modified":"2018-10-05T16:52:50","modified_gmt":"2018-10-05T14:52:50","slug":"maternelle-maurice-genevoix","status":"publish","type":"page","link":"https:\/\/www.fcpe78.fr\/cl\/montigny\/ecoles-primaires\/ecoles-maternelles\/maternelle-maurice-genevoix\/","title":{"rendered":"Maternelle Maurice Genevoix"},"content":{"rendered":"<div>32 rue de la R\u00e9publique<\/div>\n<p>78180&nbsp;Montigny-le-Bretonneux<br \/>\nT\u00e9l. :&nbsp;01 30 44 24 61<br \/>\nM\u00e9l :&nbsp;<a href=\"mailto:ce.0781546G@ac-versailles.fr\">ce.0781546G@ac-versailles.fr<\/a><\/p>\n\n<!-- iframe plugin v.4.5 wordpress.org\/plugins\/iframe\/ -->\n<iframe src=\"https:\/\/www.google.com\/maps\/embed?pb=!1m18!1m12!1m3!1d2629.4249647702986!2d2.0303702160682735!3d48.77377667927945!2m3!1f0!2f0!3f0!3m2!1i1024!2i768!4f13.1!3m3!1m2!1s0x47e68130e57b8357%3A0x5dcbb0c50e0949fc!2s32+Rue+de+la+R%C3%A9publique%2C+78180+Montigny-le-Bretonneux!5e0!3m2!1sfr!2sfr!4v1538746895277\" width=\"600\" height=\"450\" frameborder=\"0\" style=\"border:0\" 0=\"allowfullscreen\" scrolling=\"yes\" class=\"iframe-class\"><\/iframe>\n\n<p>&nbsp;<\/p>\n","protected":false},"excerpt":{"rendered":"<p>32 rue de la R\u00e9publique 78180&nbsp;Montigny-le-Bretonneux T\u00e9l. :&nbsp;01 30 44 24 61 M\u00e9l :&nbsp;ce.0781546G@ac-versailles.fr &nbsp;<\/p>\n","protected":false},"author":43,"featured_media":0,"parent":301,"menu_order":0,"comment_status":"closed","ping_status":"closed","template":"","meta":[],"_links":{"self":[{"href":"https:\/\/www.fcpe78.fr\/cl\/montigny\/wp-json\/wp\/v2\/pages\/242"}],"collection":[{"href":"https:\/\/www.fcpe78.fr\/cl\/montigny\/wp-json\/wp\/v2\/pages"}],"about":[{"href":"https:\/\/www.fcpe78.fr\/cl\/montigny\/wp-json\/wp\/v2\/types\/page"}],"author":[{"embeddable":true,"href":"https:\/\/www.fcpe78.fr\/cl\/montigny\/wp-json\/wp\/v2\/users\/43"}],"replies":[{"embeddable":true,"href":"https:\/\/www.fcpe78.fr\/cl\/montigny\/wp-json\/wp\/v2\/comments?post=242"}],"version-history":[{"count":1,"href":"https:\/\/www.fcpe78.fr\/cl\/montigny\/wp-json\/wp\/v2\/pages\/242\/revisions"}],"predecessor-version":[{"id":243,"href":"https:\/\/www.fcpe78.fr\/cl\/montigny\/wp-json\/wp\/v2\/pages\/242\/revisions\/243"}],"up":[{"embeddable":true,"href":"https:\/\/www.fcpe78.fr\/cl\/montigny\/wp-json\/wp\/v2\/pages\/301"}],"wp:attachment":[{"href":"https:\/\/www.fcpe78.fr\/cl\/montigny\/wp-json\/wp\/v2\/media?parent=242"}],"curies":[{"name":"wp","href":"https:\/\/api.w.org\/{rel}","templated":true}]}}