{"id":240,"date":"2018-10-05T15:39:26","date_gmt":"2018-10-05T13:39:26","guid":{"rendered":"http:\/\/www.fcpe78.fr\/cl\/montigny\/?page_id=240"},"modified":"2018-10-05T16:52:49","modified_gmt":"2018-10-05T14:52:49","slug":"maternelle-marie-noel","status":"publish","type":"page","link":"https:\/\/www.fcpe78.fr\/cl\/montigny\/ecoles-primaires\/ecoles-maternelles\/maternelle-marie-noel\/","title":{"rendered":"Maternelle Marie No\u00ebl"},"content":{"rendered":"<div>43 rue Marie No\u00ebl<\/div>\n<p>78180&nbsp;Montigny-le-Bretonneux<br \/>\nT\u00e9l. :&nbsp;01 30 44 08 60<br \/>\nM\u00e9l :&nbsp;<a href=\"mailto:ce.0781323P@ac-versailles.fr\">ce.0781323P@ac-versailles.fr<\/a><\/p>\n\n<!-- iframe plugin v.4.5 wordpress.org\/plugins\/iframe\/ -->\n<iframe src=\"https:\/\/www.google.com\/maps\/embed?pb=!1m18!1m12!1m3!1d2629.8021712688583!2d2.0332157160681037!3d48.7665740792786!2m3!1f0!2f0!3f0!3m2!1i1024!2i768!4f13.1!3m3!1m2!1s0x47e6813b556bc803%3A0xb33d3af490f1adf3!2s43+Rue+Marie+No%C3%ABl%2C+78180+Montigny-le-Bretonneux!5e0!3m2!1sfr!2sfr!4v1538746733623\" width=\"600\" height=\"450\" frameborder=\"0\" style=\"border:0\" 0=\"allowfullscreen\" scrolling=\"yes\" class=\"iframe-class\"><\/iframe>\n\n","protected":false},"excerpt":{"rendered":"<p>43 rue Marie No\u00ebl 78180&nbsp;Montigny-le-Bretonneux T\u00e9l. :&nbsp;01 30 44 08 60 M\u00e9l :&nbsp;ce.0781323P@ac-versailles.fr<\/p>\n","protected":false},"author":43,"featured_media":0,"parent":301,"menu_order":0,"comment_status":"closed","ping_status":"closed","template":"","meta":[],"_links":{"self":[{"href":"https:\/\/www.fcpe78.fr\/cl\/montigny\/wp-json\/wp\/v2\/pages\/240"}],"collection":[{"href":"https:\/\/www.fcpe78.fr\/cl\/montigny\/wp-json\/wp\/v2\/pages"}],"about":[{"href":"https:\/\/www.fcpe78.fr\/cl\/montigny\/wp-json\/wp\/v2\/types\/page"}],"author":[{"embeddable":true,"href":"https:\/\/www.fcpe78.fr\/cl\/montigny\/wp-json\/wp\/v2\/users\/43"}],"replies":[{"embeddable":true,"href":"https:\/\/www.fcpe78.fr\/cl\/montigny\/wp-json\/wp\/v2\/comments?post=240"}],"version-history":[{"count":1,"href":"https:\/\/www.fcpe78.fr\/cl\/montigny\/wp-json\/wp\/v2\/pages\/240\/revisions"}],"predecessor-version":[{"id":241,"href":"https:\/\/www.fcpe78.fr\/cl\/montigny\/wp-json\/wp\/v2\/pages\/240\/revisions\/241"}],"up":[{"embeddable":true,"href":"https:\/\/www.fcpe78.fr\/cl\/montigny\/wp-json\/wp\/v2\/pages\/301"}],"wp:attachment":[{"href":"https:\/\/www.fcpe78.fr\/cl\/montigny\/wp-json\/wp\/v2\/media?parent=240"}],"curies":[{"name":"wp","href":"https:\/\/api.w.org\/{rel}","templated":true}]}}