{"id":223,"date":"2018-10-05T14:14:43","date_gmt":"2018-10-05T12:14:43","guid":{"rendered":"http:\/\/www.fcpe78.fr\/cl\/montigny\/?page_id=223"},"modified":"2018-10-05T16:57:51","modified_gmt":"2018-10-05T14:57:51","slug":"elementaire-andre-chenier","status":"publish","type":"page","link":"https:\/\/www.fcpe78.fr\/cl\/montigny\/ecoles-primaires\/ecoles-elementaires\/elementaire-andre-chenier\/","title":{"rendered":"\u00c9l\u00e9mentaire Andr\u00e9 Ch\u00e9nier"},"content":{"rendered":"<div>01 rue Colette<\/div>\n<p>78180&nbsp;Montigny-le-Bretonneux<br \/>\nT\u00e9l. :&nbsp;01 30 57 01 95<br \/>\nM\u00e9l :&nbsp;<a href=\"mailto:ce.0781870J@ac-versailles.fr\">ce.0781870J@ac-versailles.fr<\/a><\/p>\n\n<!-- iframe plugin v.4.5 wordpress.org\/plugins\/iframe\/ -->\n<iframe src=\"https:\/\/www.google.com\/maps\/embed?pb=!1m18!1m12!1m3!1d2629.0825986920117!2d2.036888816068461!3d48.780313329279856!2m3!1f0!2f0!3f0!3m2!1i1024!2i768!4f13.1!3m3!1m2!1s0x47e6812ba0409ac9%3A0x371d3994b388847e!2s%C3%89cole+Primaire+Andr%C3%A9+Chenier!5e0!3m2!1sfr!2sfr!4v1538741652335\" width=\"600\" height=\"450\" frameborder=\"0\" style=\"border:0\" 0=\"allowfullscreen\" scrolling=\"yes\" class=\"iframe-class\"><\/iframe>\n\n","protected":false},"excerpt":{"rendered":"<p>01 rue Colette 78180&nbsp;Montigny-le-Bretonneux T\u00e9l. :&nbsp;01 30 57 01 95 M\u00e9l :&nbsp;ce.0781870J@ac-versailles.fr<\/p>\n","protected":false},"author":43,"featured_media":0,"parent":297,"menu_order":0,"comment_status":"closed","ping_status":"closed","template":"","meta":[],"_links":{"self":[{"href":"https:\/\/www.fcpe78.fr\/cl\/montigny\/wp-json\/wp\/v2\/pages\/223"}],"collection":[{"href":"https:\/\/www.fcpe78.fr\/cl\/montigny\/wp-json\/wp\/v2\/pages"}],"about":[{"href":"https:\/\/www.fcpe78.fr\/cl\/montigny\/wp-json\/wp\/v2\/types\/page"}],"author":[{"embeddable":true,"href":"https:\/\/www.fcpe78.fr\/cl\/montigny\/wp-json\/wp\/v2\/users\/43"}],"replies":[{"embeddable":true,"href":"https:\/\/www.fcpe78.fr\/cl\/montigny\/wp-json\/wp\/v2\/comments?post=223"}],"version-history":[{"count":1,"href":"https:\/\/www.fcpe78.fr\/cl\/montigny\/wp-json\/wp\/v2\/pages\/223\/revisions"}],"predecessor-version":[{"id":224,"href":"https:\/\/www.fcpe78.fr\/cl\/montigny\/wp-json\/wp\/v2\/pages\/223\/revisions\/224"}],"up":[{"embeddable":true,"href":"https:\/\/www.fcpe78.fr\/cl\/montigny\/wp-json\/wp\/v2\/pages\/297"}],"wp:attachment":[{"href":"https:\/\/www.fcpe78.fr\/cl\/montigny\/wp-json\/wp\/v2\/media?parent=223"}],"curies":[{"name":"wp","href":"https:\/\/api.w.org\/{rel}","templated":true}]}}