{"id":188,"date":"2018-10-05T11:41:56","date_gmt":"2018-10-05T09:41:56","guid":{"rendered":"http:\/\/www.fcpe78.fr\/cl\/montigny\/?page_id=188"},"modified":"2018-10-05T16:51:45","modified_gmt":"2018-10-05T14:51:45","slug":"elementaire-marie-noel","status":"publish","type":"page","link":"https:\/\/www.fcpe78.fr\/cl\/montigny\/ecoles-primaires\/ecoles-elementaires\/elementaire-marie-noel\/","title":{"rendered":"\u00c9l\u00e9mentaire Marie No\u00ebl"},"content":{"rendered":"<div>45 rue Marie No\u00ebl<\/div>\n<p>78180&nbsp;Montigny-le-Bretonneux<br \/>\nT\u00e9l. :&nbsp;01 30 44 24 60<br \/>\nM\u00e9l :&nbsp;<a href=\"mailto:ce.0781439R@ac-versailles.fr\">ce.0781439R@ac-versailles.fr<\/a><\/p>\n\n<!-- iframe plugin v.4.5 wordpress.org\/plugins\/iframe\/ -->\n<iframe src=\"https:\/\/www.google.com\/maps\/embed?pb=!1m18!1m12!1m3!1d2629.800223178891!2d2.032926616068103!3d48.76661127927861!2m3!1f0!2f0!3f0!3m2!1i1024!2i768!4f13.1!3m3!1m2!1s0x47e6813b566df9cf%3A0x138e892d0cbb6c6b!2s45+Rue+Marie+No%C3%ABl%2C+78180+Montigny-le-Bretonneux!5e0!3m2!1sfr!2sfr!4v1538749135967\" width=\"600\" height=\"450\" frameborder=\"0\" style=\"border:0\" 0=\"allowfullscreen\" scrolling=\"yes\" class=\"iframe-class\"><\/iframe>\n\n","protected":false},"excerpt":{"rendered":"<p>45 rue Marie No\u00ebl 78180&nbsp;Montigny-le-Bretonneux T\u00e9l. :&nbsp;01 30 44 24 60 M\u00e9l :&nbsp;ce.0781439R@ac-versailles.fr<\/p>\n","protected":false},"author":43,"featured_media":0,"parent":297,"menu_order":0,"comment_status":"closed","ping_status":"closed","template":"","meta":[],"_links":{"self":[{"href":"https:\/\/www.fcpe78.fr\/cl\/montigny\/wp-json\/wp\/v2\/pages\/188"}],"collection":[{"href":"https:\/\/www.fcpe78.fr\/cl\/montigny\/wp-json\/wp\/v2\/pages"}],"about":[{"href":"https:\/\/www.fcpe78.fr\/cl\/montigny\/wp-json\/wp\/v2\/types\/page"}],"author":[{"embeddable":true,"href":"https:\/\/www.fcpe78.fr\/cl\/montigny\/wp-json\/wp\/v2\/users\/43"}],"replies":[{"embeddable":true,"href":"https:\/\/www.fcpe78.fr\/cl\/montigny\/wp-json\/wp\/v2\/comments?post=188"}],"version-history":[{"count":4,"href":"https:\/\/www.fcpe78.fr\/cl\/montigny\/wp-json\/wp\/v2\/pages\/188\/revisions"}],"predecessor-version":[{"id":275,"href":"https:\/\/www.fcpe78.fr\/cl\/montigny\/wp-json\/wp\/v2\/pages\/188\/revisions\/275"}],"up":[{"embeddable":true,"href":"https:\/\/www.fcpe78.fr\/cl\/montigny\/wp-json\/wp\/v2\/pages\/297"}],"wp:attachment":[{"href":"https:\/\/www.fcpe78.fr\/cl\/montigny\/wp-json\/wp\/v2\/media?parent=188"}],"curies":[{"name":"wp","href":"https:\/\/api.w.org\/{rel}","templated":true}]}}