{"id":179,"date":"2018-10-05T11:35:24","date_gmt":"2018-10-05T09:35:24","guid":{"rendered":"http:\/\/www.fcpe78.fr\/cl\/montigny\/?page_id=179"},"modified":"2018-10-05T16:57:51","modified_gmt":"2018-10-05T14:57:51","slug":"college-les-pres","status":"publish","type":"page","link":"https:\/\/www.fcpe78.fr\/cl\/montigny\/colleges\/college-les-pres\/","title":{"rendered":"Coll\u00e8ge Les Pr\u00e9s"},"content":{"rendered":"<p>9 rue des Bl\u00e9s d&rsquo;Or<br \/>\n78180<br \/>\nT\u00e9l : 01 30 57 15 15<\/p>\n<p>FCPE&nbsp; &nbsp;0782E0026 MONTIGNY COL LES PRES<\/p>\n","protected":false},"excerpt":{"rendered":"<p>9 rue des Bl\u00e9s d&rsquo;Or 78180 T\u00e9l : 01 30 57 15 15 FCPE&nbsp; &nbsp;0782E0026 MONTIGNY COL LES PRES<\/p>\n","protected":false},"author":43,"featured_media":0,"parent":305,"menu_order":0,"comment_status":"closed","ping_status":"closed","template":"","meta":[],"_links":{"self":[{"href":"https:\/\/www.fcpe78.fr\/cl\/montigny\/wp-json\/wp\/v2\/pages\/179"}],"collection":[{"href":"https:\/\/www.fcpe78.fr\/cl\/montigny\/wp-json\/wp\/v2\/pages"}],"about":[{"href":"https:\/\/www.fcpe78.fr\/cl\/montigny\/wp-json\/wp\/v2\/types\/page"}],"author":[{"embeddable":true,"href":"https:\/\/www.fcpe78.fr\/cl\/montigny\/wp-json\/wp\/v2\/users\/43"}],"replies":[{"embeddable":true,"href":"https:\/\/www.fcpe78.fr\/cl\/montigny\/wp-json\/wp\/v2\/comments?post=179"}],"version-history":[{"count":1,"href":"https:\/\/www.fcpe78.fr\/cl\/montigny\/wp-json\/wp\/v2\/pages\/179\/revisions"}],"predecessor-version":[{"id":180,"href":"https:\/\/www.fcpe78.fr\/cl\/montigny\/wp-json\/wp\/v2\/pages\/179\/revisions\/180"}],"up":[{"embeddable":true,"href":"https:\/\/www.fcpe78.fr\/cl\/montigny\/wp-json\/wp\/v2\/pages\/305"}],"wp:attachment":[{"href":"https:\/\/www.fcpe78.fr\/cl\/montigny\/wp-json\/wp\/v2\/media?parent=179"}],"curies":[{"name":"wp","href":"https:\/\/api.w.org\/{rel}","templated":true}]}}