{"id":250,"date":"2017-05-06T14:09:49","date_gmt":"2017-05-06T12:09:49","guid":{"rendered":"http:\/\/www.fcpe78.fr\/cl\/limay\/?page_id=250"},"modified":"2017-05-21T16:07:44","modified_gmt":"2017-05-21T14:07:44","slug":"adhesion-fcpe","status":"publish","type":"page","link":"https:\/\/www.fcpe78.fr\/cl\/limay\/adhesion-fcpe\/","title":{"rendered":"S&rsquo;impliquer plus,&#8230;"},"content":{"rendered":"<p style=\"text-align: center\">S&rsquo;impliquer plus,&#8230; c&rsquo;est adh\u00e9rer<\/p>\n<p style=\"text-align: center\">Vous vous reconnaissez dans les valeurs transmises par la FCPE ,vous souhaitez vous impliquer davantage.<\/p>\n<p style=\"text-align: center\">Une solution: int\u00e9grer la section locale de votre \u00e9cole en tant qu&rsquo;adh\u00e9rant.<\/p>\n<p style=\"text-align: center\"><img decoding=\"async\" loading=\"lazy\" class=\"size-full wp-image-261 aligncenter\" src=\"http:\/\/www.fcpe78.fr\/cl\/limay\/files\/2017\/05\/yuyuyi151100009-OK.jpg\" alt=\"\" width=\"168\" height=\"159\" \/>T\u00e9l\u00e9charger et imprimer un bulletin a l&rsquo;adresse suivante:<\/p>\n<p style=\"text-align: center\"><a href=\"http:\/\/www.fcpe78.fr\/spip.php?rubrique150\" target=\"_blank\" rel=\"noopener noreferrer\">www.fcpe78.fr<\/a><\/p>\n<p style=\"text-align: center\">et le faire parvenir accompagn\u00e9 de votre ch\u00e8que a l&rsquo;un des membres du bureau.<\/p>\n<p style=\"text-align: center\">Nous sommes disponibles devant l&rsquo;\u00e9cole et via la boite aux lettres.<\/p>\n<p>&nbsp;<\/p>\n<p>&nbsp;<\/p>\n","protected":false},"excerpt":{"rendered":"<p>S&rsquo;impliquer plus,&#8230; c&rsquo;est adh\u00e9rer Vous vous reconnaissez dans les valeurs transmises par la FCPE ,vous souhaitez vous impliquer davantage. Une solution: int\u00e9grer la section locale de votre \u00e9cole en tant qu&rsquo;adh\u00e9rant. T\u00e9l\u00e9charger et imprimer un bulletin a l&rsquo;adresse suivante: www.fcpe78.fr et le faire parvenir accompagn\u00e9 de votre ch\u00e8que a l&rsquo;un des membres du bureau. Nous <span class=\"ellipsis\">&hellip;<\/span> <span class=\"more-link-wrap\"><a href=\"https:\/\/www.fcpe78.fr\/cl\/limay\/adhesion-fcpe\/\" class=\"more-link\"><span>Read More &rarr;<\/span><\/a><\/span><\/p>\n","protected":false},"author":32,"featured_media":0,"parent":0,"menu_order":0,"comment_status":"closed","ping_status":"closed","template":"","meta":[],"_links":{"self":[{"href":"https:\/\/www.fcpe78.fr\/cl\/limay\/wp-json\/wp\/v2\/pages\/250"}],"collection":[{"href":"https:\/\/www.fcpe78.fr\/cl\/limay\/wp-json\/wp\/v2\/pages"}],"about":[{"href":"https:\/\/www.fcpe78.fr\/cl\/limay\/wp-json\/wp\/v2\/types\/page"}],"author":[{"embeddable":true,"href":"https:\/\/www.fcpe78.fr\/cl\/limay\/wp-json\/wp\/v2\/users\/32"}],"replies":[{"embeddable":true,"href":"https:\/\/www.fcpe78.fr\/cl\/limay\/wp-json\/wp\/v2\/comments?post=250"}],"version-history":[{"count":19,"href":"https:\/\/www.fcpe78.fr\/cl\/limay\/wp-json\/wp\/v2\/pages\/250\/revisions"}],"predecessor-version":[{"id":375,"href":"https:\/\/www.fcpe78.fr\/cl\/limay\/wp-json\/wp\/v2\/pages\/250\/revisions\/375"}],"wp:attachment":[{"href":"https:\/\/www.fcpe78.fr\/cl\/limay\/wp-json\/wp\/v2\/media?parent=250"}],"curies":[{"name":"wp","href":"https:\/\/api.w.org\/{rel}","templated":true}]}}