{"id":188,"date":"2017-05-05T13:32:18","date_gmt":"2017-05-05T11:32:18","guid":{"rendered":"http:\/\/www.fcpe78.fr\/cl\/limay\/?page_id=188"},"modified":"2017-05-21T15:56:16","modified_gmt":"2017-05-21T13:56:16","slug":"la-fcpe-pour-qui-pour-quoi","status":"publish","type":"page","link":"https:\/\/www.fcpe78.fr\/cl\/limay\/la-fcpe-pour-qui-pour-quoi\/","title":{"rendered":"LA FCPE POUR QUI,POUR QUOI ?"},"content":{"rendered":"<p>&nbsp;<\/p>\n<p>&nbsp;<\/p>\n<p style=\"text-align: center\">F\u00e9deration des Conseils de Parents d\u2019 \u00c9l\u00e8ves<\/p>\n<p style=\"text-align: center\">EN QUELQUES MOTS<\/p>\n<p><strong>\u00a0<\/strong><\/p>\n<p><strong><em>1\u00e8re f\u00e9d\u00e9ration de Parents d\u2019\u00e9l\u00e8ves par son nombre, elle rassemble \u00e0 ce jour\u00a0 plus de 300\u00a0000 adh\u00e9rents impliqu\u00e9s au niveau national dans toutes les instances de la vie de vos enfants (\u00e9cole maternelle, primaire, coll\u00e8ge et lyc\u00e9e)<\/em><\/strong><\/p>\n<p>&nbsp;<\/p>\n<p>En adh\u00e9rant \u00e0 la FCPE, les parents d\u2019\u00e9l\u00e8ves de votre \u00e9cole ont fait le choix d\u2019int\u00e9grer un groupe national afin de porter vos questions\u00a0sur un plan plus large que celui local\u00a0comme cela se faisait les ann\u00e9es pr\u00e9c\u00e9dentes.<\/p>\n<ul>\n<li>Gagner en l\u00e9gitimit\u00e9 aupr\u00e8s des \u00e9lu(e)s,<\/li>\n<li>Mutualiser nos actions,<\/li>\n<li>Avoir un appui national,<\/li>\n<li>\u00catre form\u00e9s et vous informer<\/li>\n<\/ul>\n","protected":false},"excerpt":{"rendered":"<p>&nbsp; &nbsp; F\u00e9deration des Conseils de Parents d\u2019 \u00c9l\u00e8ves EN QUELQUES MOTS \u00a0 1\u00e8re f\u00e9d\u00e9ration de Parents d\u2019\u00e9l\u00e8ves par son nombre, elle rassemble \u00e0 ce jour\u00a0 plus de 300\u00a0000 adh\u00e9rents impliqu\u00e9s au niveau national dans toutes les instances de la vie de vos enfants (\u00e9cole maternelle, primaire, coll\u00e8ge et lyc\u00e9e) &nbsp; En adh\u00e9rant \u00e0 la <span class=\"ellipsis\">&hellip;<\/span> <span class=\"more-link-wrap\"><a href=\"https:\/\/www.fcpe78.fr\/cl\/limay\/la-fcpe-pour-qui-pour-quoi\/\" class=\"more-link\"><span>Read More &rarr;<\/span><\/a><\/span><\/p>\n","protected":false},"author":32,"featured_media":332,"parent":0,"menu_order":0,"comment_status":"closed","ping_status":"closed","template":"","meta":[],"_links":{"self":[{"href":"https:\/\/www.fcpe78.fr\/cl\/limay\/wp-json\/wp\/v2\/pages\/188"}],"collection":[{"href":"https:\/\/www.fcpe78.fr\/cl\/limay\/wp-json\/wp\/v2\/pages"}],"about":[{"href":"https:\/\/www.fcpe78.fr\/cl\/limay\/wp-json\/wp\/v2\/types\/page"}],"author":[{"embeddable":true,"href":"https:\/\/www.fcpe78.fr\/cl\/limay\/wp-json\/wp\/v2\/users\/32"}],"replies":[{"embeddable":true,"href":"https:\/\/www.fcpe78.fr\/cl\/limay\/wp-json\/wp\/v2\/comments?post=188"}],"version-history":[{"count":12,"href":"https:\/\/www.fcpe78.fr\/cl\/limay\/wp-json\/wp\/v2\/pages\/188\/revisions"}],"predecessor-version":[{"id":371,"href":"https:\/\/www.fcpe78.fr\/cl\/limay\/wp-json\/wp\/v2\/pages\/188\/revisions\/371"}],"wp:featuredmedia":[{"embeddable":true,"href":"https:\/\/www.fcpe78.fr\/cl\/limay\/wp-json\/wp\/v2\/media\/332"}],"wp:attachment":[{"href":"https:\/\/www.fcpe78.fr\/cl\/limay\/wp-json\/wp\/v2\/media?parent=188"}],"curies":[{"name":"wp","href":"https:\/\/api.w.org\/{rel}","templated":true}]}}