{"id":173,"date":"2017-05-05T12:44:58","date_gmt":"2017-05-05T10:44:58","guid":{"rendered":"http:\/\/www.fcpe78.fr\/cl\/limay\/?page_id=173"},"modified":"2017-05-21T15:57:04","modified_gmt":"2017-05-21T13:57:04","slug":"bienvenue","status":"publish","type":"page","link":"https:\/\/www.fcpe78.fr\/cl\/limay\/","title":{"rendered":"Bienvenue"},"content":{"rendered":"<p>Les repr\u00e9sentants des parents d&rsquo;\u00e9l\u00e8ves vous invitent \u00e0\u00a0\u00e9changer ensemble sur tous les sujets qui nous concernent.\u00a0Ce support est pour vous.<\/p>\n<h3><img decoding=\"async\" loading=\"lazy\" class=\"alignnone size-full wp-image-205\" src=\"http:\/\/www.fcpe78.fr\/cl\/limay\/files\/2017\/05\/bienvenue.jpg\" alt=\"\" width=\"550\" height=\"201\" srcset=\"https:\/\/www.fcpe78.fr\/cl\/limay\/files\/2017\/05\/bienvenue.jpg 550w, https:\/\/www.fcpe78.fr\/cl\/limay\/files\/2017\/05\/bienvenue-300x110.jpg 300w\" sizes=\"(max-width: 550px) 100vw, 550px\" \/><\/h3>\n<p>&nbsp;<\/p>\n","protected":false},"excerpt":{"rendered":"<p>Les repr\u00e9sentants des parents d&rsquo;\u00e9l\u00e8ves vous invitent \u00e0\u00a0\u00e9changer ensemble sur tous les sujets qui nous concernent.\u00a0Ce support est pour vous. &nbsp;<\/p>\n","protected":false},"author":32,"featured_media":0,"parent":0,"menu_order":0,"comment_status":"closed","ping_status":"closed","template":"","meta":[],"_links":{"self":[{"href":"https:\/\/www.fcpe78.fr\/cl\/limay\/wp-json\/wp\/v2\/pages\/173"}],"collection":[{"href":"https:\/\/www.fcpe78.fr\/cl\/limay\/wp-json\/wp\/v2\/pages"}],"about":[{"href":"https:\/\/www.fcpe78.fr\/cl\/limay\/wp-json\/wp\/v2\/types\/page"}],"author":[{"embeddable":true,"href":"https:\/\/www.fcpe78.fr\/cl\/limay\/wp-json\/wp\/v2\/users\/32"}],"replies":[{"embeddable":true,"href":"https:\/\/www.fcpe78.fr\/cl\/limay\/wp-json\/wp\/v2\/comments?post=173"}],"version-history":[{"count":9,"href":"https:\/\/www.fcpe78.fr\/cl\/limay\/wp-json\/wp\/v2\/pages\/173\/revisions"}],"predecessor-version":[{"id":372,"href":"https:\/\/www.fcpe78.fr\/cl\/limay\/wp-json\/wp\/v2\/pages\/173\/revisions\/372"}],"wp:attachment":[{"href":"https:\/\/www.fcpe78.fr\/cl\/limay\/wp-json\/wp\/v2\/media?parent=173"}],"curies":[{"name":"wp","href":"https:\/\/api.w.org\/{rel}","templated":true}]}}