{"id":87,"date":"2016-09-10T20:07:00","date_gmt":"2016-09-10T18:07:00","guid":{"rendered":"http:\/\/localhost\/wordpress\/?page_id=87"},"modified":"2022-10-09T21:33:08","modified_gmt":"2022-10-09T19:33:08","slug":"ecole-maternelle-du-plateau-du-moulin","status":"publish","type":"page","link":"https:\/\/www.fcpe78.fr\/cl\/conflans\/les-ecoles-maternelles\/ecole-maternelle-du-plateau-du-moulin\/","title":{"rendered":"Ecole maternelle du Plateau du Moulin"},"content":{"rendered":"<div class=\"block-directory-global-address\">\n<div class=\"block-directory-global-address\">\n<div class=\"block-directory-global-address\">\n<p><strong><img decoding=\"async\" loading=\"lazy\" class=\"alignleft wp-image-1401 size-medium\" src=\"https:\/\/www.fcpe78.fr\/cl\/conflans\/files\/2019\/04\/plateau-300x153.png\" alt=\"\" width=\"300\" height=\"153\" srcset=\"https:\/\/www.fcpe78.fr\/cl\/conflans\/files\/2019\/04\/plateau-300x153.png 300w, https:\/\/www.fcpe78.fr\/cl\/conflans\/files\/2019\/04\/plateau-768x391.png 768w, https:\/\/www.fcpe78.fr\/cl\/conflans\/files\/2019\/04\/plateau-700x356.png 700w, https:\/\/www.fcpe78.fr\/cl\/conflans\/files\/2019\/04\/plateau-332x169.png 332w, https:\/\/www.fcpe78.fr\/cl\/conflans\/files\/2019\/04\/plateau.png 804w\" sizes=\"(max-width: 300px) 100vw, 300px\" \/>36, avenue Paul Brard<\/strong><br \/>\n<strong> 78700 Conflans-Sainte-Honorine<\/strong><\/p>\n<\/div>\n<p class=\"block-directory-global-phone\"><strong><label>T\u00e9l:\u00a0<\/label>01 34 90 84 00<\/strong><\/p>\n<p><strong>Directeur : <\/strong>Mme P\u00e9degert<\/p>\n<\/div>\n<\/div>\n<div><strong>Centre de loisirs :\u00a0<\/strong>01 34 90 84 15<\/div>\n<div><\/div>\n<p>L&#8217;\u00e9cole maternelle du Plateau du Moulin compte 5 classes : 1 petite section, 1 petite\/moyenne section, 1 moyenne section, 2 grandes sections.<\/p>\n<div><\/div>\n<ul>\n<li class=\"block-directory-global-phone\"><strong>Les parents d&#8217;\u00e9l\u00e8ves \u00e9lus FCPE 2022-2023: Emilie MATUFUANA (2 si\u00e8ges FCPE, 2 si\u00e8ges Ind\u00e9pendants, 1 si\u00e8ge ALPEC)<\/strong><\/li>\n<li class=\"block-directory-global-phone\"><strong>Contactez-nous :<\/strong> <a href=\"mailto:conflans-sainte-honorine@fcpe78.fr\"><strong>conflans-sainte-honorine@fcpe78.fr<\/strong><\/a><\/li>\n<li><strong>Voir les comptes-rendus des conseils d&#8217;\u00e9cole<\/strong><\/li>\n<\/ul>\n","protected":false},"excerpt":{"rendered":"<p>36, avenue Paul Brard 78700 Conflans-Sainte-Honorine T\u00e9l:\u00a001 34 90 84 00 Directeur : Mme P\u00e9degert Centre de loisirs :\u00a001 34 90 84 15 L&#8217;\u00e9cole maternelle du Plateau du Moulin compte 5 classes : 1 petite section, 1 petite\/moyenne section, 1 moyenne section, 2 grandes sections. Les parents d&#8217;\u00e9l\u00e8ves \u00e9lus FCPE &#8230;<\/p>\n","protected":false},"author":34,"featured_media":0,"parent":32,"menu_order":0,"comment_status":"closed","ping_status":"closed","template":"template-content-sidebar.php","meta":{"jetpack_post_was_ever_published":false},"jetpack_shortlink":"https:\/\/wp.me\/P91mhl-1p","_links":{"self":[{"href":"https:\/\/www.fcpe78.fr\/cl\/conflans\/wp-json\/wp\/v2\/pages\/87"}],"collection":[{"href":"https:\/\/www.fcpe78.fr\/cl\/conflans\/wp-json\/wp\/v2\/pages"}],"about":[{"href":"https:\/\/www.fcpe78.fr\/cl\/conflans\/wp-json\/wp\/v2\/types\/page"}],"author":[{"embeddable":true,"href":"https:\/\/www.fcpe78.fr\/cl\/conflans\/wp-json\/wp\/v2\/users\/34"}],"replies":[{"embeddable":true,"href":"https:\/\/www.fcpe78.fr\/cl\/conflans\/wp-json\/wp\/v2\/comments?post=87"}],"version-history":[{"count":10,"href":"https:\/\/www.fcpe78.fr\/cl\/conflans\/wp-json\/wp\/v2\/pages\/87\/revisions"}],"predecessor-version":[{"id":2222,"href":"https:\/\/www.fcpe78.fr\/cl\/conflans\/wp-json\/wp\/v2\/pages\/87\/revisions\/2222"}],"up":[{"embeddable":true,"href":"https:\/\/www.fcpe78.fr\/cl\/conflans\/wp-json\/wp\/v2\/pages\/32"}],"wp:attachment":[{"href":"https:\/\/www.fcpe78.fr\/cl\/conflans\/wp-json\/wp\/v2\/media?parent=87"}],"curies":[{"name":"wp","href":"https:\/\/api.w.org\/{rel}","templated":true}]}}