{"id":84,"date":"2016-09-10T20:05:56","date_gmt":"2016-09-10T18:05:56","guid":{"rendered":"http:\/\/localhost\/wordpress\/?page_id=84"},"modified":"2024-10-16T10:42:18","modified_gmt":"2024-10-16T08:42:18","slug":"ecole-maternelle-du-confluent","status":"publish","type":"page","link":"https:\/\/www.fcpe78.fr\/cl\/conflans\/les-ecoles-maternelles\/ecole-maternelle-du-confluent\/","title":{"rendered":"Ecole maternelle du Confluent"},"content":{"rendered":"<div class=\"block-directory-global-address\">\n<div class=\"block-directory-global-address\">\n<p><strong><img decoding=\"async\" loading=\"lazy\" class=\"alignleft size-medium wp-image-569\" src=\"https:\/\/www.fcpe78.fr\/cl\/conflans\/files\/2016\/09\/confluent-300x223.jpg\" alt=\"\" width=\"300\" height=\"223\" srcset=\"https:\/\/www.fcpe78.fr\/cl\/conflans\/files\/2016\/09\/confluent-300x223.jpg 300w, https:\/\/www.fcpe78.fr\/cl\/conflans\/files\/2016\/09\/confluent-700x520.jpg 700w, https:\/\/www.fcpe78.fr\/cl\/conflans\/files\/2016\/09\/confluent-332x247.jpg 332w, https:\/\/www.fcpe78.fr\/cl\/conflans\/files\/2016\/09\/confluent.jpg 747w\" sizes=\"(max-width: 300px) 100vw, 300px\" \/>27, rue Paul-Bert<\/strong><br \/>\n<strong> 78700 Conflans-Sainte-Honorine<\/strong><\/p>\n<\/div>\n<p><strong><label>T\u00e9l:\u00a0<\/label>01 34 90 83 40<\/strong><\/p>\n<div><a href=\"mailto:0783461n@ac-versailles.fr\" target=\"_blank\" rel=\"noopener noreferrer\">0783461n@ac-versailles.fr<\/a><\/div>\n<div><\/div>\n<p><strong>Centre de loisirs<\/strong> : 01 34 90 83 55 <a href=\"mailto:CLPaulBert@mairie-conflans.fr\" target=\"_blank\" rel=\"noopener noreferrer\">CLPaulBert@mairie-conflans.fr<\/a><\/div>\n<p>L&#8217;\u00e9cole maternelle du Confluent compte 10 classes<\/p>\n<ul>\n<li class=\"block-directory-global-phone\"><strong>Les parents d&#8217;\u00e9l\u00e8ves \u00e9lus FCPE<\/strong><\/li>\n<\/ul>\n<p><span id=\"m_-2741963317102380253yui_3_16_0_ym19_1_1505108399571_36355\">t\u00eate de liste FCPE 2024\/2025 : Marion\u00a0 GIRARD<\/span><\/p>\n<p>5 si\u00e8ges pour la FCPE, 3 si\u00e8ges pour l&#8217;ALPEC,\u00a0 2 si\u00e8ges pour la PEEP<\/p>\n<ul>\n<li><strong>Contactez-nous : <a href=\"mailto:leconfluent.fcpe@gmail.com\">leconfluent.fcpe@gmail.com<\/a> ou <a href=\"mailto:conflans-sainte-honorine@fcpe78.fr\">conflans-sainte-honorine@fcpe78.fr<\/a><\/strong><\/li>\n<\/ul>\n<ul>\n<li><strong>Les dates des conseils d&#8217;\u00e9cole 2024\/2025<\/strong><\/li>\n<\/ul>\n<p>5 novembre 2024 ; 11 f\u00e9vrier 2025, 3 juin 2025<\/p>\n","protected":false},"excerpt":{"rendered":"<p>27, rue Paul-Bert 78700 Conflans-Sainte-Honorine T\u00e9l:\u00a001 34 90 83 40 0783461n@ac-versailles.fr Centre de loisirs : 01 34 90 83 55 CLPaulBert@mairie-conflans.fr L&#8217;\u00e9cole maternelle du Confluent compte 10 classes Les parents d&#8217;\u00e9l\u00e8ves \u00e9lus FCPE t\u00eate de liste FCPE 2024\/2025 : Marion\u00a0 GIRARD 5 si\u00e8ges pour la FCPE, 3 si\u00e8ges pour l&#8217;ALPEC,\u00a0 &#8230;<\/p>\n","protected":false},"author":34,"featured_media":0,"parent":32,"menu_order":0,"comment_status":"closed","ping_status":"closed","template":"","meta":{"jetpack_post_was_ever_published":false},"jetpack_shortlink":"https:\/\/wp.me\/P91mhl-1m","_links":{"self":[{"href":"https:\/\/www.fcpe78.fr\/cl\/conflans\/wp-json\/wp\/v2\/pages\/84"}],"collection":[{"href":"https:\/\/www.fcpe78.fr\/cl\/conflans\/wp-json\/wp\/v2\/pages"}],"about":[{"href":"https:\/\/www.fcpe78.fr\/cl\/conflans\/wp-json\/wp\/v2\/types\/page"}],"author":[{"embeddable":true,"href":"https:\/\/www.fcpe78.fr\/cl\/conflans\/wp-json\/wp\/v2\/users\/34"}],"replies":[{"embeddable":true,"href":"https:\/\/www.fcpe78.fr\/cl\/conflans\/wp-json\/wp\/v2\/comments?post=84"}],"version-history":[{"count":26,"href":"https:\/\/www.fcpe78.fr\/cl\/conflans\/wp-json\/wp\/v2\/pages\/84\/revisions"}],"predecessor-version":[{"id":2338,"href":"https:\/\/www.fcpe78.fr\/cl\/conflans\/wp-json\/wp\/v2\/pages\/84\/revisions\/2338"}],"up":[{"embeddable":true,"href":"https:\/\/www.fcpe78.fr\/cl\/conflans\/wp-json\/wp\/v2\/pages\/32"}],"wp:attachment":[{"href":"https:\/\/www.fcpe78.fr\/cl\/conflans\/wp-json\/wp\/v2\/media?parent=84"}],"curies":[{"name":"wp","href":"https:\/\/api.w.org\/{rel}","templated":true}]}}