{"id":801,"date":"2017-10-21T15:55:42","date_gmt":"2017-10-21T13:55:42","guid":{"rendered":"http:\/\/www.fcpe78.fr\/cl\/conflans\/?page_id=801"},"modified":"2017-10-21T15:55:42","modified_gmt":"2017-10-21T13:55:42","slug":"le-calendrier-annuel","status":"publish","type":"page","link":"https:\/\/www.fcpe78.fr\/cl\/conflans\/le-calendrier-annuel\/","title":{"rendered":"Le calendrier annuel"},"content":{"rendered":"<p><strong>La r\u00e9forme des rythmes scolaires en am\u00e8ne une autre, celle du calendrier annuel. C\u2019est cette ouverture sur la poursuite de ce chantier que la FCPE a voulu porter en pr\u00e9sidant la commission calendrier scolaire du CSE. C\u2019est ce travail qui doit \u00eatre poursuivi dans l\u2019int\u00e9r\u00eat de l\u2019enfant et pour son respect.<\/strong><\/p>\n<p><strong>Continuer la r\u00e9forme, travailler le calendrier annuel<\/strong><\/p>\n<p>La FCPE a toujours dit que penser le temps d\u2019apprentissage de l\u2019enfant, c\u2019est penser la r\u00e9partition des heures dans la semaine avec 9 demi-journ\u00e9es (et 5 matin\u00e9es obligatoires), des heures dans la journ\u00e9e mais surtout corr\u00e9ler ce travail avec la r\u00e9partition des journ\u00e9es dans l\u2019ann\u00e9e.<\/p>\n<p>La r\u00e9forme des rythmes scolaires est au milieu du gu\u00e9, les 5 matin\u00e9es semaines s\u2019allient \u00e9galement \u00e0 une r\u00e9organisation du temps scolaire sur l\u2019ann\u00e9e. La r\u00e9partition entre le temps de classe et le temps de vacances doit \u00eatre revue. L\u2019alternance 7\/2 (7 semaines de cours et 2 semaines de vacances) est \u00e0 privil\u00e9gier.<\/p>\n<p>Enfin les tunnels de cours de fin d\u2019ann\u00e9e, qui s\u2019\u00e9chelonnent parfois sur 11 ou 12 semaines ne b\u00e9n\u00e9ficient certainement pas aux \u00e9l\u00e8ves.<\/p>\n","protected":false},"excerpt":{"rendered":"<p>La r\u00e9forme des rythmes scolaires en am\u00e8ne une autre, celle du calendrier annuel. C\u2019est cette ouverture sur la poursuite de ce chantier que la FCPE a voulu porter en pr\u00e9sidant la commission calendrier scolaire du CSE. C\u2019est ce travail qui doit \u00eatre poursuivi dans l\u2019int\u00e9r\u00eat de l\u2019enfant et pour son &#8230;<\/p>\n","protected":false},"author":34,"featured_media":0,"parent":0,"menu_order":0,"comment_status":"closed","ping_status":"closed","template":"","meta":{"jetpack_post_was_ever_published":false},"jetpack_shortlink":"https:\/\/wp.me\/P91mhl-cV","_links":{"self":[{"href":"https:\/\/www.fcpe78.fr\/cl\/conflans\/wp-json\/wp\/v2\/pages\/801"}],"collection":[{"href":"https:\/\/www.fcpe78.fr\/cl\/conflans\/wp-json\/wp\/v2\/pages"}],"about":[{"href":"https:\/\/www.fcpe78.fr\/cl\/conflans\/wp-json\/wp\/v2\/types\/page"}],"author":[{"embeddable":true,"href":"https:\/\/www.fcpe78.fr\/cl\/conflans\/wp-json\/wp\/v2\/users\/34"}],"replies":[{"embeddable":true,"href":"https:\/\/www.fcpe78.fr\/cl\/conflans\/wp-json\/wp\/v2\/comments?post=801"}],"version-history":[{"count":1,"href":"https:\/\/www.fcpe78.fr\/cl\/conflans\/wp-json\/wp\/v2\/pages\/801\/revisions"}],"predecessor-version":[{"id":802,"href":"https:\/\/www.fcpe78.fr\/cl\/conflans\/wp-json\/wp\/v2\/pages\/801\/revisions\/802"}],"wp:attachment":[{"href":"https:\/\/www.fcpe78.fr\/cl\/conflans\/wp-json\/wp\/v2\/media?parent=801"}],"curies":[{"name":"wp","href":"https:\/\/api.w.org\/{rel}","templated":true}]}}