{"id":796,"date":"2017-10-21T15:51:58","date_gmt":"2017-10-21T13:51:58","guid":{"rendered":"http:\/\/www.fcpe78.fr\/cl\/conflans\/?page_id=796"},"modified":"2017-10-28T09:38:07","modified_gmt":"2017-10-28T07:38:07","slug":"ailleurs-en-europe","status":"publish","type":"page","link":"https:\/\/www.fcpe78.fr\/cl\/conflans\/ailleurs-en-europe\/","title":{"rendered":"Ailleurs en Europe"},"content":{"rendered":"<p><strong><img decoding=\"async\" loading=\"lazy\" class=\"alignleft size-medium wp-image-797\" src=\"https:\/\/www.fcpe78.fr\/cl\/conflans\/files\/2017\/10\/big_family-300x178.png\" alt=\"\" width=\"300\" height=\"178\" srcset=\"https:\/\/www.fcpe78.fr\/cl\/conflans\/files\/2017\/10\/big_family-300x178.png 300w, https:\/\/www.fcpe78.fr\/cl\/conflans\/files\/2017\/10\/big_family.png 305w\" sizes=\"(max-width: 300px) 100vw, 300px\" \/>Aujourd\u2019hui, les \u00e9tudes de l\u2019OCDE le d\u00e9montrent les \u00e9coliers fran\u00e7ais ont le nombre de jours d\u2019\u00e9cole le plus petit de l\u2019Europe, les journ\u00e9es les plus lourdes et de nombreux d\u00e9ficits dans les apprentissages. La France est le seul pays europ\u00e9en \u00e0 avoir mis en place la semaine des quatre jours. Les pays o\u00f9 les enfants apprennent mieux et sont le moins inquiets \u00e0 l\u2019\u00e9cole ont des jours avec une dur\u00e9e de cours moins longue dans la journ\u00e9e et plus de jours d\u2019\u00e9cole dans l\u2019ann\u00e9e.<\/strong><\/p>\n<p>Ceci et d\u2019autant plus vrai pour les enfants en difficult\u00e9 scolaire. Les deux mois de vacances de notre calendrier met \u00e0 mal pour tous les \u00e9l\u00e8ves les connaissances apprises. Les vacances doivent rester les vacances sans contrainte de r\u00e9vision et trop longues, elles ne permettent pas la continuit\u00e9 \u00e9ducative. L\u2019allongement du calendrier scolaire, poursuivi dans la tr\u00e8s grande majorit\u00e9 des pays de l\u2019UE vise un meilleur \u00e9talement dans l\u2019ann\u00e9e et sur les journ\u00e9es.<\/p>\n<p><strong>Moyenne de jours de classe OCDE : 187<\/strong><\/p>\n<p><img decoding=\"async\" loading=\"lazy\" class=\"alignleft wp-image-844\" src=\"https:\/\/www.fcpe78.fr\/cl\/conflans\/files\/2017\/10\/jour-ecole-300x208.jpg\" alt=\"\" width=\"649\" height=\"450\" srcset=\"https:\/\/www.fcpe78.fr\/cl\/conflans\/files\/2017\/10\/jour-ecole-300x208.jpg 300w, https:\/\/www.fcpe78.fr\/cl\/conflans\/files\/2017\/10\/jour-ecole-768x532.jpg 768w, https:\/\/www.fcpe78.fr\/cl\/conflans\/files\/2017\/10\/jour-ecole-1024x709.jpg 1024w, https:\/\/www.fcpe78.fr\/cl\/conflans\/files\/2017\/10\/jour-ecole-700x485.jpg 700w, https:\/\/www.fcpe78.fr\/cl\/conflans\/files\/2017\/10\/jour-ecole-332x230.jpg 332w, https:\/\/www.fcpe78.fr\/cl\/conflans\/files\/2017\/10\/jour-ecole.jpg 1040w\" sizes=\"(max-width: 649px) 100vw, 649px\" \/><\/p>\n<p>&nbsp;<\/p>\n<ul>\n<li>Nombre de jours de classe en France en 2008 (semaine des 4 jours) : 144<\/li>\n<li>Nombre de jours de classes en France en 2017 : 175<\/li>\n<li>Nombre de jours de classes en Finlande en 2017 : 190<\/li>\n<li>Nombre de jours de classes en Allemagne en 2017 : 188<\/li>\n<li>Nombre de jours de classes en Italie en 2017 : 200<\/li>\n<\/ul>\n<p>&nbsp;<\/p>\n<p><img decoding=\"async\" loading=\"lazy\" class=\"alignleft wp-image-846\" src=\"https:\/\/www.fcpe78.fr\/cl\/conflans\/files\/2017\/10\/nb-heures-300x208.jpg\" alt=\"\" width=\"648\" height=\"449\" srcset=\"https:\/\/www.fcpe78.fr\/cl\/conflans\/files\/2017\/10\/nb-heures-300x208.jpg 300w, https:\/\/www.fcpe78.fr\/cl\/conflans\/files\/2017\/10\/nb-heures-768x532.jpg 768w, https:\/\/www.fcpe78.fr\/cl\/conflans\/files\/2017\/10\/nb-heures-1024x709.jpg 1024w, https:\/\/www.fcpe78.fr\/cl\/conflans\/files\/2017\/10\/nb-heures-700x485.jpg 700w, https:\/\/www.fcpe78.fr\/cl\/conflans\/files\/2017\/10\/nb-heures-332x230.jpg 332w, https:\/\/www.fcpe78.fr\/cl\/conflans\/files\/2017\/10\/nb-heures.jpg 1040w\" sizes=\"(max-width: 648px) 100vw, 648px\" \/><\/p>\n<p>&nbsp;<\/p>\n<p>&nbsp;<\/p>\n<ul>\n<li>Nombre d\u2019heures d\u2019enseignement en France par semaine : 24 r\u00e9parties sur 5 jours<\/li>\n<li>Nombre moyen d\u2019heures d\u2019enseignement en Allemagne par semaine : 17 \u00e0 20 h r\u00e9parties sur 5 ou 6 jours<\/li>\n<li>Nombre d\u2019heures d\u2019enseignement en Finlande par semaine : 19h r\u00e9parties sur 5 jours<\/li>\n<li>Nombre d\u2019heures d\u2019enseignement en Italie par semaine : 25h r\u00e9parties sur 5 ou 6 jours<\/li>\n<\/ul>\n<p>&nbsp;<\/p>\n<ul>\n<li>Nombre de semaine d\u2019enseignement en France en 2017 : 36<\/li>\n<li>Nombre de semaines d\u2019enseignement en Allemagne en 2017 : 37,5<\/li>\n<li>Nombre de semaines d\u2019enseignement en Finlande en 2017 : 38<\/li>\n<li>Nombre de semaines d\u2019enseignement en Italie en 2017 : 38<\/li>\n<\/ul>\n<p><strong>Articulation des temps \u00e9ducatifs<\/strong><\/p>\n<p>La grande majorit\u00e9 des pays europ\u00e9ens ont articul\u00e9 le temps scolaire sur la matin\u00e9e, avec des temps \u00e9ducatifs propos\u00e9s la journ\u00e9e, possibles ou non. L\u2019organisation m\u00eame de ces temps \u00e9ducatifs est tr\u00e8s variable d\u2019un pays \u00e0 l\u2019autre, notamment en terme de portage \u00e9ducatif ou de fl\u00e9chage financier, eu \u00e9gard aux histoires, lois et organisations propres de chaque pays.<\/p>\n<p>Selon les pays les temps de pause et m\u00e9ridiens ont plus ou moins nombreux dans la journ\u00e9e.<\/p>\n<p>Ainsi pour exemple en Finlande, les \u00e9l\u00e8ves de primaire b\u00e9n\u00e9ficient d\u2019un cycle 45mn de cours-45 minutes de pause, avec une pause d\u2019une demi-heure pour d\u00e9jeuner avant de se rendre dans d\u2019autres activit\u00e9s \u00e9ducatives possibles (sports, arts, temps calmes, jeux etc\u2026)<\/p>\n","protected":false},"excerpt":{"rendered":"<p>Aujourd\u2019hui, les \u00e9tudes de l\u2019OCDE le d\u00e9montrent les \u00e9coliers fran\u00e7ais ont le nombre de jours d\u2019\u00e9cole le plus petit de l\u2019Europe, les journ\u00e9es les plus lourdes et de nombreux d\u00e9ficits dans les apprentissages. La France est le seul pays europ\u00e9en \u00e0 avoir mis en place la semaine des quatre jours. &#8230;<\/p>\n","protected":false},"author":34,"featured_media":0,"parent":0,"menu_order":0,"comment_status":"closed","ping_status":"closed","template":"","meta":{"jetpack_post_was_ever_published":false},"jetpack_shortlink":"https:\/\/wp.me\/P91mhl-cQ","_links":{"self":[{"href":"https:\/\/www.fcpe78.fr\/cl\/conflans\/wp-json\/wp\/v2\/pages\/796"}],"collection":[{"href":"https:\/\/www.fcpe78.fr\/cl\/conflans\/wp-json\/wp\/v2\/pages"}],"about":[{"href":"https:\/\/www.fcpe78.fr\/cl\/conflans\/wp-json\/wp\/v2\/types\/page"}],"author":[{"embeddable":true,"href":"https:\/\/www.fcpe78.fr\/cl\/conflans\/wp-json\/wp\/v2\/users\/34"}],"replies":[{"embeddable":true,"href":"https:\/\/www.fcpe78.fr\/cl\/conflans\/wp-json\/wp\/v2\/comments?post=796"}],"version-history":[{"count":5,"href":"https:\/\/www.fcpe78.fr\/cl\/conflans\/wp-json\/wp\/v2\/pages\/796\/revisions"}],"predecessor-version":[{"id":847,"href":"https:\/\/www.fcpe78.fr\/cl\/conflans\/wp-json\/wp\/v2\/pages\/796\/revisions\/847"}],"wp:attachment":[{"href":"https:\/\/www.fcpe78.fr\/cl\/conflans\/wp-json\/wp\/v2\/media?parent=796"}],"curies":[{"name":"wp","href":"https:\/\/api.w.org\/{rel}","templated":true}]}}