{"id":75,"date":"2016-09-10T20:01:33","date_gmt":"2016-09-10T18:01:33","guid":{"rendered":"http:\/\/localhost\/wordpress\/?page_id=75"},"modified":"2017-09-11T23:02:47","modified_gmt":"2017-09-11T21:02:47","slug":"ecole-maternelle-les-trois-sapins","status":"publish","type":"page","link":"https:\/\/www.fcpe78.fr\/cl\/conflans\/les-ecoles-maternelles\/ecole-maternelle-les-trois-sapins\/","title":{"rendered":"Ecole maternelle Les Trois Sapins"},"content":{"rendered":"<div class=\"block-directory-global-address\">\n<div class=\"block-directory-global-address\">\n<div class=\"block-directory-global-address\">\n<p><strong><img decoding=\"async\" loading=\"lazy\" class=\"alignleft size-medium wp-image-589\" src=\"https:\/\/www.fcpe78.fr\/cl\/conflans\/files\/2016\/10\/les_maternelles-chennevieres-300x225.jpg\" alt=\"\" width=\"300\" height=\"225\" srcset=\"https:\/\/www.fcpe78.fr\/cl\/conflans\/files\/2016\/10\/les_maternelles-chennevieres-300x225.jpg 300w, https:\/\/www.fcpe78.fr\/cl\/conflans\/files\/2016\/10\/les_maternelles-chennevieres-332x249.jpg 332w, https:\/\/www.fcpe78.fr\/cl\/conflans\/files\/2016\/10\/les_maternelles-chennevieres.jpg 354w\" sizes=\"(max-width: 300px) 100vw, 300px\" \/>172, avenue du Mar\u00e9chal-Foch<\/strong><br \/>\n<strong> 78700 Conflans-Sainte-Honorine<\/strong><\/p>\n<\/div>\n<p class=\"block-directory-global-phone\"><strong><label>T\u00e9l:\u00a0<\/label>01 34 90 84 25<\/strong><\/p>\n<\/div>\n<\/div>\n<p><strong>Directeur :<\/strong> Mme Estienne<\/p>\n<p><strong>Centre de loisirs :<\/strong>\u00a001 34 90 84 35<\/p>\n<p>L&#8217;\u00e9cole maternelle des Trois Sapins compte 5 classes : 1 petite section, 1 petite\/moyenne section, 1 moyenne section, 1 moyenne\/grande section, 1 grande section<\/p>\n<div><\/div>\n<ul>\n<li><strong>Les parents d&#8217;\u00e9l\u00e8ves \u00e9lus FCPE<\/strong><\/li>\n<\/ul>\n<p><span id=\"m_-2741963317102380253yui_3_16_0_ym19_1_1505108399571_36583\">Claire Avenel : fcpechennevieres(at)gmail.com<span id=\"m_-2741963317102380253yui_3_16_0_ym19_1_1505108399571_36584\">\u00a0 \u00a0Tel : 06 24 00 08 57<\/span><\/span><\/p>\n<ul>\n<li class=\"block-directory-global-phone\"><strong>Voir les compte-rendu des conseils d&#8217;\u00e9cole<\/strong><\/li>\n<\/ul>\n<p>&nbsp;<\/p>\n<ul>\n<li class=\"block-directory-global-phone\"><strong>Contactez-nous :<\/strong> <div class=\"frm_forms  with_frm_style frm_style_style-formidable\" id=\"frm_form_3_container\" >\n<form enctype=\"multipart\/form-data\" method=\"post\" class=\"frm-show-form \" id=\"form_contact2\"  >\n<div class=\"frm_form_fields \">\n<fieldset>\n<legend class=\"frm_hidden\">Contactez-nous !<\/legend>\r\n\r\n<div class=\"frm_fields_container\">\n<input type=\"hidden\" name=\"frm_action\" value=\"create\" \/>\n<input type=\"hidden\" name=\"form_id\" value=\"3\" \/>\n<input type=\"hidden\" name=\"frm_hide_fields_3\" id=\"frm_hide_fields_3\" value=\"\" \/>\n<input type=\"hidden\" name=\"form_key\" value=\"contact2\" \/>\n<input type=\"hidden\" name=\"item_meta[0]\" value=\"\" \/>\n<input type=\"hidden\" id=\"frm_submit_entry_3\" name=\"frm_submit_entry_3\" value=\"59dc1ad723\" \/><input type=\"hidden\" name=\"_wp_http_referer\" value=\"\/cl\/conflans\/wp-json\/wp\/v2\/pages\/75\" \/><div id=\"frm_field_8_container\" class=\"frm_form_field form-field  frm_required_field frm_top_container frm_first frm_half\">\r\n    <label for=\"field_qh4icy2\" class=\"frm_primary_label\">Nom\r\n        <span class=\"frm_required\">*<\/span>\r\n    <\/label>\r\n    <input type=\"text\" id=\"field_qh4icy2\" name=\"item_meta[8]\" value=\"\"  data-reqmsg=\"Ce champ ne peut pas \u00eatre vide\" aria-required=\"true\" data-invmsg=\"Nom est non valide\" aria-invalid=\"false\"  \/>\r\n    \r\n    \r\n<\/div>\n<div id=\"frm_field_9_container\" class=\"frm_form_field form-field  frm_required_field frm_hidden_container frm_half\">\r\n    <label for=\"field_ocfup12\" class=\"frm_primary_label\">Pr\u00e9nom\r\n        <span class=\"frm_required\">*<\/span>\r\n    <\/label>\r\n    <input type=\"text\" id=\"field_ocfup12\" name=\"item_meta[9]\" value=\"\"  data-reqmsg=\"Ce champ ne peut pas \u00eatre vide\" aria-required=\"true\" data-invmsg=\"Pr\u00e9nom est non valide\" aria-invalid=\"false\"  \/>\r\n    \r\n    \r\n<\/div>\n<div id=\"frm_field_10_container\" class=\"frm_form_field form-field  frm_required_field frm_top_container frm_full\">\r\n    <label for=\"field_29yf4d2\" class=\"frm_primary_label\">Email\r\n        <span class=\"frm_required\">*<\/span>\r\n    <\/label>\r\n    <input type=\"email\" id=\"field_29yf4d2\" name=\"item_meta[10]\" value=\"\"  data-reqmsg=\"Ce champ ne peut pas \u00eatre vide\" aria-required=\"true\" data-invmsg=\"Please enter a valid email address\" aria-invalid=\"false\"  \/>\r\n    \r\n    \r\n<\/div>\n<div id=\"frm_field_12_container\" class=\"frm_form_field form-field  frm_required_field frm_top_container frm_full\">\r\n    <label for=\"field_e6lis62\" class=\"frm_primary_label\">Objet\r\n        <span class=\"frm_required\">*<\/span>\r\n    <\/label>\r\n    <input type=\"text\" id=\"field_e6lis62\" name=\"item_meta[12]\" value=\"\"  data-reqmsg=\"Ce champ ne peut pas \u00eatre vide\" aria-required=\"true\" data-invmsg=\"Objet est non valide\" aria-invalid=\"false\"  \/>\r\n    \r\n    \r\n<\/div>\n<div id=\"frm_field_25_container\" class=\"frm_form_field form-field  frm_top_container\">\r\n    <label for=\"field_epquw\" id=\"field_epquw_label\" class=\"frm_primary_label\">Ecole, coll\u00e8ge ou lyc\u00e9e concern\u00e9\r\n        <span class=\"frm_required\"><\/span>\r\n    <\/label>\r\n    <input type=\"text\" id=\"field_epquw\" name=\"item_meta[25]\" value=\"\"  data-invmsg=\"texte est non valide\" aria-invalid=\"false\"  \/>\r\n    \r\n    \r\n<\/div>\n<div id=\"frm_field_13_container\" class=\"frm_form_field form-field  frm_required_field frm_top_container frm_full\">\r\n    <label for=\"field_9jv0r12\" class=\"frm_primary_label\">Message\r\n        <span class=\"frm_required\">*<\/span>\r\n    <\/label>\r\n    <textarea name=\"item_meta[13]\" id=\"field_9jv0r12\" rows=\"5\"  data-reqmsg=\"Ce champ ne peut pas \u00eatre vide\" aria-required=\"true\" data-invmsg=\"Message est non valide\" aria-invalid=\"false\"  ><\/textarea>\r\n    \r\n    \r\n<\/div>\n<div id=\"frm_field_14_container\" class=\"frm_form_field form-field  frm_none_container\">\r\n    <label for=\"g-recaptcha-response\" class=\"frm_primary_label\">Captcha\r\n        <span class=\"frm_required\"><\/span>\r\n    <\/label>\r\n    \r\n    \r\n    \r\n<\/div>\n\t<input type=\"hidden\" name=\"item_key\" value=\"\" \/>\n\t<div class=\"frm_submit\">\r\n\r\n<button class=\"frm_button_submit\" type=\"submit\"  >Envoyer<\/button>\r\n\r\n<\/div><\/div>\n<\/fieldset>\n<\/div>\n<p style=\"display: none !important;\"><label>&#916;<textarea name=\"ak_hp_textarea\" cols=\"45\" rows=\"8\" maxlength=\"100\"><\/textarea><\/label><input type=\"hidden\" id=\"ak_js_1\" name=\"ak_js\" value=\"10\"\/><script>document.getElementById( \"ak_js_1\" ).setAttribute( \"value\", ( new Date() ).getTime() );<\/script><\/p><\/form>\n<\/div>\n<\/li>\n<\/ul>\n","protected":false},"excerpt":{"rendered":"<p>172, avenue du Mar\u00e9chal-Foch 78700 Conflans-Sainte-Honorine T\u00e9l:\u00a001 34 90 84 25 Directeur : Mme Estienne Centre de loisirs :\u00a001 34 90 84 35 L&#8217;\u00e9cole maternelle des Trois Sapins compte 5 classes : 1 petite section, 1 petite\/moyenne section, 1 moyenne section, 1 moyenne\/grande section, 1 grande section Les parents d&#8217;\u00e9l\u00e8ves &#8230;<\/p>\n","protected":false},"author":34,"featured_media":0,"parent":32,"menu_order":0,"comment_status":"closed","ping_status":"closed","template":"","meta":{"jetpack_post_was_ever_published":false},"jetpack_shortlink":"https:\/\/wp.me\/P91mhl-1d","_links":{"self":[{"href":"https:\/\/www.fcpe78.fr\/cl\/conflans\/wp-json\/wp\/v2\/pages\/75"}],"collection":[{"href":"https:\/\/www.fcpe78.fr\/cl\/conflans\/wp-json\/wp\/v2\/pages"}],"about":[{"href":"https:\/\/www.fcpe78.fr\/cl\/conflans\/wp-json\/wp\/v2\/types\/page"}],"author":[{"embeddable":true,"href":"https:\/\/www.fcpe78.fr\/cl\/conflans\/wp-json\/wp\/v2\/users\/34"}],"replies":[{"embeddable":true,"href":"https:\/\/www.fcpe78.fr\/cl\/conflans\/wp-json\/wp\/v2\/comments?post=75"}],"version-history":[{"count":6,"href":"https:\/\/www.fcpe78.fr\/cl\/conflans\/wp-json\/wp\/v2\/pages\/75\/revisions"}],"predecessor-version":[{"id":592,"href":"https:\/\/www.fcpe78.fr\/cl\/conflans\/wp-json\/wp\/v2\/pages\/75\/revisions\/592"}],"up":[{"embeddable":true,"href":"https:\/\/www.fcpe78.fr\/cl\/conflans\/wp-json\/wp\/v2\/pages\/32"}],"wp:attachment":[{"href":"https:\/\/www.fcpe78.fr\/cl\/conflans\/wp-json\/wp\/v2\/media?parent=75"}],"curies":[{"name":"wp","href":"https:\/\/api.w.org\/{rel}","templated":true}]}}