{"id":72,"date":"2016-09-10T20:01:05","date_gmt":"2016-09-10T18:01:05","guid":{"rendered":"http:\/\/localhost\/wordpress\/?page_id=72"},"modified":"2024-10-17T07:51:25","modified_gmt":"2024-10-17T05:51:25","slug":"ecole-maternelle-les-grandes-terres","status":"publish","type":"page","link":"https:\/\/www.fcpe78.fr\/cl\/conflans\/les-ecoles-maternelles\/ecole-maternelle-les-grandes-terres\/","title":{"rendered":"Ecole maternelle Grandes Terres"},"content":{"rendered":"<div class=\"block-directory-global-address\">\n<div class=\"block-directory-global-address\">\n<div class=\"block-directory-global-address\">\n<div class=\"block-directory-global-address\">\n<div class=\"block-directory-global-address\">\n<p><img decoding=\"async\" loading=\"lazy\" class=\"alignleft size-medium wp-image-543\" src=\"https:\/\/www.fcpe78.fr\/cl\/conflans\/files\/2016\/10\/25429-161003191143699-01-630x0-300x200.jpg\" alt=\"\" width=\"300\" height=\"200\" srcset=\"https:\/\/www.fcpe78.fr\/cl\/conflans\/files\/2016\/10\/25429-161003191143699-01-630x0-300x200.jpg 300w, https:\/\/www.fcpe78.fr\/cl\/conflans\/files\/2016\/10\/25429-161003191143699-01-630x0-332x222.jpg 332w, https:\/\/www.fcpe78.fr\/cl\/conflans\/files\/2016\/10\/25429-161003191143699-01-630x0.jpg 630w\" sizes=\"(max-width: 300px) 100vw, 300px\" \/><strong>1, place Jean-Monnet<\/strong><br \/>\n<strong> 78700 Conflans-Sainte-Honorine<\/strong><\/p>\n<\/div>\n<p class=\"block-directory-global-phone\"><strong><label>T\u00e9l:\u00a0<\/label>01 34 90 84 40<\/strong><\/p>\n<\/div>\n<\/div>\n<\/div>\n<\/div>\n<p><strong>Directeur :<\/strong> Mme De Potter<\/p>\n<p><strong>Centre de loisirs :\u00a0<\/strong>01 34 90 84 55<\/p>\n<p>L&#8217;\u00e9cole maternelle des Grandes Terres compte 5 classes : 1 petite section, 2 petites\/moyennes sections, 1 moyenne\/grande section, 1 grande section.<\/p>\n<div class=\"block-directory-global-address\">\n<div><\/div>\n<ul>\n<li><strong>Les parents d&#8217;\u00e9l\u00e8ves \u00e9lus FCPE<\/strong><\/li>\n<\/ul>\n<ul>\n<li>carte scolaire 2024\u00a0 : <a href=\"https:\/\/www.conflans-sainte-honorine.fr\/wp-content\/uploads\/2024\/05\/Carte-scolaire-2024.pdf\">CARTE SCOLAIRE (conflans-sainte-honorine.fr)<\/a><\/li>\n<\/ul>\n<\/div>\n","protected":false},"excerpt":{"rendered":"<p>1, place Jean-Monnet 78700 Conflans-Sainte-Honorine T\u00e9l:\u00a001 34 90 84 40 Directeur : Mme De Potter Centre de loisirs :\u00a001 34 90 84 55 L&#8217;\u00e9cole maternelle des Grandes Terres compte 5 classes : 1 petite section, 2 petites\/moyennes sections, 1 moyenne\/grande section, 1 grande section. Les parents d&#8217;\u00e9l\u00e8ves \u00e9lus FCPE carte &#8230;<\/p>\n","protected":false},"author":34,"featured_media":0,"parent":32,"menu_order":0,"comment_status":"closed","ping_status":"closed","template":"","meta":{"jetpack_post_was_ever_published":false},"jetpack_shortlink":"https:\/\/wp.me\/P91mhl-1a","_links":{"self":[{"href":"https:\/\/www.fcpe78.fr\/cl\/conflans\/wp-json\/wp\/v2\/pages\/72"}],"collection":[{"href":"https:\/\/www.fcpe78.fr\/cl\/conflans\/wp-json\/wp\/v2\/pages"}],"about":[{"href":"https:\/\/www.fcpe78.fr\/cl\/conflans\/wp-json\/wp\/v2\/types\/page"}],"author":[{"embeddable":true,"href":"https:\/\/www.fcpe78.fr\/cl\/conflans\/wp-json\/wp\/v2\/users\/34"}],"replies":[{"embeddable":true,"href":"https:\/\/www.fcpe78.fr\/cl\/conflans\/wp-json\/wp\/v2\/comments?post=72"}],"version-history":[{"count":11,"href":"https:\/\/www.fcpe78.fr\/cl\/conflans\/wp-json\/wp\/v2\/pages\/72\/revisions"}],"predecessor-version":[{"id":2350,"href":"https:\/\/www.fcpe78.fr\/cl\/conflans\/wp-json\/wp\/v2\/pages\/72\/revisions\/2350"}],"up":[{"embeddable":true,"href":"https:\/\/www.fcpe78.fr\/cl\/conflans\/wp-json\/wp\/v2\/pages\/32"}],"wp:attachment":[{"href":"https:\/\/www.fcpe78.fr\/cl\/conflans\/wp-json\/wp\/v2\/media?parent=72"}],"curies":[{"name":"wp","href":"https:\/\/api.w.org\/{rel}","templated":true}]}}