{"id":69,"date":"2016-09-10T20:00:46","date_gmt":"2016-09-10T18:00:46","guid":{"rendered":"http:\/\/localhost\/wordpress\/?page_id=69"},"modified":"2022-10-09T21:23:28","modified_gmt":"2022-10-09T19:23:28","slug":"ecole-maternelle-croix-blanche","status":"publish","type":"page","link":"https:\/\/www.fcpe78.fr\/cl\/conflans\/les-ecoles-maternelles\/ecole-maternelle-croix-blanche\/","title":{"rendered":"Ecole maternelle Croix Blanche"},"content":{"rendered":"<div class=\"block-directory-global-address\">\n<div class=\"block-directory-global-address\">\n<p><img decoding=\"async\" loading=\"lazy\" class=\"alignleft size-medium wp-image-550\" src=\"https:\/\/www.fcpe78.fr\/cl\/conflans\/files\/2016\/10\/ecoledunant-300x202.jpg\" alt=\"\" width=\"300\" height=\"202\" srcset=\"https:\/\/www.fcpe78.fr\/cl\/conflans\/files\/2016\/10\/ecoledunant-300x202.jpg 300w, https:\/\/www.fcpe78.fr\/cl\/conflans\/files\/2016\/10\/ecoledunant-332x223.jpg 332w, https:\/\/www.fcpe78.fr\/cl\/conflans\/files\/2016\/10\/ecoledunant.jpg 400w\" sizes=\"(max-width: 300px) 100vw, 300px\" \/><strong>5, rue Henri Dunant<\/strong><br \/>\n<strong> 78700 Conflans-Sainte-Honorine<\/strong><\/p>\n<\/div>\n<p class=\"block-directory-global-phone\"><strong><label>T\u00e9l:\u00a0<\/label>01 34 90 83 80<\/strong><\/p>\n<p><strong>Directeur :<\/strong> Mme Legendre<\/p>\n<div><strong style=\"font-size: revert;color: initial\">Site de l&#8217;\u00e9cole :<\/strong><span style=\"font-size: revert;color: initial\">\u00a0<\/span><a style=\"font-size: revert\" href=\"https:\/\/www.mat-croixblanche-conflans.ac-versailles.fr\/\">https:\/\/www.mat-croixblanche-conflans.ac-versailles.fr\/<\/a><\/div>\n<\/div>\n<div><\/div>\n<p><strong>Centre de loisirs :<\/strong>\u00a001 34 90 83 95<\/p>\n<p>L&#8217;\u00e9cole maternelle Croix Blanche comptait :\u00a0 7 classes : 2 petites sections, 1 petite\/moyenne section, 1 moyenne section, 1 moyenne\/grande section, 2 grandes sections<\/p>\n<div><\/div>\n<ul>\n<li class=\"block-directory-global-phone\"><strong>Les parents d&#8217;\u00e9l\u00e8ves \u00e9lus FCPE<\/strong><\/li>\n<\/ul>\n<ul>\n<li><strong>Contactez-nous<\/strong> : <a href=\"mailto:conflans-sainte-honorine@fcpe78.fr\">conflans-sainte-honorine@fcpe78.fr<\/a><span style=\"font-size: inherit\">\u00a0<\/span><\/li>\n<\/ul>\n<ul>\n<li class=\"block-directory-global-phone\"><strong>Voir les comptes-rendus des conseils d&#8217;\u00e9cole<\/strong><\/li>\n<\/ul>\n","protected":false},"excerpt":{"rendered":"<p>5, rue Henri Dunant 78700 Conflans-Sainte-Honorine T\u00e9l:\u00a001 34 90 83 80 Directeur : Mme Legendre Site de l&#8217;\u00e9cole :\u00a0https:\/\/www.mat-croixblanche-conflans.ac-versailles.fr\/ Centre de loisirs :\u00a001 34 90 83 95 L&#8217;\u00e9cole maternelle Croix Blanche comptait :\u00a0 7 classes : 2 petites sections, 1 petite\/moyenne section, 1 moyenne section, 1 moyenne\/grande section, 2 grandes &#8230;<\/p>\n","protected":false},"author":34,"featured_media":0,"parent":32,"menu_order":0,"comment_status":"closed","ping_status":"closed","template":"template-content-sidebar.php","meta":{"jetpack_post_was_ever_published":false},"jetpack_shortlink":"https:\/\/wp.me\/P91mhl-17","_links":{"self":[{"href":"https:\/\/www.fcpe78.fr\/cl\/conflans\/wp-json\/wp\/v2\/pages\/69"}],"collection":[{"href":"https:\/\/www.fcpe78.fr\/cl\/conflans\/wp-json\/wp\/v2\/pages"}],"about":[{"href":"https:\/\/www.fcpe78.fr\/cl\/conflans\/wp-json\/wp\/v2\/types\/page"}],"author":[{"embeddable":true,"href":"https:\/\/www.fcpe78.fr\/cl\/conflans\/wp-json\/wp\/v2\/users\/34"}],"replies":[{"embeddable":true,"href":"https:\/\/www.fcpe78.fr\/cl\/conflans\/wp-json\/wp\/v2\/comments?post=69"}],"version-history":[{"count":14,"href":"https:\/\/www.fcpe78.fr\/cl\/conflans\/wp-json\/wp\/v2\/pages\/69\/revisions"}],"predecessor-version":[{"id":2217,"href":"https:\/\/www.fcpe78.fr\/cl\/conflans\/wp-json\/wp\/v2\/pages\/69\/revisions\/2217"}],"up":[{"embeddable":true,"href":"https:\/\/www.fcpe78.fr\/cl\/conflans\/wp-json\/wp\/v2\/pages\/32"}],"wp:attachment":[{"href":"https:\/\/www.fcpe78.fr\/cl\/conflans\/wp-json\/wp\/v2\/media?parent=69"}],"curies":[{"name":"wp","href":"https:\/\/api.w.org\/{rel}","templated":true}]}}