{"id":689,"date":"2017-10-01T18:24:20","date_gmt":"2017-10-01T16:24:20","guid":{"rendered":"http:\/\/www.fcpe78.fr\/cl\/conflans\/?page_id=689"},"modified":"2017-10-01T18:41:38","modified_gmt":"2017-10-01T16:41:38","slug":"historique-de-la-caisse-des-ecoles","status":"publish","type":"page","link":"https:\/\/www.fcpe78.fr\/cl\/conflans\/historique-de-la-caisse-des-ecoles\/","title":{"rendered":"La Caisse des Ecoles (CDE)"},"content":{"rendered":"<p><strong><img decoding=\"async\" loading=\"lazy\" class=\"alignleft size-full wp-image-701\" src=\"https:\/\/www.fcpe78.fr\/cl\/conflans\/files\/2017\/09\/caise-ecoles.jpg\" alt=\"\" width=\"217\" height=\"183\" \/><\/strong><\/p>\n<p><strong><em><u>L&#8217;article est un peu long mais il permet de comprendre la probl\u00e9matique en globalit\u00e9 ;-))<\/u><\/em><\/strong><\/p>\n<p>&nbsp;<\/p>\n<p><strong><em><u>Petit historique\u00a0:<\/u><\/em><\/strong><\/p>\n<p>La Caisse des Ecoles de Conflans Sainte Honorine a \u00e9t\u00e9 institu\u00e9e par d\u00e9lib\u00e9ration du Conseil Municipal du 4 juin 1882 en ex\u00e9cution de la loi du 28.03.1882.<\/p>\n<p>C\u2019est un \u00e9tablissement public avec personnalit\u00e9 morale, distinct de la commune et constitu\u00e9e de repr\u00e9sentants de la commune, de l\u2019\u00e9ducation nationale et des parents d\u2019\u00e9l\u00e8ves (dont la FCPE) \u00e0 parts \u00e9gales.<\/p>\n<p>&nbsp;<\/p>\n<p><strong><em><u>A quoi sert la Caisse des Ecoles\u00a0?<\/u><\/em><\/strong><\/p>\n<p>Le principe de cet \u00e9tablissement a \u00e9t\u00e9 cr\u00e9\u00e9 par la loi Jules Ferry dans le but d\u2019aider \u00e0 la scolarit\u00e9 des \u00e9l\u00e8ves de la commune, incluant des activit\u00e9s culturelles et p\u00e9dagogiques.<\/p>\n<p>La Caisse des Ecoles se prononce par vote sur le financement de nombreux moyens p\u00e9dagogiques (fournitures scolaires, projets scolaires, R\u00e9seau d\u2019Aides Sp\u00e9cialis\u00e9es, Classes d\u2019Int\u00e9gration Scolaire, projets collectifs langues, photocopies, arbre de No\u00ebl, trousse \u00e0 pharmacie).<\/p>\n<p>Les activit\u00e9s et projets sont soumis \u00e0 validation par l\u2019Education Nationale de la coh\u00e9rence de ceux-ci avec la pertinence p\u00e9dagogique.<\/p>\n<p>&nbsp;<\/p>\n<p><strong><em><u>Qui finance la Caisse des Ecoles\u00a0?<\/u><\/em><\/strong><\/p>\n<p>A Conflans, le budget annuel de la Caisse des Ecoles est d\u2019environ 240\u00a0000 euros (r\u00e9alis\u00e9 en 2015). Ce budget provient\u00a0:<\/p>\n<p>&#8211;\u00a0\u00a0\u00a0\u00a0\u00a0\u00a0\u00a0\u00a0\u00a0 de la subvention communale,<\/p>\n<p>&#8211;\u00a0\u00a0\u00a0\u00a0\u00a0\u00a0\u00a0\u00a0\u00a0 du Conseil D\u00e9partemental (7 600 euros inchang\u00e9s depuis 4 ans),<\/p>\n<p>&#8211;\u00a0\u00a0\u00a0\u00a0\u00a0\u00a0\u00a0\u00a0\u00a0 et des cotisations des Conflanais (entre 1500 et 2000 euros).<\/p>\n<p>Comme ce budget est limit\u00e9 \u00e0 environ 40\u00a0000 euros pour les projets scolaires (sorties, avec ou sans nuit\u00e9es), il faut savoir que les projets scolaires sont majoritairement financ\u00e9s par les seuls parents d\u2019\u00e9l\u00e8ves (coop\u00e9rative scolaire, kermesses, ventes de No\u00ebl, ventes de g\u00e2teaux).<\/p>\n<p>M\u00eame si elle n\u2019apporte qu\u2019un coup de pouce financier pour les projets scolaires, sa raison d\u2019\u00eatre est la participation de tous les Conflanais \u00e0 la scolarit\u00e9 des enfants conflanais, ce qui renforce les liens interg\u00e9n\u00e9rationnels et entre les Conflanais.<\/p>\n<p>De plus, malgr\u00e9 un gros travail, chaque ann\u00e9e, de constitution de dossiers, les enseignants s\u2019impliquent.<\/p>\n<p>La CDE et les Conflanais peuvent s\u2019enorgueillir de participer au financement de projets \u00e9ducatifs, culturels, sportifs qui favorisent l\u2019apprentissage du vivre ensemble.<\/p>\n<p>&nbsp;<\/p>\n<p><strong><em><u>Pourquoi la Caisse des Ecoles de Conflans a-t-elle \u00e9t\u00e9 remise en cause\u00a0?<\/u><\/em><\/strong><\/p>\n<p>En d\u00e9pit des efforts de la communaut\u00e9 \u00e9ducative (parents et enseignants) depuis des ann\u00e9es, le Conseil Municipal a d\u00e9cid\u00e9 le 8 mars 2016 d\u2019arr\u00eater d\u2019allouer la subvention communale \u00e0 la Caisse des Ecoles.<\/p>\n<p>Priv\u00e9e de fait de financement, elle est depuis janvier 2017 mise en sommeil par le Conseil Municipal.<\/p>\n<p>&nbsp;<\/p>\n<p><strong><em><u>Pourquoi la mise en sommeil de la Caisse des Ecoles pose probl\u00e8me aux parents d\u2019\u00e9l\u00e8ves\u00a0?<\/u><\/em><\/strong><\/p>\n<p>Le Conseil Municipal a indiqu\u00e9 qu\u2019il maintenait son financement pour 2016 et 2017.<\/p>\n<p>Mais les repr\u00e9sentants de parents d\u2019\u00e9l\u00e8ves FCPE ont d\u00e9couvert que, pour les projets scolaires, ce financement s\u2019effectuait non pas par une enveloppe globale comme pr\u00e9c\u00e9demment mais avec un montant de 6 euros par \u00e9l\u00e8ves. Or en n \u2013 1, 2016, soit septembre 2015, il y avait 4 234 \u00e9l\u00e8ves, soit 25\u00a0404 euros au lieu des 40 000 euros. Le financement de ces projets avait donc diminu\u00e9 presque de moiti\u00e9\u00a0! Et pourtant de plus en plus d\u2019\u00e9l\u00e8ves sont inscrits chaque ann\u00e9e.<\/p>\n<p>La mobilisation notamment des parents d\u2019\u00e9l\u00e8ves a permis de maintenir le budget initial pour la premi\u00e8re ann\u00e9e<\/p>\n<p>Le contexte \u00e9conomique \u00e9tant ce qu\u2019il est la moindre variation de budget se fait sentir lourdement. Cela accentue la pression sur les parents d\u2019\u00e9l\u00e8ves et les enseignants pour arriver \u00e0 financer les projets scolaires.<\/p>\n<p>C\u2019est ainsi, que les repr\u00e9sentants de parents FCPE se sont mobilis\u00e9s avec d\u2019autres parents pour exprimer leur vive inqui\u00e9tude face \u00e0 cette baisse de moyens et \u00e0 la port\u00e9e symbolique de l\u2019abandon de la Caisse des Ecoles par la commune.<\/p>\n<p>Finalement la mairie affecte, dans son budget communal, cette ann\u00e9e 10 euros par enfant.<\/p>\n<p>La prise de partie du financement par enfant et non par projet est fortement pr\u00e9judiciable. Les projets dont le budget n\u2019\u00e9tait pas important pouvaient se r\u00e9aliser sans difficult\u00e9 avec l\u2019aide de CDE mais les projets dont le financement est important sont aujourd\u2019hui presque irr\u00e9alisables.<\/p>\n<p>De plus toutes les classes b\u00e9n\u00e9ficient de cette subvention alors qu\u2019avant via la CDE seules, les classes avec projets, demandaient une subvention.<\/p>\n<p>&nbsp;<\/p>\n<p><em><u>Pour comprendre un exemple\u00a0:<\/u><\/em><\/p>\n<p><em>Un projet avec un intervenant de 500 euros se finance par la coop\u00e9rative scolaire et des ventes de g\u00e2teaux, calendrier, etc\u2026 en peu de temps alors qu\u2019un projet de nuit\u00e9es sur 5 jours coute 8\u00a0000 euros et l\u00e0 le financement est compliqu\u00e9.<\/em><\/p>\n<p><em>Aujourd\u2019hui, la mairie verse 300 euros \u00e0 chacune des deux classes.<\/em><\/p>\n<p><em>Lorsque la caisse des \u00e9coles existait, elle versait environ 300 euros et 2\u00a0000 euros au projet avec nuit\u00e9e.<\/em><\/p>\n<p><em>Aujourd\u2019hui les deux projets b\u00e9n\u00e9ficieront de 300 euros chacun via la subvention de la mairie\u2026..<\/em><\/p>\n<p><em>\u00a0<\/em><\/p>\n<p><em>\u00a0<\/em><\/p>\n<p><strong><em><u>Quelle est la position de la FCPE aujourd\u2019hui par rapport \u00e0 la Caisse des Ecoles de Conflans\u00a0?<\/u><\/em><\/strong><\/p>\n<p>L\u2019action de la FCPE et des parents d\u2019\u00e9l\u00e8ves a permis de maintenir r\u00e9ellement le budget pour 2016 et 2017. Les repr\u00e9sentants des parents d\u2019\u00e9l\u00e8ves constatent que la commune a su se montrer sensible aux arguments des parents d\u2019\u00e9l\u00e8ves.<\/p>\n<p>Cependant, la FCPE est, dans l\u2019expectative, sur le financement pour les ann\u00e9es \u00e0 venir m\u00eame si elle assure un contact avec le service de la scolarit\u00e9 de la commune.<\/p>\n<p>Parce que les projets ne seront plus source d\u2019impartialit\u00e9 avec des repr\u00e9sentants mairie, des membres de l\u2019EN et des parents d\u2019\u00e9l\u00e8ves, seule la commune en deviendra d\u00e9cisionnaire.<\/p>\n<p>Et reste oppos\u00e9e au \u00ab\u00a0lissage\u00a0\u00bb d\u2019un budget par enfant et non par projet comme c\u2019\u00e9tait le cas avec la CDE.<\/p>\n","protected":false},"excerpt":{"rendered":"<p>L&#8217;article est un peu long mais il permet de comprendre la probl\u00e9matique en globalit\u00e9 ;-)) &nbsp; Petit historique\u00a0: La Caisse des Ecoles de Conflans Sainte Honorine a \u00e9t\u00e9 institu\u00e9e par d\u00e9lib\u00e9ration du Conseil Municipal du 4 juin 1882 en ex\u00e9cution de la loi du 28.03.1882. C\u2019est un \u00e9tablissement public avec &#8230;<\/p>\n","protected":false},"author":33,"featured_media":0,"parent":0,"menu_order":0,"comment_status":"closed","ping_status":"closed","template":"","meta":{"jetpack_post_was_ever_published":false},"jetpack_shortlink":"https:\/\/wp.me\/P91mhl-b7","_links":{"self":[{"href":"https:\/\/www.fcpe78.fr\/cl\/conflans\/wp-json\/wp\/v2\/pages\/689"}],"collection":[{"href":"https:\/\/www.fcpe78.fr\/cl\/conflans\/wp-json\/wp\/v2\/pages"}],"about":[{"href":"https:\/\/www.fcpe78.fr\/cl\/conflans\/wp-json\/wp\/v2\/types\/page"}],"author":[{"embeddable":true,"href":"https:\/\/www.fcpe78.fr\/cl\/conflans\/wp-json\/wp\/v2\/users\/33"}],"replies":[{"embeddable":true,"href":"https:\/\/www.fcpe78.fr\/cl\/conflans\/wp-json\/wp\/v2\/comments?post=689"}],"version-history":[{"count":7,"href":"https:\/\/www.fcpe78.fr\/cl\/conflans\/wp-json\/wp\/v2\/pages\/689\/revisions"}],"predecessor-version":[{"id":718,"href":"https:\/\/www.fcpe78.fr\/cl\/conflans\/wp-json\/wp\/v2\/pages\/689\/revisions\/718"}],"wp:attachment":[{"href":"https:\/\/www.fcpe78.fr\/cl\/conflans\/wp-json\/wp\/v2\/media?parent=689"}],"curies":[{"name":"wp","href":"https:\/\/api.w.org\/{rel}","templated":true}]}}