{"id":68,"date":"2016-09-10T20:00:17","date_gmt":"2016-09-10T18:00:17","guid":{"rendered":"http:\/\/localhost\/wordpress\/?page_id=66"},"modified":"2024-10-16T08:56:51","modified_gmt":"2024-10-16T06:56:51","slug":"ecole-maternelle-les-quatre-vents","status":"publish","type":"page","link":"https:\/\/www.fcpe78.fr\/cl\/conflans\/les-ecoles-maternelles\/ecole-maternelle-les-quatre-vents\/","title":{"rendered":"Ecole maternelle Quatre Vents"},"content":{"rendered":"<div class=\"block-directory-global-address\">\n<div class=\"block-directory-global-address\">\n<div class=\"block-directory-global-address\">\n<p><strong><img decoding=\"async\" loading=\"lazy\" class=\"alignleft wp-image-1400 size-medium\" src=\"https:\/\/www.fcpe78.fr\/cl\/conflans\/files\/2019\/04\/4-vents-300x115.png\" alt=\"\" width=\"300\" height=\"115\" srcset=\"https:\/\/www.fcpe78.fr\/cl\/conflans\/files\/2019\/04\/4-vents-300x115.png 300w, https:\/\/www.fcpe78.fr\/cl\/conflans\/files\/2019\/04\/4-vents-768x295.png 768w, https:\/\/www.fcpe78.fr\/cl\/conflans\/files\/2019\/04\/4-vents-1024x393.png 1024w, https:\/\/www.fcpe78.fr\/cl\/conflans\/files\/2019\/04\/4-vents-700x269.png 700w, https:\/\/www.fcpe78.fr\/cl\/conflans\/files\/2019\/04\/4-vents-332x128.png 332w, https:\/\/www.fcpe78.fr\/cl\/conflans\/files\/2019\/04\/4-vents.png 1104w\" sizes=\"(max-width: 300px) 100vw, 300px\" \/>26, avenue Paul Brard<\/strong><br \/>\n<strong> 78700 Conflans-Sainte-Honorine<\/strong><\/p>\n<\/div>\n<p class=\"block-directory-global-phone\"><strong><label>T\u00e9l:\u00a0<\/label>01 34 90\u00a0<\/strong><strong>84 05<\/strong><\/p>\n<p><strong>mail<\/strong> : 0781295j@ac-versailles.fr<\/p>\n<p><strong>site internet<\/strong> : <a href=\"https:\/\/maternellequatrevents.toutemonecole.fr\">https:\/\/maternellequatrevents.toutemonecole.fr<\/a><\/p>\n<\/div>\n<p><strong>Directeur : <\/strong>Mme Marion TELES MARTINS<\/p>\n<p><strong>Centre de loisirs :<\/strong>\u00a001 34 90 84 15<\/p>\n<\/div>\n<ul>\n<li class=\"block-directory-global-phone\"><strong>Les parents d&#8217;\u00e9l\u00e8ves \u00e9lus FCPE en 2024\/2025<\/strong><\/li>\n<\/ul>\n<p>Titulaires : Laureline\u00a0 ZUIN, Flora GLADIN,<\/p>\n<p>Suppl\u00e9ants : Matthieu TALLLE, Benjamin HARKINS, Natacha MARQUET<\/p>\n<p>2 si\u00e8ges FCPE et 3 si\u00e8ges PEEP au conseil d&#8217;\u00e9cole<\/p>\n<ul>\n<li><strong>Contactez-nous :<\/strong> <a href=\"mailto:conflans-sainte-honorine@fcpe8.fr\">conflans-sainte-honorine@fcpe8.fr<\/a><\/li>\n<\/ul>\n<p><strong><em>En cours de mise \u00e0 jour pour 2024 mais \u00e0 titre informatif<\/em> <\/strong>: A la rentr\u00e9 2022, l&#8217;\u00e9cole maternelle des Quatre Vents comptait 119 \u00e9l\u00e8ves r\u00e9partis en 5 classes : 2 petites sections, 1 moyenne section, 1 moyenne\/grande section, 1 grande section<\/p>\n","protected":false},"excerpt":{"rendered":"<p>26, avenue Paul Brard 78700 Conflans-Sainte-Honorine T\u00e9l:\u00a001 34 90\u00a084 05 mail : 0781295j@ac-versailles.fr site internet : https:\/\/maternellequatrevents.toutemonecole.fr Directeur : Mme Marion TELES MARTINS Centre de loisirs :\u00a001 34 90 84 15 Les parents d&#8217;\u00e9l\u00e8ves \u00e9lus FCPE en 2024\/2025 Titulaires : Laureline\u00a0 ZUIN, Flora GLADIN, Suppl\u00e9ants : Matthieu TALLLE, Benjamin HARKINS, &#8230;<\/p>\n","protected":false},"author":34,"featured_media":0,"parent":32,"menu_order":0,"comment_status":"closed","ping_status":"closed","template":"template-content-sidebar.php","meta":{"jetpack_post_was_ever_published":false},"jetpack_shortlink":"https:\/\/wp.me\/P91mhl-16","_links":{"self":[{"href":"https:\/\/www.fcpe78.fr\/cl\/conflans\/wp-json\/wp\/v2\/pages\/68"}],"collection":[{"href":"https:\/\/www.fcpe78.fr\/cl\/conflans\/wp-json\/wp\/v2\/pages"}],"about":[{"href":"https:\/\/www.fcpe78.fr\/cl\/conflans\/wp-json\/wp\/v2\/types\/page"}],"author":[{"embeddable":true,"href":"https:\/\/www.fcpe78.fr\/cl\/conflans\/wp-json\/wp\/v2\/users\/34"}],"replies":[{"embeddable":true,"href":"https:\/\/www.fcpe78.fr\/cl\/conflans\/wp-json\/wp\/v2\/comments?post=68"}],"version-history":[{"count":12,"href":"https:\/\/www.fcpe78.fr\/cl\/conflans\/wp-json\/wp\/v2\/pages\/68\/revisions"}],"predecessor-version":[{"id":2333,"href":"https:\/\/www.fcpe78.fr\/cl\/conflans\/wp-json\/wp\/v2\/pages\/68\/revisions\/2333"}],"up":[{"embeddable":true,"href":"https:\/\/www.fcpe78.fr\/cl\/conflans\/wp-json\/wp\/v2\/pages\/32"}],"wp:attachment":[{"href":"https:\/\/www.fcpe78.fr\/cl\/conflans\/wp-json\/wp\/v2\/media?parent=68"}],"curies":[{"name":"wp","href":"https:\/\/api.w.org\/{rel}","templated":true}]}}