{"id":48,"date":"2016-09-10T19:01:30","date_gmt":"2016-09-10T17:01:30","guid":{"rendered":"http:\/\/localhost\/wordpress\/?page_id=48"},"modified":"2017-09-09T01:12:00","modified_gmt":"2017-09-08T23:12:00","slug":"qui-sommes-nous","status":"publish","type":"page","link":"https:\/\/www.fcpe78.fr\/cl\/conflans\/qui-sommes-nous\/","title":{"rendered":"Qui sommes-nous ?"},"content":{"rendered":"<p>A Conflans, les parents d\u2019\u00e9l\u00e8ves FCPE sont\u00a0:<\/p>\n<ul>\n<li>Pr\u00e9sents dans <u>les conseils d\u2019\u00e9coles,<\/u><\/li>\n<li>Participent <u>aux r\u00e9unions organis\u00e9es par la mairie <\/u>sr la r\u00e9formes des rythmes scolaires, s\u00e9curit\u00e9, restauration scolaire\u2026)<\/li>\n<li><u>Participent aux commissions menus<\/u>,<\/li>\n<li>Et sont en <u>relation avec l\u2019Inspection de l\u2019Education Nationale<\/u><\/li>\n<\/ul>\n<p>Ils \u00e9taient aussi repr\u00e9sent\u00e9s \u00e0 la <u>Caisse<\/u><u> des Ecoles qui est mise en sommeil aujourd\u2019hui.<\/u><\/p>\n","protected":false},"excerpt":{"rendered":"<p>A Conflans, les parents d\u2019\u00e9l\u00e8ves FCPE sont\u00a0: Pr\u00e9sents dans les conseils d\u2019\u00e9coles, Participent aux r\u00e9unions organis\u00e9es par la mairie sr la r\u00e9formes des rythmes scolaires, s\u00e9curit\u00e9, restauration scolaire\u2026) Participent aux commissions menus, Et sont en relation avec l\u2019Inspection de l\u2019Education Nationale Ils \u00e9taient aussi repr\u00e9sent\u00e9s \u00e0 la Caisse des Ecoles &#8230;<\/p>\n","protected":false},"author":34,"featured_media":0,"parent":0,"menu_order":0,"comment_status":"closed","ping_status":"closed","template":"","meta":{"jetpack_post_was_ever_published":false},"jetpack_shortlink":"https:\/\/wp.me\/P91mhl-M","_links":{"self":[{"href":"https:\/\/www.fcpe78.fr\/cl\/conflans\/wp-json\/wp\/v2\/pages\/48"}],"collection":[{"href":"https:\/\/www.fcpe78.fr\/cl\/conflans\/wp-json\/wp\/v2\/pages"}],"about":[{"href":"https:\/\/www.fcpe78.fr\/cl\/conflans\/wp-json\/wp\/v2\/types\/page"}],"author":[{"embeddable":true,"href":"https:\/\/www.fcpe78.fr\/cl\/conflans\/wp-json\/wp\/v2\/users\/34"}],"replies":[{"embeddable":true,"href":"https:\/\/www.fcpe78.fr\/cl\/conflans\/wp-json\/wp\/v2\/comments?post=48"}],"version-history":[{"count":2,"href":"https:\/\/www.fcpe78.fr\/cl\/conflans\/wp-json\/wp\/v2\/pages\/48\/revisions"}],"predecessor-version":[{"id":462,"href":"https:\/\/www.fcpe78.fr\/cl\/conflans\/wp-json\/wp\/v2\/pages\/48\/revisions\/462"}],"wp:attachment":[{"href":"https:\/\/www.fcpe78.fr\/cl\/conflans\/wp-json\/wp\/v2\/media?parent=48"}],"curies":[{"name":"wp","href":"https:\/\/api.w.org\/{rel}","templated":true}]}}