{"id":45,"date":"2016-09-10T18:57:51","date_gmt":"2016-09-10T16:57:51","guid":{"rendered":"http:\/\/localhost\/wordpress\/?page_id=45"},"modified":"2017-09-19T23:13:25","modified_gmt":"2017-09-19T21:13:25","slug":"nos-actions","status":"publish","type":"page","link":"https:\/\/www.fcpe78.fr\/cl\/conflans\/nos-actions\/","title":{"rendered":"Nos actions"},"content":{"rendered":"<ul>\n<li>Nous sommes membres <u>du collectif RASED<\/u> (R\u00e9seau d\u2019aides sp\u00e9cialis\u00e9es aux \u00e9l\u00e8ves en difficult\u00e9) et de RESF (R\u00e9seau \u00e9ducation sans fronti\u00e8res)<\/li>\n<li>Nous proposons <a href=\"https:\/\/www.fcpe78.fr\/cl\/conflans\/?page_id=179\">des kits de fournitures scolaires<\/a> (20 kits achet\u00e9s pour 1 kit gratuit b\u00e9n\u00e9ficiant aux enfants les plus d\u00e9munis)<\/li>\n<li>Nous organisons r\u00e9guli\u00e8rement <a href=\"https:\/\/www.fcpe78.fr\/cl\/conflans\/nos-actions\/defense-de-la-caisse-des-ecoles\/\">des caf\u00e9s des parents<\/a><\/li>\n<li>Nous avons soutenu<a href=\"https:\/\/www.fcpe78.fr\/cl\/conflans\/nos-actions\/liste-dentraide-dans-les-ecoles\/\"> la cr\u00e8che Babyloup<\/a> avec une collecte de livres<\/li>\n<li>Nous collaborons avec <a href=\"https:\/\/www.fcpe78.fr\/cl\/conflans\/nos-actions\/soutien-pour-les-enfants-scolarises-sans-papier-resf\/\">Santa Vitoria<\/a>, une association qui tente de faire vivre une \u00e9cole au Br\u00e9sil<\/li>\n<li>Nous sommes partenaires de <a href=\"https:\/\/www.fcpe78.fr\/cl\/conflans\/nos-actions\/notre-partenariat-avec-la-ligue-des-droits-de-lhomme\/\">la ligue des droits de l&#8217;homme<\/a> (LDH) et avons cr\u00e9\u00e9 avec elle le collectif d&#8217;information et de r\u00e9flexion sur le fichage \u00e0 l&#8217;\u00e9cole (CIRFE)<\/li>\n<\/ul>\n","protected":false},"excerpt":{"rendered":"<p>Nous sommes membres du collectif RASED (R\u00e9seau d\u2019aides sp\u00e9cialis\u00e9es aux \u00e9l\u00e8ves en difficult\u00e9) et de RESF (R\u00e9seau \u00e9ducation sans fronti\u00e8res) Nous proposons des kits de fournitures scolaires (20 kits achet\u00e9s pour 1 kit gratuit b\u00e9n\u00e9ficiant aux enfants les plus d\u00e9munis) Nous organisons r\u00e9guli\u00e8rement des caf\u00e9s des parents Nous avons soutenu &#8230;<\/p>\n","protected":false},"author":34,"featured_media":0,"parent":0,"menu_order":0,"comment_status":"closed","ping_status":"closed","template":"","meta":{"jetpack_post_was_ever_published":false},"jetpack_shortlink":"https:\/\/wp.me\/P91mhl-J","_links":{"self":[{"href":"https:\/\/www.fcpe78.fr\/cl\/conflans\/wp-json\/wp\/v2\/pages\/45"}],"collection":[{"href":"https:\/\/www.fcpe78.fr\/cl\/conflans\/wp-json\/wp\/v2\/pages"}],"about":[{"href":"https:\/\/www.fcpe78.fr\/cl\/conflans\/wp-json\/wp\/v2\/types\/page"}],"author":[{"embeddable":true,"href":"https:\/\/www.fcpe78.fr\/cl\/conflans\/wp-json\/wp\/v2\/users\/34"}],"replies":[{"embeddable":true,"href":"https:\/\/www.fcpe78.fr\/cl\/conflans\/wp-json\/wp\/v2\/comments?post=45"}],"version-history":[{"count":2,"href":"https:\/\/www.fcpe78.fr\/cl\/conflans\/wp-json\/wp\/v2\/pages\/45\/revisions"}],"predecessor-version":[{"id":685,"href":"https:\/\/www.fcpe78.fr\/cl\/conflans\/wp-json\/wp\/v2\/pages\/45\/revisions\/685"}],"wp:attachment":[{"href":"https:\/\/www.fcpe78.fr\/cl\/conflans\/wp-json\/wp\/v2\/media?parent=45"}],"curies":[{"name":"wp","href":"https:\/\/api.w.org\/{rel}","templated":true}]}}