{"id":42,"date":"2016-09-10T18:57:36","date_gmt":"2016-09-10T16:57:36","guid":{"rendered":"http:\/\/localhost\/wordpress\/?page_id=42"},"modified":"2024-10-17T07:40:00","modified_gmt":"2024-10-17T05:40:00","slug":"le-periscolaire","status":"publish","type":"page","link":"https:\/\/www.fcpe78.fr\/cl\/conflans\/le-periscolaire\/","title":{"rendered":"Le p\u00e9riscolaire"},"content":{"rendered":"<p>L&#8217;accueil p\u00e9riscolaire \u00e0 Conflans est soumis \u00e0 des inscriptions pr\u00e9alables que vous pouvez effectuer exclusivement \u00e0 l\u2019Espace Famille de la ville.<\/p>\n<p class=\"block-directory-global-title\">Espace famille \u2013 Guichet Unique<\/p>\n<div class=\"block-directory-global-address\">\n<p>2, place Auguste-Romagn\u00e9<br \/>78700 Conflans-Sainte-Honorine<\/p>\n<\/div>\n<div class=\"block-directory-global-description\">\n<p><strong>Horaires\u00a0d&#8217;ouverture :<\/strong><br \/>Lundi, mardi, mercredi et vendredi de 9h \u00e0 12h et de 13h30 \u00e0 17h30<br \/>Le jeudi de 13h30 \u00e0 17h30<br \/>T\u00e9l : 01 34 90 89 00 \/ mail :\u00a0<a href=\"mailto:espace-famille-romagne@mairie-conflans.fr\">espace-famille-romagne@mairie-conflans.fr<\/a><\/p>\n<p>Les dossiers d&#8217;inscriptions sont disponibles sur l&#8217;espace citoyen\u00a0 :<a href=\"https:\/\/www.espace-citoyens.net\/conflans-sainte-honorine\/espace-citoyens\/Home\/AccueilPublic\">Gestion de la relation citoyen de votre ville &#8211; Accueil (espace-citoyens.net)<\/a><\/p>\n<p><a href=\"https:\/\/www.conflans-sainte-honorine.fr\/au-quotidien\/jeunesse-et-enfance\/guichet-unique-et-demarches-en-ligne\/\">D\u00e9marches Familles &amp; Tarifs &#8211; Ville de Conflans-Sainte-Honorine<\/a><\/p>\n<div class=\"vc_row wpb_row vc_row-fluid\">\n<div class=\"wpb_column vc_column_container vc_col-sm-12\">\n<div class=\"vc_column-inner \">\n<div class=\"wpb_wrapper\">\n<div class=\"wpb_text_column wpb_content_element \">\n<div class=\"wpb_wrapper\">\n<h3>\u00a0<\/h3>\n<h3>Les accueils p\u00e9riscolaires<\/h3>\n<\/div>\n<\/div>\n<div class=\"wpb_text_column wpb_content_element \">\n<div class=\"wpb_wrapper\">\n<p>L\u2019accueil est pr\u00e9vu pour les enfants fr\u00e9quentant les \u00e9coles maternelles et \u00e9l\u00e9mentaires conflanaises.<\/p>\n<p><strong>Horaires d\u2019ouverture et de fermeture.<\/strong><\/p>\n<ul>\n<li>Accueil du matin de 7h15 \u00e0 8h20.<\/li>\n<li>Accueil du mercredi midi de 11h30 \u00e0 12h30.<\/li>\n<li>Accueil du soir de 16h30 \u00e0 19h<\/li>\n<\/ul>\n<\/div>\n<\/div>\n<\/div>\n<\/div>\n<\/div>\n<\/div>\n<div class=\"vc_row wpb_row vc_row-fluid\">\n<div class=\"wpb_column vc_column_container vc_col-sm-12\">\n<div class=\"vc_column-inner \">\n<div class=\"wpb_wrapper\">\n<div id=\"la-restauration-scolaire\" class=\"anchor\"><strong>Vous trouverez les num\u00e9ros de t\u00e9l\u00e9phone des centres de loisirs dans les pages des \u00e9coles ou sur le site de la mairie.<\/strong><\/div>\n<\/div>\n<\/div>\n<\/div>\n<div><a href=\"https:\/\/www.conflans-sainte-honorine.fr\/au-quotidien\/jeunesse-et-enfance\/activites-periscolaires-et-extrascolaires\/\">Activit\u00e9s p\u00e9riscolaires et extrascolaires &#8211; Ville de Conflans-Sainte-Honorine<\/a><\/div>\n<div class=\"wpb_column vc_column_container vc_col-sm-12\">\n<div class=\"vc_column-inner \">\n<div class=\"wpb_wrapper\">\n<div class=\"wpb_text_column wpb_content_element \">\n<div class=\"wpb_wrapper\">\n<h3>\u00a0<\/h3>\n<h3>La restauration scolaire<\/h3>\n<\/div>\n<\/div>\n<div class=\"wpb_text_column wpb_content_element \">\n<div class=\"wpb_wrapper\">\n<p>La restauration scolaire est assur\u00e9e par la ville de Conflans<br \/>Elior fournit le repas selon le principe d\u2019une restauration en liaison froide.<br \/>Un menu unique est propos\u00e9 aux enfants.<\/p>\n<p>Les parents dont les enfants pr\u00e9sentent des allergies, notamment alimentaires, ou ayant des traitements m\u00e9dicaux r\u00e9guliers, doivent contacter le Centre m\u00e9dico-scolaire de Conflans au 01 39 19 27 69 afin d\u2019\u00e9tablir un projet d\u2019accueil individualis\u00e9 (PAI).<\/p>\n<p>Les menus sont publi\u00e9s sur le site :<a href=\"https:\/\/www.conflans-sainte-honorine.fr\/au-quotidien\/jeunesse-et-enfance\/restauration-scolaire\/\">Restauration scolaire &#8211; Ville de Conflans-Sainte-Honorine<\/a><\/p>\n<p>\u00a0<\/p>\n<div class=\"wpb_text_column wpb_content_element \">\n<div class=\"wpb_wrapper\">\n<h3>L\u2019\u00e9tude surveill\u00e9e<\/h3>\n<\/div>\n<\/div>\n<div class=\"wpb_text_column wpb_content_element \">\n<div class=\"wpb_wrapper\">\n<p>Les \u00e9tudes surveill\u00e9es sont mises en place dans chaque groupe scolaire et sont r\u00e9serv\u00e9es aux \u00e9l\u00e8ves de primaire.\u00a0Les intervenants (des enseignants volontaires) assurent l\u2019encadrement afin que les enfants r\u00e9visent leurs le\u00e7ons et effectuent leurs devoirs.<\/p>\n<p>Ce forfait \u00ab\u00a0\u00e9tude surveill\u00e9e\u00a0\u00bb se r\u00e9partit comme suit\u00a0:<\/p>\n<ul>\n<li>16h30 \u00e0 17h : <strong>accueil des enfants<\/strong>\u00a0par les animateurs et prise du go\u00fbter<\/li>\n<li>17h \u00e0 18h : <strong>\u00e9tude surveill\u00e9e<\/strong><\/li>\n<li>18h : <strong>fin de l\u2019\u00e9tude et sortie<\/strong>\u00a0des enfants et\/ou accueil des enfants par les animateurs dans le cadre de l\u2019accueil p\u00e9riscolaire du soir<\/li>\n<\/ul>\n<p>Les tarifs appliqu\u00e9s d\u00e9pendent du revenu des parents et du nombre d&#8217;enfants en charge et sont d\u00e9taill\u00e9s sur cette page <a href=\"https:\/\/www.conflans-sainte-honorine.fr\/au-quotidien\/jeunesse-et-enfance\/guichet-unique-et-demarches-en-ligne\/\">D\u00e9marches Familles &amp; Tarifs &#8211; Ville de Conflans-Sainte-Honorine<\/a><\/p>\n<div class=\"wpb_text_column wpb_content_element \">\n<div class=\"wpb_wrapper\">\n<h3>\u00a0<\/h3>\n<h3>Les accueils de loisirs extrascolaires<\/h3>\n<\/div>\n<\/div>\n<div class=\"wpb_text_column wpb_content_element \">\n<div class=\"wpb_wrapper\">\n<p>Destin\u00e9s aux enfants \u00e2g\u00e9s de 3 \u00e0 12 ans, ces accueils de loisirs fonctionnent les mercredis apr\u00e8s-midi et pendant les cong\u00e9s scolaires (petites vacances et cong\u00e9s d\u2019\u00e9t\u00e9).<\/p>\n<h4>Inscriptions propos\u00e9es :<\/h4>\n<ul>\n<li><strong>Soit la journ\u00e9e compl\u00e8te :<\/strong>\n<ul>\n<li>Accueil des enfants de 7h15 \u00e0 9h<\/li>\n<li>Repas \u2013 Go\u00fbter<\/li>\n<li>D\u00e9part des enfants entre 17h et 19h<\/li>\n<\/ul>\n<\/li>\n<li><strong>Soit le matin :<\/strong>\n<ul>\n<li>Accueil des enfants de 7h15 \u00e0 9h<\/li>\n<li>Repas<\/li>\n<li>D\u00e9part des enfants entre 13h30 et 14h<\/li>\n<\/ul>\n<\/li>\n<li><strong>Soit l\u2019apr\u00e8s-midi :<\/strong>\n<ul>\n<li>Accueil des enfants de 11h30 \u00e0 12h<\/li>\n<li>Repas-Go\u00fbter<\/li>\n<li>D\u00e9part des enfants entre 17h et 19h<\/li>\n<\/ul>\n<\/li>\n<\/ul>\n<p>Les inscriptions se font \u00e0 l&#8217;avance. Pensez-y !<\/p>\n<\/div>\n<\/div>\n<\/div>\n<\/div>\n<\/div>\n<\/div>\n<\/div>\n<\/div>\n<\/div>\n<\/div>\n<\/div>\n\n\n<h3 class=\"wp-block-heading\">La r\u00e9servation en ligne<\/h3>\n\n\n\n<p> Une fois votre inscription annuelle faite, vos r\u00e9servations pour l\u2019ann\u00e9e sont indiqu\u00e9es dans votre agenda sur l&#8217;espace citoyen de la ville :<a href=\"https:\/\/www.espace-citoyens.net\/conflans-sainte-honorine\/espace-citoyens\/\">Gestion de la relation citoyen de votre ville &#8211; Accueil (espace-citoyens.net)<\/a><\/p>\n\n\n\n<p><strong>Pour la restauration scolaire et le mercredi,<\/strong>&nbsp;vous pouvez tout au long de l\u2019ann\u00e9e ajouter ou supprimer des r\u00e9servations&nbsp;<strong>7 jours avant la date concern\u00e9e<\/strong>.<\/p>\n\n\n\n<p><strong>Pour l\u2019accueil p\u00e9riscolaire matin et soir, ainsi que les \u00e9tudes surveill\u00e9es<\/strong>, vous pouvez ajouter ou supprimer&nbsp;<strong>3 jours avant la date concern\u00e9e.<\/strong><\/p>\n\n\n\n<p><strong>Si l\u2019enfant n\u2019est pas pr\u00e9sent \u00e0 l\u2019activit\u00e9 r\u00e9serv\u00e9e,<\/strong>&nbsp;elle est factur\u00e9e sauf en cas de :<\/p>\n\n\n\n<ul>\n<li>maladie justifi\u00e9e par un certificat m\u00e9dical et transmis au guichet unique place Romagn\u00e9 sous 48h (<a href=\"mailto:espace-famille-romagne@mairie-conflans.fr\">espace-famille-romagne@mairie-conflans.fr<\/a>)<\/li>\n\n\n\n<li>situation particuli\u00e8re ou cas de force majeure justifi\u00e9s par un document officiel faisant foi.<\/li>\n<\/ul>\n\n\n\n<p><strong>Si l\u2019inscription est faite trop tardivement<\/strong>&nbsp;(au-del\u00e0 de 7 jours pour la restauration scolaire et le mercredi \/ au-del\u00e0 de 3 jours pour l\u2019accueil p\u00e9riscolaire matin et soir), une p\u00e9nalit\u00e9 financi\u00e8re est appliqu\u00e9e, soit (si l\u2019inscription annuelle au service a bien \u00e9t\u00e9 faite) une majoration de 30% appliqu\u00e9e au tarif habituel de la famille.<\/p>\n\n\n\n<p>A noter que la plateforme en ligne est inaccessible pour raison de maintenance de 2h \u00e0 4h du matin.<\/p>\n\n\n\n<p>L\u2019ensemble des tarifs est indiqu\u00e9\u00a0sur le site de la Ville <a href=\"https:\/\/www.conflans-sainte-honorine.fr\/au-quotidien\/jeunesse-et-enfance\/guichet-unique-et-demarches-en-ligne\/\">D\u00e9marches Familles &amp; Tarifs &#8211; Ville de Conflans-Sainte-Honorine<\/a><\/p>\n","protected":false},"excerpt":{"rendered":"<p>L&#8217;accueil p\u00e9riscolaire \u00e0 Conflans est soumis \u00e0 des inscriptions pr\u00e9alables que vous pouvez effectuer exclusivement \u00e0 l\u2019Espace Famille de la ville. Espace famille \u2013 Guichet Unique 2, place Auguste-Romagn\u00e978700 Conflans-Sainte-Honorine Horaires\u00a0d&#8217;ouverture :Lundi, mardi, mercredi et vendredi de 9h \u00e0 12h et de 13h30 \u00e0 17h30Le jeudi de 13h30 \u00e0 17h30T\u00e9l &#8230;<\/p>\n","protected":false},"author":34,"featured_media":0,"parent":0,"menu_order":0,"comment_status":"closed","ping_status":"closed","template":"","meta":{"jetpack_post_was_ever_published":false},"jetpack_shortlink":"https:\/\/wp.me\/P91mhl-G","_links":{"self":[{"href":"https:\/\/www.fcpe78.fr\/cl\/conflans\/wp-json\/wp\/v2\/pages\/42"}],"collection":[{"href":"https:\/\/www.fcpe78.fr\/cl\/conflans\/wp-json\/wp\/v2\/pages"}],"about":[{"href":"https:\/\/www.fcpe78.fr\/cl\/conflans\/wp-json\/wp\/v2\/types\/page"}],"author":[{"embeddable":true,"href":"https:\/\/www.fcpe78.fr\/cl\/conflans\/wp-json\/wp\/v2\/users\/34"}],"replies":[{"embeddable":true,"href":"https:\/\/www.fcpe78.fr\/cl\/conflans\/wp-json\/wp\/v2\/comments?post=42"}],"version-history":[{"count":11,"href":"https:\/\/www.fcpe78.fr\/cl\/conflans\/wp-json\/wp\/v2\/pages\/42\/revisions"}],"predecessor-version":[{"id":2345,"href":"https:\/\/www.fcpe78.fr\/cl\/conflans\/wp-json\/wp\/v2\/pages\/42\/revisions\/2345"}],"wp:attachment":[{"href":"https:\/\/www.fcpe78.fr\/cl\/conflans\/wp-json\/wp\/v2\/media?parent=42"}],"curies":[{"name":"wp","href":"https:\/\/api.w.org\/{rel}","templated":true}]}}