{"id":35,"date":"2016-09-10T18:56:45","date_gmt":"2016-09-10T16:56:45","guid":{"rendered":"http:\/\/localhost\/wordpress\/?page_id=35"},"modified":"2022-10-09T13:32:54","modified_gmt":"2022-10-09T11:32:54","slug":"les-ecoles-primaires","status":"publish","type":"page","link":"https:\/\/www.fcpe78.fr\/cl\/conflans\/les-ecoles-primaires\/","title":{"rendered":"Les \u00e9coles \u00e9l\u00e9mentaires"},"content":{"rendered":"<p><img decoding=\"async\" loading=\"lazy\" class=\"alignleft size-medium wp-image-641\" src=\"https:\/\/www.fcpe78.fr\/cl\/conflans\/files\/2016\/09\/21366595_1701294609909989_5620220265550197695_o-300x200.jpg\" alt=\"\" width=\"300\" height=\"200\" srcset=\"https:\/\/www.fcpe78.fr\/cl\/conflans\/files\/2016\/09\/21366595_1701294609909989_5620220265550197695_o-300x200.jpg 300w, https:\/\/www.fcpe78.fr\/cl\/conflans\/files\/2016\/09\/21366595_1701294609909989_5620220265550197695_o-768x512.jpg 768w, https:\/\/www.fcpe78.fr\/cl\/conflans\/files\/2016\/09\/21366595_1701294609909989_5620220265550197695_o-1024x682.jpg 1024w, https:\/\/www.fcpe78.fr\/cl\/conflans\/files\/2016\/09\/21366595_1701294609909989_5620220265550197695_o-700x467.jpg 700w, https:\/\/www.fcpe78.fr\/cl\/conflans\/files\/2016\/09\/21366595_1701294609909989_5620220265550197695_o-332x221.jpg 332w, https:\/\/www.fcpe78.fr\/cl\/conflans\/files\/2016\/09\/21366595_1701294609909989_5620220265550197695_o.jpg 1772w\" sizes=\"(max-width: 300px) 100vw, 300px\" \/>La ville de Conflans-Sainte-Honorine compte 7 \u00e9coles primaires qui rassemblent plus de 2 500 \u00e9l\u00e8ves.<\/p>\n<p>Ces \u00e9coles sont r\u00e9parties dans 6 secteurs scolaires.<\/p>\n<p>Acc\u00e9der aux pages des \u00e9coles :<\/p>\n<p><strong>CHENNEVIERES <\/strong><\/p>\n<ul>\n<li><a href=\"https:\/\/www.fcpe78.fr\/cl\/conflans\/les-ecoles-maternelles\/ecole-maternelle-chennevieres\/\">ECOLE MATERNELLE CHENNEVIERES<\/a><\/li>\n<li><a href=\"https:\/\/www.fcpe78.fr\/cl\/conflans\/les-ecoles-maternelles\/ecole-maternelle-les-trois-sapins\/\">ECOLE MATERNELLE TROIS SAPINS<\/a><\/li>\n<li><a href=\"https:\/\/www.fcpe78.fr\/cl\/conflans\/ecole-elementaire-chennevieres\/\">ECOLE ELEMENTAIRE CHENNEVIERES<\/a><\/li>\n<\/ul>\n<p><strong>PLATEAU DU MOULIN<\/strong><\/p>\n<ul>\n<li><a href=\"https:\/\/www.fcpe78.fr\/cl\/conflans\/les-ecoles-maternelles\/ecole-maternelle-du-plateau-du-moulin\/\">ECOLE MATERNELLE PLATEAU DU MOULIN<\/a><\/li>\n<li><a href=\"https:\/\/www.fcpe78.fr\/cl\/conflans\/les-ecoles-maternelles\/ecole-maternelle-les-quatre-vents\/\">ECOLE MATERNELLE QUATRE VENTS<\/a><\/li>\n<li><a href=\"https:\/\/www.fcpe78.fr\/cl\/conflans\/ecole-elementaire-cotes-reverses\/\">ECOLE ELEMENTAIRE COTES REVERSES<\/a><\/li>\n<\/ul>\n<p><strong>BASSES-ROCHES<\/strong><\/p>\n<ul>\n<li><a href=\"https:\/\/www.fcpe78.fr\/cl\/conflans\/les-ecoles-maternelles\/ecole-maternelle-le-long-chemin\/\">ECOLE MATERNELLE LONG CHEMIN<\/a><\/li>\n<li><a href=\"https:\/\/www.fcpe78.fr\/cl\/conflans\/les-ecoles-maternelles\/ecole-maternelle-les-basses-roches\/\">ECOLE MATERNELLE BASSES ROCHES<\/a><\/li>\n<li><a href=\"https:\/\/www.fcpe78.fr\/cl\/conflans\/ecole-elementaire-clos-den-haut\/\">ECOLE ELEMENTAIRE CLOS D&#8217;EN HAUT<\/a><\/li>\n<\/ul>\n<p><strong>PAUL-BERT<\/strong><\/p>\n<ul>\n<li><a href=\"https:\/\/www.fcpe78.fr\/cl\/conflans\/les-ecoles-maternelles\/ecole-maternelle-du-confluent\/\">ECOLE MATERNELLE CONFLUENT<\/a><\/li>\n<li><a href=\"https:\/\/www.fcpe78.fr\/cl\/conflans\/les-ecoles-primaires\/ecole-elementaire-paul-bert\/\">ECOLE ELEMENTAIRE PAUL BERT<\/a><\/li>\n<li><a href=\"https:\/\/www.fcpe78.fr\/cl\/conflans\/les-ecoles-primaires\/ecole-elementaire-gaston-rousset\/\">ECOLE ELEMENTAIRE GASTON ROUSSET<\/a><\/li>\n<\/ul>\n<p><strong>GRANDES-TERRES<\/strong><\/p>\n<ul>\n<li><a href=\"https:\/\/www.fcpe78.fr\/cl\/conflans\/les-ecoles-maternelles\/ecole-maternelle-les-grandes-terres\/\">ECOLE MATERNELLE GRANDES TERRES<\/a><\/li>\n<li><a href=\"https:\/\/www.fcpe78.fr\/cl\/conflans\/les-ecoles-primaires\/ecole-elementaires-grandes-terres\/\">ECOLE ELEMENTAIRE GRANDES TERRES<\/a><\/li>\n<\/ul>\n<p><strong>CROIX-BLANCHE<\/strong><\/p>\n<ul>\n<li><a href=\"https:\/\/www.fcpe78.fr\/cl\/conflans\/les-ecoles-maternelles\/ecole-maternelle-croix-blanche\/\">ECOLE MATERNELLE CROIX BLANCHE<\/a><\/li>\n<li><a href=\"https:\/\/www.fcpe78.fr\/cl\/conflans\/les-ecoles-primaires\/ecole-elementaire-henri-dunant\/\">ECOLE ELEMENTAIRE HENRI DUNANT<\/a><\/li>\n<\/ul>\n","protected":false},"excerpt":{"rendered":"<p>La ville de Conflans-Sainte-Honorine compte 7 \u00e9coles primaires qui rassemblent plus de 2 500 \u00e9l\u00e8ves. Ces \u00e9coles sont r\u00e9parties dans 6 secteurs scolaires. Acc\u00e9der aux pages des \u00e9coles : CHENNEVIERES ECOLE MATERNELLE CHENNEVIERES ECOLE MATERNELLE TROIS SAPINS ECOLE ELEMENTAIRE CHENNEVIERES PLATEAU DU MOULIN ECOLE MATERNELLE PLATEAU DU MOULIN ECOLE MATERNELLE &#8230;<\/p>\n","protected":false},"author":34,"featured_media":0,"parent":0,"menu_order":0,"comment_status":"closed","ping_status":"closed","template":"","meta":{"jetpack_post_was_ever_published":false},"jetpack_shortlink":"https:\/\/wp.me\/P91mhl-z","_links":{"self":[{"href":"https:\/\/www.fcpe78.fr\/cl\/conflans\/wp-json\/wp\/v2\/pages\/35"}],"collection":[{"href":"https:\/\/www.fcpe78.fr\/cl\/conflans\/wp-json\/wp\/v2\/pages"}],"about":[{"href":"https:\/\/www.fcpe78.fr\/cl\/conflans\/wp-json\/wp\/v2\/types\/page"}],"author":[{"embeddable":true,"href":"https:\/\/www.fcpe78.fr\/cl\/conflans\/wp-json\/wp\/v2\/users\/34"}],"replies":[{"embeddable":true,"href":"https:\/\/www.fcpe78.fr\/cl\/conflans\/wp-json\/wp\/v2\/comments?post=35"}],"version-history":[{"count":9,"href":"https:\/\/www.fcpe78.fr\/cl\/conflans\/wp-json\/wp\/v2\/pages\/35\/revisions"}],"predecessor-version":[{"id":2189,"href":"https:\/\/www.fcpe78.fr\/cl\/conflans\/wp-json\/wp\/v2\/pages\/35\/revisions\/2189"}],"wp:attachment":[{"href":"https:\/\/www.fcpe78.fr\/cl\/conflans\/wp-json\/wp\/v2\/media?parent=35"}],"curies":[{"name":"wp","href":"https:\/\/api.w.org\/{rel}","templated":true}]}}