{"id":28,"date":"2016-09-10T18:55:21","date_gmt":"2016-09-10T16:55:21","guid":{"rendered":"http:\/\/localhost\/wordpress\/?page_id=28"},"modified":"2024-10-16T08:18:24","modified_gmt":"2024-10-16T06:18:24","slug":"le-conseil-local-de-conflans","status":"publish","type":"page","link":"https:\/\/www.fcpe78.fr\/cl\/conflans\/qui-sommes-nous\/le-conseil-local-de-conflans\/","title":{"rendered":"Le conseil local de Conflans"},"content":{"rendered":"<p>Pour cette ann\u00e9e 2024-2025, le bureau local compte 8 membres :<\/p>\n<ul>\n<li>Pr\u00e9sidente\u00a0: Corinne GROOTAERT<\/li>\n<li>Vice pr\u00e9sidente : Elsa PETIT-LHERONDEL<\/li>\n<li>Vice Pr\u00e9sidente : Diane DUSSUD<\/li>\n<li>Secr\u00e9taire g\u00e9n\u00e9rale : Karine CATHELINEAU<\/li>\n<li>Secr\u00e9taire g\u00e9n\u00e9rale adjointe : Isabelle FERNANDEZ-DIAZ<\/li>\n<li>Tr\u00e9sori\u00e8re : Caroline CHARRONDIERE<\/li>\n<li>Tr\u00e9sorier Adjointe : St\u00e9phanie MASSELIN<\/li>\n<\/ul>\n<p>Le bureau est donc compos\u00e9 au moins d\u2019une personne en primaire et de repr\u00e9sentants de tous les autres \u00e9tablissements secondaires.<\/p>\n<p>Une assembl\u00e9e g\u00e9n\u00e9rale, o\u00f9 tout parent est invit\u00e9 et o\u00f9 sont vot\u00e9s les rapports moral et financier, se tient chaque ann\u00e9e, pour cette ann\u00e9e elle a eu lieu le 18 septembre 2024.<\/p>\n<p>160 parents adh\u00e9rents \u00e9taient identifi\u00e9s au 18 septembre, sur la ville de Conflans. Etre adh\u00e8rent, permet de b\u00e9n\u00e9ficier notamment de formation en pr\u00e9sentiel ou \u00e0 distance sur des th\u00e9matiques telles que ; le conseil d&#8217;\u00e9cole, le conseil de classe, les conseil de discipline, &#8230;.<\/p>\n<p>pour joindre le conseil local FCPE de Conflans : <a href=\"mailto:conflans-sainte-honorine@fcpe78.fr\">conflans-sainte-honorine@fcpe78.fr<\/a><\/p>\n<p>Le conseil local dispose \u00e9galement d&#8217;un site <a href=\"https:\/\/www.facebook.com\/FCPEConflans\">Facebook<\/a> et d&#8217;une messagerie Messenger associ\u00e9e<\/p>\n","protected":false},"excerpt":{"rendered":"<p>Pour cette ann\u00e9e 2024-2025, le bureau local compte 8 membres : Pr\u00e9sidente\u00a0: Corinne GROOTAERT Vice pr\u00e9sidente : Elsa PETIT-LHERONDEL Vice Pr\u00e9sidente : Diane DUSSUD Secr\u00e9taire g\u00e9n\u00e9rale : Karine CATHELINEAU Secr\u00e9taire g\u00e9n\u00e9rale adjointe : Isabelle FERNANDEZ-DIAZ Tr\u00e9sori\u00e8re : Caroline CHARRONDIERE Tr\u00e9sorier Adjointe : St\u00e9phanie MASSELIN Le bureau est donc compos\u00e9 au &#8230;<\/p>\n","protected":false},"author":34,"featured_media":0,"parent":48,"menu_order":0,"comment_status":"closed","ping_status":"closed","template":"","meta":{"jetpack_post_was_ever_published":false},"jetpack_shortlink":"https:\/\/wp.me\/P91mhl-s","_links":{"self":[{"href":"https:\/\/www.fcpe78.fr\/cl\/conflans\/wp-json\/wp\/v2\/pages\/28"}],"collection":[{"href":"https:\/\/www.fcpe78.fr\/cl\/conflans\/wp-json\/wp\/v2\/pages"}],"about":[{"href":"https:\/\/www.fcpe78.fr\/cl\/conflans\/wp-json\/wp\/v2\/types\/page"}],"author":[{"embeddable":true,"href":"https:\/\/www.fcpe78.fr\/cl\/conflans\/wp-json\/wp\/v2\/users\/34"}],"replies":[{"embeddable":true,"href":"https:\/\/www.fcpe78.fr\/cl\/conflans\/wp-json\/wp\/v2\/comments?post=28"}],"version-history":[{"count":12,"href":"https:\/\/www.fcpe78.fr\/cl\/conflans\/wp-json\/wp\/v2\/pages\/28\/revisions"}],"predecessor-version":[{"id":2320,"href":"https:\/\/www.fcpe78.fr\/cl\/conflans\/wp-json\/wp\/v2\/pages\/28\/revisions\/2320"}],"up":[{"embeddable":true,"href":"https:\/\/www.fcpe78.fr\/cl\/conflans\/wp-json\/wp\/v2\/pages\/48"}],"wp:attachment":[{"href":"https:\/\/www.fcpe78.fr\/cl\/conflans\/wp-json\/wp\/v2\/media?parent=28"}],"curies":[{"name":"wp","href":"https:\/\/api.w.org\/{rel}","templated":true}]}}