{"id":26,"date":"2016-09-10T18:54:40","date_gmt":"2016-09-10T16:54:40","guid":{"rendered":"http:\/\/localhost\/wordpress\/?page_id=26"},"modified":"2024-10-16T08:21:44","modified_gmt":"2024-10-16T06:21:44","slug":"la-fcpe-a-conflans","status":"publish","type":"page","link":"https:\/\/www.fcpe78.fr\/cl\/conflans\/qui-sommes-nous\/la-fcpe-a-conflans\/","title":{"rendered":"La FCPE \u00e0 Conflans"},"content":{"rendered":"<p>La Ville de Conflans-Sainte-Honorine compte plus de 4 000 \u00e9l\u00e8ves r\u00e9partis au sein de 9 \u00e9coles maternelles et 7 \u00e9coles \u00e9l\u00e9mentaires.<\/p>\n<p><strong>En 2024, nous sommes plus de 160 adh\u00e9rents FCPE au sein des \u00e9coles, coll\u00e8ge et lyc\u00e9e.\u00a0 Cette ann\u00e9e, <\/strong><strong>il y avait plus de 160 si\u00e8ges \u00e0 pourvoir dans les \u00e9coles primaires, la FCPE a obtenu plus de 50 % des si\u00e8ges et des pr\u00e9sente sur tous les groupes scolaires.<\/strong><\/p>\n<p><strong>La FCPE participe\u00a0:<\/strong><\/p>\n<ul>\n<li>\u00e0 des r\u00e9unions avec l\u2019Inspection de l&#8217;Education nationale<\/li>\n<li>\u00e0 des r\u00e9unions en mairie<\/li>\n<li>\u00e0 des r\u00e9unions sur les coop\u00e9ratives scolaires o\u00f9 la FCPE est repr\u00e9sent\u00e9e par un membre dans chaque \u00e9cole,<\/li>\n<li>aux r\u00e9unions de suivi p\u00e9riscolaire,<\/li>\n<li>aux comit\u00e9s de pilotage sur la r\u00e9forme des rythmes scolaires<\/li>\n<li>aux conseils d\u2019\u00e9cole<\/li>\n<li>\u00e0 des r\u00e9unions et\/ou formation organis\u00e9es par le conseil d\u00e9partemental des parents d&#8217;\u00e9l\u00e8ves telles que la matin\u00e9e des adh\u00e9rents ou l\u2019assembl\u00e9e g\u00e9n\u00e9rale mais aussi des formations.<\/li>\n<\/ul>\n<p><strong>A Conflans, la FCPE m\u00e8ne des actions sp\u00e9cifiques\u00a0:\u00a0<\/strong><\/p>\n<ul>\n<li>Les kits de fournitures scolaires (20 kits achet\u00e9s pour 1 kit gratuit b\u00e9n\u00e9ficiant aux enfants les plus d\u00e9munis)<\/li>\n<li>Organisation de p\u00e9tition, de courrier en mairie et de manifestation contre la suppression des postes d\u2019ATSEM et contre la mise en sommeil de la CDE<\/li>\n<li>Cr\u00e9ation d\u2019une liste d\u2019entraide au sein des \u00e9coles primaire<\/li>\n<li>Caf\u00e9s des parents<\/li>\n<li>Cr\u00e9ation du CIRFE (collectif d&#8217;information et de r\u00e9flexion sur le fichage \u00e0 l&#8217;\u00e9cole)<\/li>\n<li>La mise en place d\u2019une liaison cr\u00e8che\/\u00e9cole maternelle<\/li>\n<li>D\u00e9fense de la Caisse des \u00e9coles, qui a \u00e9t\u00e9 mise en sommeil<\/li>\n<li>Cr\u00e9ation d\u2019un site Internet FCPE Conflans<\/li>\n<li>Cr\u00e9ation de pages Facebook<\/li>\n<li>Soutien \u00e0 la cr\u00e8che Babyloup avec une collecte de livres dans les \u00e9coles<\/li>\n<li>Soutien \u00e0 des familles rentrant dans le cadre de R\u00e9seau \u00e9ducation sans fronti\u00e8res<\/li>\n<li>Une collaboration avec l&#8217;association Santa Vitoria qui tente de faire vivre une \u00e9cole au Br\u00e9sil (soit par des \u00e9changes via les classes, soit par des manifestations dont les fonds iront \u00e0 cette association) <a href=\"https:\/\/associationsantavitoria.blogspot.com\/\">\u00a0https:\/\/associationsantavitoria.blogspot.com\/\u00a0<\/a><\/li>\n<\/ul>\n","protected":false},"excerpt":{"rendered":"<p>La Ville de Conflans-Sainte-Honorine compte plus de 4 000 \u00e9l\u00e8ves r\u00e9partis au sein de 9 \u00e9coles maternelles et 7 \u00e9coles \u00e9l\u00e9mentaires. En 2024, nous sommes plus de 160 adh\u00e9rents FCPE au sein des \u00e9coles, coll\u00e8ge et lyc\u00e9e.\u00a0 Cette ann\u00e9e, il y avait plus de 160 si\u00e8ges \u00e0 pourvoir dans les &#8230;<\/p>\n","protected":false},"author":34,"featured_media":0,"parent":48,"menu_order":0,"comment_status":"closed","ping_status":"closed","template":"","meta":{"jetpack_post_was_ever_published":false},"jetpack_shortlink":"https:\/\/wp.me\/P91mhl-q","_links":{"self":[{"href":"https:\/\/www.fcpe78.fr\/cl\/conflans\/wp-json\/wp\/v2\/pages\/26"}],"collection":[{"href":"https:\/\/www.fcpe78.fr\/cl\/conflans\/wp-json\/wp\/v2\/pages"}],"about":[{"href":"https:\/\/www.fcpe78.fr\/cl\/conflans\/wp-json\/wp\/v2\/types\/page"}],"author":[{"embeddable":true,"href":"https:\/\/www.fcpe78.fr\/cl\/conflans\/wp-json\/wp\/v2\/users\/34"}],"replies":[{"embeddable":true,"href":"https:\/\/www.fcpe78.fr\/cl\/conflans\/wp-json\/wp\/v2\/comments?post=26"}],"version-history":[{"count":7,"href":"https:\/\/www.fcpe78.fr\/cl\/conflans\/wp-json\/wp\/v2\/pages\/26\/revisions"}],"predecessor-version":[{"id":2322,"href":"https:\/\/www.fcpe78.fr\/cl\/conflans\/wp-json\/wp\/v2\/pages\/26\/revisions\/2322"}],"up":[{"embeddable":true,"href":"https:\/\/www.fcpe78.fr\/cl\/conflans\/wp-json\/wp\/v2\/pages\/48"}],"wp:attachment":[{"href":"https:\/\/www.fcpe78.fr\/cl\/conflans\/wp-json\/wp\/v2\/media?parent=26"}],"curies":[{"name":"wp","href":"https:\/\/api.w.org\/{rel}","templated":true}]}}