{"id":23,"date":"2016-09-10T18:53:51","date_gmt":"2016-09-10T16:53:51","guid":{"rendered":"http:\/\/localhost\/wordpress\/?page_id=23"},"modified":"2016-09-10T18:53:51","modified_gmt":"2016-09-10T16:53:51","slug":"le-role-des-parents-deleves","status":"publish","type":"page","link":"https:\/\/www.fcpe78.fr\/cl\/conflans\/qui-sommes-nous\/le-role-des-parents-deleves\/","title":{"rendered":"Le r\u00f4le des parents d&#8217;\u00e9l\u00e8ves"},"content":{"rendered":"<p><img decoding=\"async\" loading=\"lazy\" class=\"wp-image-217 size-medium alignright\" src=\"https:\/\/localhost\/wordpress\/wp-content\/uploads\/2016\/09\/rubon14-300x215.gif\" width=\"300\" height=\"215\" \/><\/p>\n<p><strong>Le r\u00f4le des repr\u00e9sentants FCPE est de porter les pr\u00e9occupations et les questions de l&#8217;ensemble des parents sur tout domaine concernant la vie et le fonctionnement de l&#8217;\u00e9cole. <\/strong><\/p>\n<p>Pour cela, ils disposent d&#8217;une bo\u00eete aux lettres et d&#8217;un panneau d&#8217;affichage. Par ailleurs leurs coordonn\u00e9es doivent \u00eatre affich\u00e9es dans un lieu accessible \u00e0 tous. Les repr\u00e9sentants peuvent \u00e9galement organiser r\u00e9unions et d\u00e9bats au sein de l&#8217;\u00e9cole \u00e0 diff\u00e9rents moments de l&#8217;ann\u00e9e scolaire.<br \/>\nEn cas de probl\u00e8me entre une famille et l&#8217;institution scolaire, les parents concern\u00e9s peuvent faire appel aux repr\u00e9sentants FCPE, pour qu&#8217;ils les assistent dans leurs d\u00e9marches et les aident \u00e0 entamer le dialogue avec les bons interlocuteurs (directeur\/trice, enseignant(e)s, inspecteur de circonscription, mairie, autorit\u00e9 acad\u00e9mique&#8230;). Les repr\u00e9sentants FCPE jouent un v\u00e9ritable r\u00f4le de m\u00e9diateur entre les parents et l&#8217;institution.<\/p>\n<p>&nbsp;<\/p>\n<p><strong>A l&#8217;\u00e9cole primaire, les repr\u00e9sentants \u00e9lus des parents si\u00e8gent au conseil d\u2019\u00e9cole qui se r\u00e9unit au moins trois fois par an.<\/strong><\/p>\n<p>Le conseil d\u2019\u00e9cole donne son avis et pr\u00e9sente toute suggestion sur le fonctionnement de l\u2019\u00e9cole et sur toutes les questions int\u00e9ressant la vie de l\u2019\u00e9cole et de la communaut\u00e9 scolaire.<\/p>\n<p>Il donne son accord sur l\u2019organisation d\u2019activit\u00e9s compl\u00e9mentaires et statue sur le projet d\u2018\u00e9cole.<\/p>\n<p><a href=\"https:\/\/www.service-public.fr\/particuliers\/vosdroits\/F1399\">En savoir plus sur le conseil d&#8217;\u00e9cole.<\/a><\/p>\n<p>&nbsp;<\/p>\n","protected":false},"excerpt":{"rendered":"<p>Le r\u00f4le des repr\u00e9sentants FCPE est de porter les pr\u00e9occupations et les questions de l&#8217;ensemble des parents sur tout domaine concernant la vie et le fonctionnement de l&#8217;\u00e9cole. Pour cela, ils disposent d&#8217;une bo\u00eete aux lettres et d&#8217;un panneau d&#8217;affichage. Par ailleurs leurs coordonn\u00e9es doivent \u00eatre affich\u00e9es dans un lieu &#8230;<\/p>\n","protected":false},"author":34,"featured_media":0,"parent":48,"menu_order":0,"comment_status":"closed","ping_status":"closed","template":"","meta":{"jetpack_post_was_ever_published":false},"jetpack_shortlink":"https:\/\/wp.me\/P91mhl-n","_links":{"self":[{"href":"https:\/\/www.fcpe78.fr\/cl\/conflans\/wp-json\/wp\/v2\/pages\/23"}],"collection":[{"href":"https:\/\/www.fcpe78.fr\/cl\/conflans\/wp-json\/wp\/v2\/pages"}],"about":[{"href":"https:\/\/www.fcpe78.fr\/cl\/conflans\/wp-json\/wp\/v2\/types\/page"}],"author":[{"embeddable":true,"href":"https:\/\/www.fcpe78.fr\/cl\/conflans\/wp-json\/wp\/v2\/users\/34"}],"replies":[{"embeddable":true,"href":"https:\/\/www.fcpe78.fr\/cl\/conflans\/wp-json\/wp\/v2\/comments?post=23"}],"version-history":[{"count":0,"href":"https:\/\/www.fcpe78.fr\/cl\/conflans\/wp-json\/wp\/v2\/pages\/23\/revisions"}],"up":[{"embeddable":true,"href":"https:\/\/www.fcpe78.fr\/cl\/conflans\/wp-json\/wp\/v2\/pages\/48"}],"wp:attachment":[{"href":"https:\/\/www.fcpe78.fr\/cl\/conflans\/wp-json\/wp\/v2\/media?parent=23"}],"curies":[{"name":"wp","href":"https:\/\/api.w.org\/{rel}","templated":true}]}}